{"id":872,"date":"2015-09-27T13:47:25","date_gmt":"2015-09-27T11:47:25","guid":{"rendered":"http:\/\/www.wraadapband.cz\/?page_id=872"},"modified":"2015-11-19T17:06:19","modified_gmt":"2015-11-19T15:06:19","slug":"metro-music-bar-brno-4-6-2012","status":"publish","type":"page","link":"https:\/\/www.wraadapband.cz\/?page_id=872","title":{"rendered":"Metro Music Bar, Brno, 4. 6. 2012"},"content":{"rendered":"\n\t\t<style type=\"text\/css\">\n\t\t\t#gallery-1 {\n\t\t\t\tmargin: auto;\n\t\t\t}\n\t\t\t#gallery-1 .gallery-item {\n\t\t\t\tfloat: left;\n\t\t\t\tmargin-top: 10px;\n\t\t\t\ttext-align: center;\n\t\t\t\twidth: 33%;\n\t\t\t}\n\t\t\t#gallery-1 img {\n\t\t\t\tborder: 2px solid #cfcfcf;\n\t\t\t}\n\t\t\t#gallery-1 .gallery-caption {\n\t\t\t\tmargin-left: 0;\n\t\t\t}\n\t\t\t\/* see gallery_shortcode() in wp-includes\/media.php *\/\n\t\t<\/style>\n\t\t<div id='gallery-1' class='gallery galleryid-872 gallery-columns-3 gallery-size-thumbnail'><dl class='gallery-item'>\n\t\t\t<dt class='gallery-icon landscape'>\n\t\t\t\t<a href='https:\/\/www.wraadapband.cz\/?attachment_id=965#main'><img loading=\"lazy\" decoding=\"async\" width=\"150\" height=\"150\" src=\"https:\/\/www.wraadapband.cz\/wp-content\/uploads\/2015\/09\/mDSC_0881-150x150.jpg\" class=\"attachment-thumbnail size-thumbnail\" alt=\"\" srcset=\"https:\/\/www.wraadapband.cz\/wp-content\/uploads\/2015\/09\/mDSC_0881-150x150.jpg 150w, https:\/\/www.wraadapband.cz\/wp-content\/uploads\/2015\/09\/mDSC_0881-200x200.jpg 200w\" sizes=\"auto, (max-width: 150px) 100vw, 150px\" \/><\/a>\n\t\t\t<\/dt><\/dl><dl class='gallery-item'>\n\t\t\t<dt class='gallery-icon landscape'>\n\t\t\t\t<a href='https:\/\/www.wraadapband.cz\/?attachment_id=874#main'><img loading=\"lazy\" decoding=\"async\" width=\"150\" height=\"150\" src=\"https:\/\/www.wraadapband.cz\/wp-content\/uploads\/2015\/09\/878-879-880-881-150x150.jpg\" class=\"attachment-thumbnail size-thumbnail\" alt=\"\" srcset=\"https:\/\/www.wraadapband.cz\/wp-content\/uploads\/2015\/09\/878-879-880-881-150x150.jpg 150w, https:\/\/www.wraadapband.cz\/wp-content\/uploads\/2015\/09\/878-879-880-881-200x200.jpg 200w\" sizes=\"auto, (max-width: 150px) 100vw, 150px\" \/><\/a>\n\t\t\t<\/dt><\/dl><dl class='gallery-item'>\n\t\t\t<dt class='gallery-icon landscape'>\n\t\t\t\t<a href='https:\/\/www.wraadapband.cz\/?attachment_id=889#main'><img loading=\"lazy\" decoding=\"async\" width=\"150\" height=\"150\" src=\"https:\/\/www.wraadapband.cz\/wp-content\/uploads\/2015\/09\/mDSC_0652-150x150.jpg\" class=\"attachment-thumbnail size-thumbnail\" alt=\"\" srcset=\"https:\/\/www.wraadapband.cz\/wp-content\/uploads\/2015\/09\/mDSC_0652-150x150.jpg 150w, https:\/\/www.wraadapband.cz\/wp-content\/uploads\/2015\/09\/mDSC_0652-200x200.jpg 200w\" sizes=\"auto, (max-width: 150px) 100vw, 150px\" \/><\/a>\n\t\t\t<\/dt><\/dl><br style=\"clear: both\" \/><dl class='gallery-item'>\n\t\t\t<dt class='gallery-icon landscape'>\n\t\t\t\t<a href='https:\/\/www.wraadapband.cz\/?attachment_id=884#main'><img loading=\"lazy\" decoding=\"async\" width=\"150\" height=\"150\" src=\"https:\/\/www.wraadapband.cz\/wp-content\/uploads\/2015\/09\/mDSC_0625-150x150.jpg\" class=\"attachment-thumbnail size-thumbnail\" alt=\"\" srcset=\"https:\/\/www.wraadapband.cz\/wp-content\/uploads\/2015\/09\/mDSC_0625-150x150.jpg 150w, https:\/\/www.wraadapband.cz\/wp-content\/uploads\/2015\/09\/mDSC_0625-200x200.jpg 200w\" sizes=\"auto, (max-width: 150px) 100vw, 150px\" \/><\/a>\n\t\t\t<\/dt><\/dl><dl class='gallery-item'>\n\t\t\t<dt class='gallery-icon landscape'>\n\t\t\t\t<a href='https:\/\/www.wraadapband.cz\/?attachment_id=886#main'><img loading=\"lazy\" decoding=\"async\" width=\"150\" height=\"150\" src=\"https:\/\/www.wraadapband.cz\/wp-content\/uploads\/2015\/09\/mDSC_0642-150x150.jpg\" class=\"attachment-thumbnail size-thumbnail\" alt=\"\" srcset=\"https:\/\/www.wraadapband.cz\/wp-content\/uploads\/2015\/09\/mDSC_0642-150x150.jpg 150w, https:\/\/www.wraadapband.cz\/wp-content\/uploads\/2015\/09\/mDSC_0642-200x200.jpg 200w\" sizes=\"auto, (max-width: 150px) 100vw, 150px\" \/><\/a>\n\t\t\t<\/dt><\/dl><dl class='gallery-item'>\n\t\t\t<dt class='gallery-icon landscape'>\n\t\t\t\t<a href='https:\/\/www.wraadapband.cz\/?attachment_id=890#main'><img loading=\"lazy\" decoding=\"async\" width=\"150\" height=\"150\" src=\"https:\/\/www.wraadapband.cz\/wp-content\/uploads\/2015\/09\/mDSC_0656-150x150.jpg\" class=\"attachment-thumbnail size-thumbnail\" alt=\"\" srcset=\"https:\/\/www.wraadapband.cz\/wp-content\/uploads\/2015\/09\/mDSC_0656-150x150.jpg 150w, https:\/\/www.wraadapband.cz\/wp-content\/uploads\/2015\/09\/mDSC_0656-200x200.jpg 200w\" sizes=\"auto, (max-width: 150px) 100vw, 150px\" \/><\/a>\n\t\t\t<\/dt><\/dl><br style=\"clear: both\" \/><dl class='gallery-item'>\n\t\t\t<dt class='gallery-icon portrait'>\n\t\t\t\t<a href='https:\/\/www.wraadapband.cz\/?attachment_id=893#main'><img loading=\"lazy\" decoding=\"async\" width=\"150\" height=\"150\" src=\"https:\/\/www.wraadapband.cz\/wp-content\/uploads\/2015\/09\/mDSC_0661-e1443354085587-150x150.jpg\" class=\"attachment-thumbnail size-thumbnail\" alt=\"\" srcset=\"https:\/\/www.wraadapband.cz\/wp-content\/uploads\/2015\/09\/mDSC_0661-e1443354085587-150x150.jpg 150w, https:\/\/www.wraadapband.cz\/wp-content\/uploads\/2015\/09\/mDSC_0661-e1443354085587-200x200.jpg 200w\" sizes=\"auto, (max-width: 150px) 100vw, 150px\" \/><\/a>\n\t\t\t<\/dt><\/dl><dl class='gallery-item'>\n\t\t\t<dt class='gallery-icon landscape'>\n\t\t\t\t<a href='https:\/\/www.wraadapband.cz\/?attachment_id=894#main'><img loading=\"lazy\" decoding=\"async\" width=\"150\" height=\"150\" src=\"https:\/\/www.wraadapband.cz\/wp-content\/uploads\/2015\/09\/mDSC_0662-150x150.jpg\" class=\"attachment-thumbnail size-thumbnail\" alt=\"\" srcset=\"https:\/\/www.wraadapband.cz\/wp-content\/uploads\/2015\/09\/mDSC_0662-150x150.jpg 150w, https:\/\/www.wraadapband.cz\/wp-content\/uploads\/2015\/09\/mDSC_0662-200x200.jpg 200w\" sizes=\"auto, (max-width: 150px) 100vw, 150px\" \/><\/a>\n\t\t\t<\/dt><\/dl><dl class='gallery-item'>\n\t\t\t<dt class='gallery-icon landscape'>\n\t\t\t\t<a href='https:\/\/www.wraadapband.cz\/?attachment_id=895#main'><img loading=\"lazy\" decoding=\"async\" width=\"150\" height=\"150\" src=\"https:\/\/www.wraadapband.cz\/wp-content\/uploads\/2015\/09\/mDSC_0664-150x150.jpg\" class=\"attachment-thumbnail size-thumbnail\" alt=\"\" srcset=\"https:\/\/www.wraadapband.cz\/wp-content\/uploads\/2015\/09\/mDSC_0664-150x150.jpg 150w, https:\/\/www.wraadapband.cz\/wp-content\/uploads\/2015\/09\/mDSC_0664-200x200.jpg 200w\" sizes=\"auto, (max-width: 150px) 100vw, 150px\" \/><\/a>\n\t\t\t<\/dt><\/dl><br style=\"clear: both\" \/><dl class='gallery-item'>\n\t\t\t<dt class='gallery-icon portrait'>\n\t\t\t\t<a href='https:\/\/www.wraadapband.cz\/?attachment_id=898#main'><img loading=\"lazy\" decoding=\"async\" width=\"150\" height=\"150\" src=\"https:\/\/www.wraadapband.cz\/wp-content\/uploads\/2015\/09\/mDSC_0675-e1443354153694-150x150.jpg\" class=\"attachment-thumbnail size-thumbnail\" alt=\"\" srcset=\"https:\/\/www.wraadapband.cz\/wp-content\/uploads\/2015\/09\/mDSC_0675-e1443354153694-150x150.jpg 150w, https:\/\/www.wraadapband.cz\/wp-content\/uploads\/2015\/09\/mDSC_0675-e1443354153694-200x200.jpg 200w\" sizes=\"auto, (max-width: 150px) 100vw, 150px\" \/><\/a>\n\t\t\t<\/dt><\/dl><dl class='gallery-item'>\n\t\t\t<dt class='gallery-icon landscape'>\n\t\t\t\t<a href='https:\/\/www.wraadapband.cz\/?attachment_id=909#main'><img loading=\"lazy\" decoding=\"async\" width=\"150\" height=\"150\" src=\"https:\/\/www.wraadapband.cz\/wp-content\/uploads\/2015\/09\/mDSC_0701-150x150.jpg\" class=\"attachment-thumbnail size-thumbnail\" alt=\"\" srcset=\"https:\/\/www.wraadapband.cz\/wp-content\/uploads\/2015\/09\/mDSC_0701-150x150.jpg 150w, https:\/\/www.wraadapband.cz\/wp-content\/uploads\/2015\/09\/mDSC_0701-200x200.jpg 200w\" sizes=\"auto, (max-width: 150px) 100vw, 150px\" \/><\/a>\n\t\t\t<\/dt><\/dl><dl class='gallery-item'>\n\t\t\t<dt class='gallery-icon landscape'>\n\t\t\t\t<a href='https:\/\/www.wraadapband.cz\/?attachment_id=911#main'><img loading=\"lazy\" decoding=\"async\" width=\"150\" height=\"150\" src=\"https:\/\/www.wraadapband.cz\/wp-content\/uploads\/2015\/09\/mDSC_0707-150x150.jpg\" class=\"attachment-thumbnail size-thumbnail\" alt=\"\" srcset=\"https:\/\/www.wraadapband.cz\/wp-content\/uploads\/2015\/09\/mDSC_0707-150x150.jpg 150w, https:\/\/www.wraadapband.cz\/wp-content\/uploads\/2015\/09\/mDSC_0707-200x200.jpg 200w\" sizes=\"auto, (max-width: 150px) 100vw, 150px\" \/><\/a>\n\t\t\t<\/dt><\/dl><br style=\"clear: both\" \/><dl class='gallery-item'>\n\t\t\t<dt class='gallery-icon landscape'>\n\t\t\t\t<a href='https:\/\/www.wraadapband.cz\/?attachment_id=913#main'><img loading=\"lazy\" decoding=\"async\" width=\"150\" height=\"150\" src=\"https:\/\/www.wraadapband.cz\/wp-content\/uploads\/2015\/09\/mDSC_0711-150x150.jpg\" class=\"attachment-thumbnail size-thumbnail\" alt=\"\" srcset=\"https:\/\/www.wraadapband.cz\/wp-content\/uploads\/2015\/09\/mDSC_0711-150x150.jpg 150w, https:\/\/www.wraadapband.cz\/wp-content\/uploads\/2015\/09\/mDSC_0711-200x200.jpg 200w\" sizes=\"auto, (max-width: 150px) 100vw, 150px\" \/><\/a>\n\t\t\t<\/dt><\/dl><dl class='gallery-item'>\n\t\t\t<dt class='gallery-icon landscape'>\n\t\t\t\t<a href='https:\/\/www.wraadapband.cz\/?attachment_id=914#main'><img loading=\"lazy\" decoding=\"async\" width=\"150\" height=\"150\" src=\"https:\/\/www.wraadapband.cz\/wp-content\/uploads\/2015\/09\/mDSC_0712-150x150.jpg\" class=\"attachment-thumbnail size-thumbnail\" alt=\"\" srcset=\"https:\/\/www.wraadapband.cz\/wp-content\/uploads\/2015\/09\/mDSC_0712-150x150.jpg 150w, https:\/\/www.wraadapband.cz\/wp-content\/uploads\/2015\/09\/mDSC_0712-200x200.jpg 200w\" sizes=\"auto, (max-width: 150px) 100vw, 150px\" \/><\/a>\n\t\t\t<\/dt><\/dl><dl class='gallery-item'>\n\t\t\t<dt class='gallery-icon landscape'>\n\t\t\t\t<a href='https:\/\/www.wraadapband.cz\/?attachment_id=915#main'><img loading=\"lazy\" decoding=\"async\" width=\"150\" height=\"150\" src=\"https:\/\/www.wraadapband.cz\/wp-content\/uploads\/2015\/09\/mDSC_0714-150x150.jpg\" class=\"attachment-thumbnail size-thumbnail\" alt=\"\" srcset=\"https:\/\/www.wraadapband.cz\/wp-content\/uploads\/2015\/09\/mDSC_0714-150x150.jpg 150w, https:\/\/www.wraadapband.cz\/wp-content\/uploads\/2015\/09\/mDSC_0714-200x200.jpg 200w\" sizes=\"auto, (max-width: 150px) 100vw, 150px\" \/><\/a>\n\t\t\t<\/dt><\/dl><br style=\"clear: both\" \/><dl class='gallery-item'>\n\t\t\t<dt class='gallery-icon landscape'>\n\t\t\t\t<a href='https:\/\/www.wraadapband.cz\/?attachment_id=912#main'><img loading=\"lazy\" decoding=\"async\" width=\"150\" height=\"150\" src=\"https:\/\/www.wraadapband.cz\/wp-content\/uploads\/2015\/09\/mDSC_0710-150x150.jpg\" class=\"attachment-thumbnail size-thumbnail\" alt=\"\" srcset=\"https:\/\/www.wraadapband.cz\/wp-content\/uploads\/2015\/09\/mDSC_0710-150x150.jpg 150w, https:\/\/www.wraadapband.cz\/wp-content\/uploads\/2015\/09\/mDSC_0710-200x200.jpg 200w\" sizes=\"auto, (max-width: 150px) 100vw, 150px\" \/><\/a>\n\t\t\t<\/dt><\/dl><dl class='gallery-item'>\n\t\t\t<dt class='gallery-icon landscape'>\n\t\t\t\t<a href='https:\/\/www.wraadapband.cz\/?attachment_id=916#main'><img loading=\"lazy\" decoding=\"async\" width=\"150\" height=\"150\" src=\"https:\/\/www.wraadapband.cz\/wp-content\/uploads\/2015\/09\/mDSC_0724-150x150.jpg\" class=\"attachment-thumbnail size-thumbnail\" alt=\"\" srcset=\"https:\/\/www.wraadapband.cz\/wp-content\/uploads\/2015\/09\/mDSC_0724-150x150.jpg 150w, https:\/\/www.wraadapband.cz\/wp-content\/uploads\/2015\/09\/mDSC_0724-200x200.jpg 200w\" sizes=\"auto, (max-width: 150px) 100vw, 150px\" \/><\/a>\n\t\t\t<\/dt><\/dl><dl class='gallery-item'>\n\t\t\t<dt class='gallery-icon landscape'>\n\t\t\t\t<a href='https:\/\/www.wraadapband.cz\/?attachment_id=917#main'><img loading=\"lazy\" decoding=\"async\" width=\"150\" height=\"150\" src=\"https:\/\/www.wraadapband.cz\/wp-content\/uploads\/2015\/09\/mDSC_0728-150x150.jpg\" class=\"attachment-thumbnail size-thumbnail\" alt=\"\" srcset=\"https:\/\/www.wraadapband.cz\/wp-content\/uploads\/2015\/09\/mDSC_0728-150x150.jpg 150w, https:\/\/www.wraadapband.cz\/wp-content\/uploads\/2015\/09\/mDSC_0728-200x200.jpg 200w\" sizes=\"auto, (max-width: 150px) 100vw, 150px\" \/><\/a>\n\t\t\t<\/dt><\/dl><br style=\"clear: both\" \/><dl class='gallery-item'>\n\t\t\t<dt class='gallery-icon landscape'>\n\t\t\t\t<a href='https:\/\/www.wraadapband.cz\/?attachment_id=921#main'><img loading=\"lazy\" decoding=\"async\" width=\"150\" height=\"150\" src=\"https:\/\/www.wraadapband.cz\/wp-content\/uploads\/2015\/09\/mDSC_0739-150x150.jpg\" class=\"attachment-thumbnail size-thumbnail\" alt=\"\" aria-describedby=\"gallery-1-921\" srcset=\"https:\/\/www.wraadapband.cz\/wp-content\/uploads\/2015\/09\/mDSC_0739-150x150.jpg 150w, https:\/\/www.wraadapband.cz\/wp-content\/uploads\/2015\/09\/mDSC_0739-200x200.jpg 200w\" sizes=\"auto, (max-width: 150px) 100vw, 150px\" \/><\/a>\n\t\t\t<\/dt>\n\t\t\t\t<dd class='wp-caption-text gallery-caption' id='gallery-1-921'>\n\t\t\t\tTereza Mare\u010dkov\u00e1, zp\u011bv\n\t\t\t\t<\/dd><\/dl><dl class='gallery-item'>\n\t\t\t<dt class='gallery-icon landscape'>\n\t\t\t\t<a href='https:\/\/www.wraadapband.cz\/?attachment_id=924#main'><img loading=\"lazy\" decoding=\"async\" width=\"150\" height=\"150\" src=\"https:\/\/www.wraadapband.cz\/wp-content\/uploads\/2015\/09\/mDSC_0747-150x150.jpg\" class=\"attachment-thumbnail size-thumbnail\" alt=\"\" srcset=\"https:\/\/www.wraadapband.cz\/wp-content\/uploads\/2015\/09\/mDSC_0747-150x150.jpg 150w, https:\/\/www.wraadapband.cz\/wp-content\/uploads\/2015\/09\/mDSC_0747-200x200.jpg 200w\" sizes=\"auto, (max-width: 150px) 100vw, 150px\" \/><\/a>\n\t\t\t<\/dt><\/dl><dl class='gallery-item'>\n\t\t\t<dt class='gallery-icon landscape'>\n\t\t\t\t<a href='https:\/\/www.wraadapband.cz\/?attachment_id=927#main'><img loading=\"lazy\" decoding=\"async\" width=\"150\" height=\"150\" src=\"https:\/\/www.wraadapband.cz\/wp-content\/uploads\/2015\/09\/mDSC_0755-150x150.jpg\" class=\"attachment-thumbnail size-thumbnail\" alt=\"\" srcset=\"https:\/\/www.wraadapband.cz\/wp-content\/uploads\/2015\/09\/mDSC_0755-150x150.jpg 150w, https:\/\/www.wraadapband.cz\/wp-content\/uploads\/2015\/09\/mDSC_0755-200x200.jpg 200w\" sizes=\"auto, (max-width: 150px) 100vw, 150px\" \/><\/a>\n\t\t\t<\/dt><\/dl><br style=\"clear: both\" \/><dl class='gallery-item'>\n\t\t\t<dt class='gallery-icon portrait'>\n\t\t\t\t<a href='https:\/\/www.wraadapband.cz\/?attachment_id=930#main'><img loading=\"lazy\" decoding=\"async\" width=\"150\" height=\"150\" src=\"https:\/\/www.wraadapband.cz\/wp-content\/uploads\/2015\/09\/mDSC_0771-e1443354246971-150x150.jpg\" class=\"attachment-thumbnail size-thumbnail\" alt=\"\" srcset=\"https:\/\/www.wraadapband.cz\/wp-content\/uploads\/2015\/09\/mDSC_0771-e1443354246971-150x150.jpg 150w, https:\/\/www.wraadapband.cz\/wp-content\/uploads\/2015\/09\/mDSC_0771-e1443354246971-200x200.jpg 200w\" sizes=\"auto, (max-width: 150px) 100vw, 150px\" \/><\/a>\n\t\t\t<\/dt><\/dl><dl class='gallery-item'>\n\t\t\t<dt class='gallery-icon landscape'>\n\t\t\t\t<a href='https:\/\/www.wraadapband.cz\/?attachment_id=932#main'><img loading=\"lazy\" decoding=\"async\" width=\"150\" height=\"150\" src=\"https:\/\/www.wraadapband.cz\/wp-content\/uploads\/2015\/09\/mDSC_0786-150x150.jpg\" class=\"attachment-thumbnail size-thumbnail\" alt=\"\" srcset=\"https:\/\/www.wraadapband.cz\/wp-content\/uploads\/2015\/09\/mDSC_0786-150x150.jpg 150w, https:\/\/www.wraadapband.cz\/wp-content\/uploads\/2015\/09\/mDSC_0786-200x200.jpg 200w\" sizes=\"auto, (max-width: 150px) 100vw, 150px\" \/><\/a>\n\t\t\t<\/dt><\/dl><dl class='gallery-item'>\n\t\t\t<dt class='gallery-icon landscape'>\n\t\t\t\t<a href='https:\/\/www.wraadapband.cz\/?attachment_id=933#main'><img loading=\"lazy\" decoding=\"async\" width=\"150\" height=\"150\" src=\"https:\/\/www.wraadapband.cz\/wp-content\/uploads\/2015\/09\/mDSC_0789-150x150.jpg\" class=\"attachment-thumbnail size-thumbnail\" alt=\"\" srcset=\"https:\/\/www.wraadapband.cz\/wp-content\/uploads\/2015\/09\/mDSC_0789-150x150.jpg 150w, https:\/\/www.wraadapband.cz\/wp-content\/uploads\/2015\/09\/mDSC_0789-200x200.jpg 200w\" sizes=\"auto, (max-width: 150px) 100vw, 150px\" \/><\/a>\n\t\t\t<\/dt><\/dl><br style=\"clear: both\" \/><dl class='gallery-item'>\n\t\t\t<dt class='gallery-icon landscape'>\n\t\t\t\t<a href='https:\/\/www.wraadapband.cz\/?attachment_id=935#main'><img loading=\"lazy\" decoding=\"async\" width=\"150\" height=\"150\" src=\"https:\/\/www.wraadapband.cz\/wp-content\/uploads\/2015\/09\/mDSC_0795-150x150.jpg\" class=\"attachment-thumbnail size-thumbnail\" alt=\"\" srcset=\"https:\/\/www.wraadapband.cz\/wp-content\/uploads\/2015\/09\/mDSC_0795-150x150.jpg 150w, https:\/\/www.wraadapband.cz\/wp-content\/uploads\/2015\/09\/mDSC_0795-200x200.jpg 200w\" sizes=\"auto, (max-width: 150px) 100vw, 150px\" \/><\/a>\n\t\t\t<\/dt><\/dl><dl class='gallery-item'>\n\t\t\t<dt class='gallery-icon landscape'>\n\t\t\t\t<a href='https:\/\/www.wraadapband.cz\/?attachment_id=940#main'><img loading=\"lazy\" decoding=\"async\" width=\"150\" height=\"150\" src=\"https:\/\/www.wraadapband.cz\/wp-content\/uploads\/2015\/09\/mDSC_0805-150x150.jpg\" class=\"attachment-thumbnail size-thumbnail\" alt=\"\" srcset=\"https:\/\/www.wraadapband.cz\/wp-content\/uploads\/2015\/09\/mDSC_0805-150x150.jpg 150w, https:\/\/www.wraadapband.cz\/wp-content\/uploads\/2015\/09\/mDSC_0805-200x200.jpg 200w\" sizes=\"auto, (max-width: 150px) 100vw, 150px\" \/><\/a>\n\t\t\t<\/dt><\/dl><dl class='gallery-item'>\n\t\t\t<dt class='gallery-icon portrait'>\n\t\t\t\t<a href='https:\/\/www.wraadapband.cz\/?attachment_id=941#main'><img loading=\"lazy\" decoding=\"async\" width=\"150\" height=\"150\" src=\"https:\/\/www.wraadapband.cz\/wp-content\/uploads\/2015\/09\/mDSC_0811-e1443354015279-150x150.jpg\" class=\"attachment-thumbnail size-thumbnail\" alt=\"\" srcset=\"https:\/\/www.wraadapband.cz\/wp-content\/uploads\/2015\/09\/mDSC_0811-e1443354015279-150x150.jpg 150w, https:\/\/www.wraadapband.cz\/wp-content\/uploads\/2015\/09\/mDSC_0811-e1443354015279-200x200.jpg 200w\" sizes=\"auto, (max-width: 150px) 100vw, 150px\" \/><\/a>\n\t\t\t<\/dt><\/dl><br style=\"clear: both\" \/><dl class='gallery-item'>\n\t\t\t<dt class='gallery-icon portrait'>\n\t\t\t\t<a href='https:\/\/www.wraadapband.cz\/?attachment_id=943#main'><img loading=\"lazy\" decoding=\"async\" width=\"150\" height=\"150\" src=\"https:\/\/www.wraadapband.cz\/wp-content\/uploads\/2015\/09\/mDSC_0823-e1443353991823-150x150.jpg\" class=\"attachment-thumbnail size-thumbnail\" alt=\"\" srcset=\"https:\/\/www.wraadapband.cz\/wp-content\/uploads\/2015\/09\/mDSC_0823-e1443353991823-150x150.jpg 150w, https:\/\/www.wraadapband.cz\/wp-content\/uploads\/2015\/09\/mDSC_0823-e1443353991823-200x200.jpg 200w\" sizes=\"auto, (max-width: 150px) 100vw, 150px\" \/><\/a>\n\t\t\t<\/dt><\/dl><dl class='gallery-item'>\n\t\t\t<dt class='gallery-icon landscape'>\n\t\t\t\t<a href='https:\/\/www.wraadapband.cz\/?attachment_id=944#main'><img loading=\"lazy\" decoding=\"async\" width=\"150\" height=\"150\" src=\"https:\/\/www.wraadapband.cz\/wp-content\/uploads\/2015\/09\/mDSC_0826-150x150.jpg\" class=\"attachment-thumbnail size-thumbnail\" alt=\"\" srcset=\"https:\/\/www.wraadapband.cz\/wp-content\/uploads\/2015\/09\/mDSC_0826-150x150.jpg 150w, https:\/\/www.wraadapband.cz\/wp-content\/uploads\/2015\/09\/mDSC_0826-200x200.jpg 200w\" sizes=\"auto, (max-width: 150px) 100vw, 150px\" \/><\/a>\n\t\t\t<\/dt><\/dl><dl class='gallery-item'>\n\t\t\t<dt class='gallery-icon landscape'>\n\t\t\t\t<a href='https:\/\/www.wraadapband.cz\/?attachment_id=945#main'><img loading=\"lazy\" decoding=\"async\" width=\"150\" height=\"150\" src=\"https:\/\/www.wraadapband.cz\/wp-content\/uploads\/2015\/09\/mDSC_0829-150x150.jpg\" class=\"attachment-thumbnail size-thumbnail\" alt=\"\" srcset=\"https:\/\/www.wraadapband.cz\/wp-content\/uploads\/2015\/09\/mDSC_0829-150x150.jpg 150w, https:\/\/www.wraadapband.cz\/wp-content\/uploads\/2015\/09\/mDSC_0829-200x200.jpg 200w\" sizes=\"auto, (max-width: 150px) 100vw, 150px\" \/><\/a>\n\t\t\t<\/dt><\/dl><br style=\"clear: both\" \/><dl class='gallery-item'>\n\t\t\t<dt class='gallery-icon landscape'>\n\t\t\t\t<a href='https:\/\/www.wraadapband.cz\/?attachment_id=949#main'><img loading=\"lazy\" decoding=\"async\" width=\"150\" height=\"150\" src=\"https:\/\/www.wraadapband.cz\/wp-content\/uploads\/2015\/09\/mDSC_0839-150x150.jpg\" class=\"attachment-thumbnail size-thumbnail\" alt=\"\" srcset=\"https:\/\/www.wraadapband.cz\/wp-content\/uploads\/2015\/09\/mDSC_0839-150x150.jpg 150w, https:\/\/www.wraadapband.cz\/wp-content\/uploads\/2015\/09\/mDSC_0839-200x200.jpg 200w\" sizes=\"auto, (max-width: 150px) 100vw, 150px\" \/><\/a>\n\t\t\t<\/dt><\/dl><dl class='gallery-item'>\n\t\t\t<dt class='gallery-icon landscape'>\n\t\t\t\t<a href='https:\/\/www.wraadapband.cz\/?attachment_id=952#main'><img loading=\"lazy\" decoding=\"async\" width=\"150\" height=\"150\" src=\"https:\/\/www.wraadapband.cz\/wp-content\/uploads\/2015\/09\/mDSC_0844-150x150.jpg\" class=\"attachment-thumbnail size-thumbnail\" alt=\"\" srcset=\"https:\/\/www.wraadapband.cz\/wp-content\/uploads\/2015\/09\/mDSC_0844-150x150.jpg 150w, https:\/\/www.wraadapband.cz\/wp-content\/uploads\/2015\/09\/mDSC_0844-200x200.jpg 200w\" sizes=\"auto, (max-width: 150px) 100vw, 150px\" \/><\/a>\n\t\t\t<\/dt><\/dl><dl class='gallery-item'>\n\t\t\t<dt class='gallery-icon portrait'>\n\t\t\t\t<a href='https:\/\/www.wraadapband.cz\/?attachment_id=953#main'><img loading=\"lazy\" decoding=\"async\" width=\"150\" height=\"150\" src=\"https:\/\/www.wraadapband.cz\/wp-content\/uploads\/2015\/09\/mDSC_0846-e1443353898608-150x150.jpg\" class=\"attachment-thumbnail size-thumbnail\" alt=\"\" srcset=\"https:\/\/www.wraadapband.cz\/wp-content\/uploads\/2015\/09\/mDSC_0846-e1443353898608-150x150.jpg 150w, https:\/\/www.wraadapband.cz\/wp-content\/uploads\/2015\/09\/mDSC_0846-e1443353898608-200x200.jpg 200w\" sizes=\"auto, (max-width: 150px) 100vw, 150px\" \/><\/a>\n\t\t\t<\/dt><\/dl><br style=\"clear: both\" \/>\n\t\t<\/div>\n\n","protected":false},"excerpt":{"rendered":"","protected":false},"author":2,"featured_media":0,"parent":194,"menu_order":0,"comment_status":"open","ping_status":"closed","template":"","meta":{"footnotes":""},"class_list":["post-872","page","type-page","status-publish","hentry"],"_links":{"self":[{"href":"https:\/\/www.wraadapband.cz\/index.php?rest_route=\/wp\/v2\/pages\/872","targetHints":{"allow":["GET"]}}],"collection":[{"href":"https:\/\/www.wraadapband.cz\/index.php?rest_route=\/wp\/v2\/pages"}],"about":[{"href":"https:\/\/www.wraadapband.cz\/index.php?rest_route=\/wp\/v2\/types\/page"}],"author":[{"embeddable":true,"href":"https:\/\/www.wraadapband.cz\/index.php?rest_route=\/wp\/v2\/users\/2"}],"replies":[{"embeddable":true,"href":"https:\/\/www.wraadapband.cz\/index.php?rest_route=%2Fwp%2Fv2%2Fcomments&post=872"}],"version-history":[{"count":2,"href":"https:\/\/www.wraadapband.cz\/index.php?rest_route=\/wp\/v2\/pages\/872\/revisions"}],"predecessor-version":[{"id":1523,"href":"https:\/\/www.wraadapband.cz\/index.php?rest_route=\/wp\/v2\/pages\/872\/revisions\/1523"}],"up":[{"embeddable":true,"href":"https:\/\/www.wraadapband.cz\/index.php?rest_route=\/wp\/v2\/pages\/194"}],"wp:attachment":[{"href":"https:\/\/www.wraadapband.cz\/index.php?rest_route=%2Fwp%2Fv2%2Fmedia&parent=872"}],"curies":[{"name":"wp","href":"https:\/\/api.w.org\/{rel}","templated":true}]}}