{"id":568,"date":"2015-09-02T22:11:39","date_gmt":"2015-09-02T20:11:39","guid":{"rendered":"http:\/\/www.wraadapband.cz\/?page_id=568"},"modified":"2015-11-19T17:06:59","modified_gmt":"2015-11-19T15:06:59","slug":"prihranicni-slavnosti-sady-narodniho-odboje-brno-30-4-2012","status":"publish","type":"page","link":"https:\/\/www.wraadapband.cz\/?page_id=568","title":{"rendered":"P\u0159\u00edhrani\u010dn\u00ed slavnosti, Sady N\u00e1rodn\u00edho odboje, Brno, 30. 4. 2013"},"content":{"rendered":"\n\t\t<style type=\"text\/css\">\n\t\t\t#gallery-1 {\n\t\t\t\tmargin: auto;\n\t\t\t}\n\t\t\t#gallery-1 .gallery-item {\n\t\t\t\tfloat: left;\n\t\t\t\tmargin-top: 10px;\n\t\t\t\ttext-align: center;\n\t\t\t\twidth: 33%;\n\t\t\t}\n\t\t\t#gallery-1 img {\n\t\t\t\tborder: 2px solid #cfcfcf;\n\t\t\t}\n\t\t\t#gallery-1 .gallery-caption {\n\t\t\t\tmargin-left: 0;\n\t\t\t}\n\t\t\t\/* see gallery_shortcode() in wp-includes\/media.php *\/\n\t\t<\/style>\n\t\t<div id='gallery-1' class='gallery galleryid-568 gallery-columns-3 gallery-size-thumbnail'><dl class='gallery-item'>\n\t\t\t<dt class='gallery-icon portrait'>\n\t\t\t\t<a href='https:\/\/www.wraadapband.cz\/?attachment_id=968#main'><img loading=\"lazy\" decoding=\"async\" width=\"150\" height=\"150\" src=\"https:\/\/www.wraadapband.cz\/wp-content\/uploads\/2015\/09\/2013b_WDBper001-150x150.jpg\" class=\"attachment-thumbnail size-thumbnail\" alt=\"\" srcset=\"https:\/\/www.wraadapband.cz\/wp-content\/uploads\/2015\/09\/2013b_WDBper001-150x150.jpg 150w, https:\/\/www.wraadapband.cz\/wp-content\/uploads\/2015\/09\/2013b_WDBper001-200x200.jpg 200w\" sizes=\"auto, (max-width: 150px) 100vw, 150px\" \/><\/a>\n\t\t\t<\/dt><\/dl><dl class='gallery-item'>\n\t\t\t<dt class='gallery-icon landscape'>\n\t\t\t\t<a href='https:\/\/www.wraadapband.cz\/?attachment_id=985#main'><img loading=\"lazy\" decoding=\"async\" width=\"150\" height=\"150\" src=\"https:\/\/www.wraadapband.cz\/wp-content\/uploads\/2015\/09\/2013b_WDBper017-150x150.jpg\" class=\"attachment-thumbnail size-thumbnail\" alt=\"\" srcset=\"https:\/\/www.wraadapband.cz\/wp-content\/uploads\/2015\/09\/2013b_WDBper017-150x150.jpg 150w, https:\/\/www.wraadapband.cz\/wp-content\/uploads\/2015\/09\/2013b_WDBper017-200x200.jpg 200w\" sizes=\"auto, (max-width: 150px) 100vw, 150px\" \/><\/a>\n\t\t\t<\/dt><\/dl><dl class='gallery-item'>\n\t\t\t<dt class='gallery-icon landscape'>\n\t\t\t\t<a href='https:\/\/www.wraadapband.cz\/?attachment_id=986#main'><img loading=\"lazy\" decoding=\"async\" width=\"150\" height=\"150\" src=\"https:\/\/www.wraadapband.cz\/wp-content\/uploads\/2015\/09\/2013b_WDBper018-150x150.jpg\" class=\"attachment-thumbnail size-thumbnail\" alt=\"\" srcset=\"https:\/\/www.wraadapband.cz\/wp-content\/uploads\/2015\/09\/2013b_WDBper018-150x150.jpg 150w, https:\/\/www.wraadapband.cz\/wp-content\/uploads\/2015\/09\/2013b_WDBper018-200x200.jpg 200w\" sizes=\"auto, (max-width: 150px) 100vw, 150px\" \/><\/a>\n\t\t\t<\/dt><\/dl><br style=\"clear: both\" \/><dl class='gallery-item'>\n\t\t\t<dt class='gallery-icon portrait'>\n\t\t\t\t<a href='https:\/\/www.wraadapband.cz\/?attachment_id=994#main'><img loading=\"lazy\" decoding=\"async\" width=\"150\" height=\"150\" src=\"https:\/\/www.wraadapband.cz\/wp-content\/uploads\/2015\/09\/2013b_WDBper026-150x150.jpg\" class=\"attachment-thumbnail size-thumbnail\" alt=\"\" srcset=\"https:\/\/www.wraadapband.cz\/wp-content\/uploads\/2015\/09\/2013b_WDBper026-150x150.jpg 150w, https:\/\/www.wraadapband.cz\/wp-content\/uploads\/2015\/09\/2013b_WDBper026-200x200.jpg 200w\" sizes=\"auto, (max-width: 150px) 100vw, 150px\" \/><\/a>\n\t\t\t<\/dt><\/dl><dl class='gallery-item'>\n\t\t\t<dt class='gallery-icon landscape'>\n\t\t\t\t<a href='https:\/\/www.wraadapband.cz\/?attachment_id=1002#main'><img loading=\"lazy\" decoding=\"async\" width=\"150\" height=\"150\" src=\"https:\/\/www.wraadapband.cz\/wp-content\/uploads\/2015\/09\/2013b_WDBper034-150x150.jpg\" class=\"attachment-thumbnail size-thumbnail\" alt=\"\" srcset=\"https:\/\/www.wraadapband.cz\/wp-content\/uploads\/2015\/09\/2013b_WDBper034-150x150.jpg 150w, https:\/\/www.wraadapband.cz\/wp-content\/uploads\/2015\/09\/2013b_WDBper034-200x200.jpg 200w\" sizes=\"auto, (max-width: 150px) 100vw, 150px\" \/><\/a>\n\t\t\t<\/dt><\/dl><dl class='gallery-item'>\n\t\t\t<dt class='gallery-icon landscape'>\n\t\t\t\t<a href='https:\/\/www.wraadapband.cz\/?attachment_id=1004#main'><img loading=\"lazy\" decoding=\"async\" width=\"150\" height=\"150\" src=\"https:\/\/www.wraadapband.cz\/wp-content\/uploads\/2015\/09\/2013b_WDBper036-150x150.jpg\" class=\"attachment-thumbnail size-thumbnail\" alt=\"\" srcset=\"https:\/\/www.wraadapband.cz\/wp-content\/uploads\/2015\/09\/2013b_WDBper036-150x150.jpg 150w, https:\/\/www.wraadapband.cz\/wp-content\/uploads\/2015\/09\/2013b_WDBper036-200x200.jpg 200w\" sizes=\"auto, (max-width: 150px) 100vw, 150px\" \/><\/a>\n\t\t\t<\/dt><\/dl><br style=\"clear: both\" \/><dl class='gallery-item'>\n\t\t\t<dt class='gallery-icon landscape'>\n\t\t\t\t<a href='https:\/\/www.wraadapband.cz\/?attachment_id=1006#main'><img loading=\"lazy\" decoding=\"async\" width=\"150\" height=\"150\" src=\"https:\/\/www.wraadapband.cz\/wp-content\/uploads\/2015\/09\/2013b_WDBper038-150x150.jpg\" class=\"attachment-thumbnail size-thumbnail\" alt=\"\" srcset=\"https:\/\/www.wraadapband.cz\/wp-content\/uploads\/2015\/09\/2013b_WDBper038-150x150.jpg 150w, https:\/\/www.wraadapband.cz\/wp-content\/uploads\/2015\/09\/2013b_WDBper038-200x200.jpg 200w\" sizes=\"auto, (max-width: 150px) 100vw, 150px\" \/><\/a>\n\t\t\t<\/dt><\/dl><dl class='gallery-item'>\n\t\t\t<dt class='gallery-icon landscape'>\n\t\t\t\t<a href='https:\/\/www.wraadapband.cz\/?attachment_id=1007#main'><img loading=\"lazy\" decoding=\"async\" width=\"150\" height=\"150\" src=\"https:\/\/www.wraadapband.cz\/wp-content\/uploads\/2015\/09\/2013b_WDBper039-150x150.jpg\" class=\"attachment-thumbnail size-thumbnail\" alt=\"\" srcset=\"https:\/\/www.wraadapband.cz\/wp-content\/uploads\/2015\/09\/2013b_WDBper039-150x150.jpg 150w, https:\/\/www.wraadapband.cz\/wp-content\/uploads\/2015\/09\/2013b_WDBper039-200x200.jpg 200w\" sizes=\"auto, (max-width: 150px) 100vw, 150px\" \/><\/a>\n\t\t\t<\/dt><\/dl>\n\t\t\t<br style='clear: both' \/>\n\t\t<\/div>\n\n","protected":false},"excerpt":{"rendered":"","protected":false},"author":2,"featured_media":0,"parent":194,"menu_order":0,"comment_status":"closed","ping_status":"closed","template":"","meta":{"footnotes":""},"class_list":["post-568","page","type-page","status-publish","hentry"],"_links":{"self":[{"href":"https:\/\/www.wraadapband.cz\/index.php?rest_route=\/wp\/v2\/pages\/568","targetHints":{"allow":["GET"]}}],"collection":[{"href":"https:\/\/www.wraadapband.cz\/index.php?rest_route=\/wp\/v2\/pages"}],"about":[{"href":"https:\/\/www.wraadapband.cz\/index.php?rest_route=\/wp\/v2\/types\/page"}],"author":[{"embeddable":true,"href":"https:\/\/www.wraadapband.cz\/index.php?rest_route=\/wp\/v2\/users\/2"}],"replies":[{"embeddable":true,"href":"https:\/\/www.wraadapband.cz\/index.php?rest_route=%2Fwp%2Fv2%2Fcomments&post=568"}],"version-history":[{"count":6,"href":"https:\/\/www.wraadapband.cz\/index.php?rest_route=\/wp\/v2\/pages\/568\/revisions"}],"predecessor-version":[{"id":1525,"href":"https:\/\/www.wraadapband.cz\/index.php?rest_route=\/wp\/v2\/pages\/568\/revisions\/1525"}],"up":[{"embeddable":true,"href":"https:\/\/www.wraadapband.cz\/index.php?rest_route=\/wp\/v2\/pages\/194"}],"wp:attachment":[{"href":"https:\/\/www.wraadapband.cz\/index.php?rest_route=%2Fwp%2Fv2%2Fmedia&parent=568"}],"curies":[{"name":"wp","href":"https:\/\/api.w.org\/{rel}","templated":true}]}}