{"id":335,"date":"2015-07-13T08:53:35","date_gmt":"2015-07-13T06:53:35","guid":{"rendered":"http:\/\/www.wraadapband.cz\/?page_id=335"},"modified":"2015-09-02T21:59:47","modified_gmt":"2015-09-02T19:59:47","slug":"proc-wraadap-band","status":"publish","type":"page","link":"https:\/\/www.wraadapband.cz\/?page_id=335","title":{"rendered":"PRO\u010c WRAADAP BAND?"},"content":{"rendered":"<p>Rozhodli jsme se jednou prov\u017edy objasnit jm\u00e9no na\u0161eho orchestru. To jm\u00e9no, kter\u00e9 nikdo nev\u00ed, jak vyslovit \u010di napsat, ba i zku\u0161en\u00e9mu etymologovi vytvo\u0159\u00ed p\u00e1r vr\u00e1sek na \u010dele.<\/p>\n<p>Vytvo\u0159ili jsme proto komiks, kter\u00fd zachycuje v\u00edce ne\u017e \u010dasto opakovanou situaci na na\u0161ich pravideln\u00fdch zkou\u0161k\u00e1ch. Douf\u00e1me, \u017ee v\u00e1s pobav\u00ed a z\u00e1rove\u0148 objasn\u00ed, pro\u010d WraaDap Band [vr\u00e1dap bend].<\/p>\n<p><a href=\"https:\/\/www.wraadapband.cz\/wp-content\/uploads\/2015\/07\/WDB_komiks_1_final.png\"><img loading=\"lazy\" decoding=\"async\" class=\"alignnone wp-image-457 size-large\" src=\"https:\/\/www.wraadapband.cz\/wp-content\/uploads\/2015\/07\/WDB_komiks_1_final-934x1024.png\" alt=\"WDB_komiks_1_final\" width=\"780\" height=\"855\" srcset=\"https:\/\/www.wraadapband.cz\/wp-content\/uploads\/2015\/07\/WDB_komiks_1_final-934x1024.png 934w, https:\/\/www.wraadapband.cz\/wp-content\/uploads\/2015\/07\/WDB_komiks_1_final-274x300.png 274w, https:\/\/www.wraadapband.cz\/wp-content\/uploads\/2015\/07\/WDB_komiks_1_final.png 1314w\" sizes=\"auto, (max-width: 780px) 100vw, 780px\" \/><\/a><\/p>\n","protected":false},"excerpt":{"rendered":"<p>Rozhodli jsme se jednou prov\u017edy objasnit jm\u00e9no na\u0161eho orchestru. To jm\u00e9no, kter\u00e9 nikdo nev\u00ed, jak vyslovit \u010di napsat, ba i zku\u0161en\u00e9mu etymologovi vytvo\u0159\u00ed p\u00e1r vr\u00e1sek na \u010dele. Vytvo\u0159ili jsme proto komiks, kter\u00fd zachycuje v\u00edce ne\u017e \u010dasto opakovanou situaci na na\u0161ich pravideln\u00fdch zkou\u0161k\u00e1ch. Douf\u00e1me, \u017ee v\u00e1s pobav\u00ed a z\u00e1rove\u0148 objasn\u00ed, pro\u010d WraaDap Band [vr\u00e1dap bend].<\/p>\n","protected":false},"author":2,"featured_media":0,"parent":0,"menu_order":0,"comment_status":"closed","ping_status":"closed","template":"","meta":{"footnotes":""},"class_list":["post-335","page","type-page","status-publish","hentry"],"_links":{"self":[{"href":"https:\/\/www.wraadapband.cz\/index.php?rest_route=\/wp\/v2\/pages\/335","targetHints":{"allow":["GET"]}}],"collection":[{"href":"https:\/\/www.wraadapband.cz\/index.php?rest_route=\/wp\/v2\/pages"}],"about":[{"href":"https:\/\/www.wraadapband.cz\/index.php?rest_route=\/wp\/v2\/types\/page"}],"author":[{"embeddable":true,"href":"https:\/\/www.wraadapband.cz\/index.php?rest_route=\/wp\/v2\/users\/2"}],"replies":[{"embeddable":true,"href":"https:\/\/www.wraadapband.cz\/index.php?rest_route=%2Fwp%2Fv2%2Fcomments&post=335"}],"version-history":[{"count":6,"href":"https:\/\/www.wraadapband.cz\/index.php?rest_route=\/wp\/v2\/pages\/335\/revisions"}],"predecessor-version":[{"id":613,"href":"https:\/\/www.wraadapband.cz\/index.php?rest_route=\/wp\/v2\/pages\/335\/revisions\/613"}],"wp:attachment":[{"href":"https:\/\/www.wraadapband.cz\/index.php?rest_route=%2Fwp%2Fv2%2Fmedia&parent=335"}],"curies":[{"name":"wp","href":"https:\/\/api.w.org\/{rel}","templated":true}]}}