{"id":2990,"date":"2025-02-07T16:03:00","date_gmt":"2025-02-07T15:03:00","guid":{"rendered":"https:\/\/www.wraadapband.cz\/?page_id=2990"},"modified":"2026-01-08T13:31:37","modified_gmt":"2026-01-08T12:31:37","slug":"petr-kotis-2024-soucanost","status":"publish","type":"page","link":"https:\/\/www.wraadapband.cz\/?page_id=2990","title":{"rendered":"PETR KOTI\u0160 (2024 &#8211; sou\u010danost)"},"content":{"rendered":"\n<p>Petr za\u010d\u00ednal jako klarinetista ovlivn\u011bn\u00fd legend\u00e1rn\u00edm orchestrem Gustava Broma. Postupn\u011b se jeho cesta ub\u00edrala k fagotu, kter\u00fd vystudoval na hudebn\u00ed konzervato\u0159i, a\u017e nakonec zakotvil u saxofonu \u2013 n\u00e1stroje, kter\u00fd ho prov\u00e1z\u00ed dodnes.<\/p>\n\n\n\n<p>Petr m\u00e1 bohat\u00e9 hudebn\u00ed zku\u0161enosti. P\u016fsobil jako solofagotista v Sarajevo orchestra a Montenegro r\u00e1dio orchestr. Aktu\u00e1ln\u011b hraje s brn\u011bnskou kapelou The People, SW band, Jazzarchiv Brno a spolupracuje s hudebn\u00edm uskupen\u00edm Ukulele Troublemakers a Filharmon\u00ed Brno. Je tak\u00e9 pedagogem na ZU\u0160 V\u00edt\u011bzslavy Kapr\u00e1lov\u00e9, ZU\u0160 Orchidea a Akademie Pedagogiky. Spolupr\u00e1ce s hv\u011bzdami \u010desk\u00e9 hudebn\u00ed sc\u00e9ny Felix Slov\u00e1\u010dek, Moondance Orchestra, Jan Smigm\u00e1tor nebo Ji\u0159\u00ed Korn \u2013 to jsou jen n\u011bkte\u0159\u00ed z um\u011blc\u016f, se kter\u00fdmi m\u011bl tu \u010dest vystupovat.<\/p>\n\n\n\n<p>Co chyst\u00e1 ve WraaDap Bandu?\u201eM\u00e1m velk\u00e9 ambice. Chci do kapely p\u0159in\u00e9st nov\u00fd el\u00e1n a posunout u\u017e tak dobr\u00e9 z\u00e1klady je\u0161t\u011b d\u00e1l!\u201c \u0159\u00edk\u00e1 n\u00e1\u0161 nov\u00fd kapeln\u00edk. A my se t\u011b\u0161\u00edme, kam n\u00e1s jeho energie a zku\u0161enosti dovedou!<\/p>\n\n\n\n<figure class=\"wp-block-gallery has-nested-images columns-default is-cropped wp-block-gallery-1 is-layout-flex wp-block-gallery-is-layout-flex\">\n<figure class=\"wp-block-image size-large\"><a href=\"https:\/\/www.wraadapband.cz\/wp-content\/uploads\/2025\/04\/476571543_17945819474945097_5586927326981610470_n.jpg\"><img loading=\"lazy\" decoding=\"async\" width=\"819\" height=\"1024\" data-id=\"2991\" src=\"https:\/\/www.wraadapband.cz\/wp-content\/uploads\/2025\/04\/476571543_17945819474945097_5586927326981610470_n-819x1024.jpg\" alt=\"\" class=\"wp-image-2991\" srcset=\"https:\/\/www.wraadapband.cz\/wp-content\/uploads\/2025\/04\/476571543_17945819474945097_5586927326981610470_n-819x1024.jpg 819w, https:\/\/www.wraadapband.cz\/wp-content\/uploads\/2025\/04\/476571543_17945819474945097_5586927326981610470_n-240x300.jpg 240w, https:\/\/www.wraadapband.cz\/wp-content\/uploads\/2025\/04\/476571543_17945819474945097_5586927326981610470_n-768x960.jpg 768w, https:\/\/www.wraadapband.cz\/wp-content\/uploads\/2025\/04\/476571543_17945819474945097_5586927326981610470_n.jpg 1080w\" sizes=\"auto, (max-width: 819px) 100vw, 819px\" \/><\/a><\/figure>\n\n\n\n<figure class=\"wp-block-image size-large\"><a href=\"https:\/\/www.wraadapband.cz\/wp-content\/uploads\/2025\/04\/IMG20250129220305-scaled-e1745503941193.jpg\"><img loading=\"lazy\" decoding=\"async\" width=\"768\" height=\"1024\" data-id=\"2976\" src=\"https:\/\/www.wraadapband.cz\/wp-content\/uploads\/2025\/04\/IMG20250129220305-scaled-e1745503941193-768x1024.jpg\" alt=\"\" class=\"wp-image-2976\" srcset=\"https:\/\/www.wraadapband.cz\/wp-content\/uploads\/2025\/04\/IMG20250129220305-scaled-e1745503941193-768x1024.jpg 768w, https:\/\/www.wraadapband.cz\/wp-content\/uploads\/2025\/04\/IMG20250129220305-scaled-e1745503941193-225x300.jpg 225w, https:\/\/www.wraadapband.cz\/wp-content\/uploads\/2025\/04\/IMG20250129220305-scaled-e1745503941193-1152x1536.jpg 1152w, https:\/\/www.wraadapband.cz\/wp-content\/uploads\/2025\/04\/IMG20250129220305-scaled-e1745503941193-1536x2048.jpg 1536w, https:\/\/www.wraadapband.cz\/wp-content\/uploads\/2025\/04\/IMG20250129220305-scaled-e1745503941193.jpg 1920w\" sizes=\"auto, (max-width: 768px) 100vw, 768px\" \/><\/a><\/figure>\n\n\n\n<figure class=\"wp-block-image size-large\"><a href=\"https:\/\/www.wraadapband.cz\/wp-content\/uploads\/2025\/04\/IMG20250129213053-scaled.jpg\"><img loading=\"lazy\" decoding=\"async\" width=\"1024\" height=\"768\" data-id=\"2966\" src=\"https:\/\/www.wraadapband.cz\/wp-content\/uploads\/2025\/04\/IMG20250129213053-1024x768.jpg\" alt=\"\" class=\"wp-image-2966\" srcset=\"https:\/\/www.wraadapband.cz\/wp-content\/uploads\/2025\/04\/IMG20250129213053-1024x768.jpg 1024w, https:\/\/www.wraadapband.cz\/wp-content\/uploads\/2025\/04\/IMG20250129213053-300x225.jpg 300w, https:\/\/www.wraadapband.cz\/wp-content\/uploads\/2025\/04\/IMG20250129213053-768x576.jpg 768w, https:\/\/www.wraadapband.cz\/wp-content\/uploads\/2025\/04\/IMG20250129213053-1536x1152.jpg 1536w, https:\/\/www.wraadapband.cz\/wp-content\/uploads\/2025\/04\/IMG20250129213053-2048x1536.jpg 2048w\" sizes=\"auto, (max-width: 1024px) 100vw, 1024px\" \/><\/a><\/figure>\n<\/figure>\n","protected":false},"excerpt":{"rendered":"<p>Petr za\u010d\u00ednal jako klarinetista ovlivn\u011bn\u00fd legend\u00e1rn\u00edm orchestrem Gustava Broma. Postupn\u011b se jeho cesta ub\u00edrala k fagotu, kter\u00fd vystudoval na hudebn\u00ed konzervato\u0159i, a\u017e nakonec zakotvil u saxofonu \u2013 n\u00e1stroje, kter\u00fd ho prov\u00e1z\u00ed dodnes. Petr m\u00e1 bohat\u00e9 hudebn\u00ed zku\u0161enosti. P\u016fsobil jako solofagotista v Sarajevo orchestra a Montenegro r\u00e1dio orchestr. Aktu\u00e1ln\u011b hraje s brn\u011bnskou kapelou The People, SW <a class=\"more-link\" href=\"https:\/\/www.wraadapband.cz\/?page_id=2990\">V\u00edce&#8230;<\/a><\/p>\n","protected":false},"author":2,"featured_media":0,"parent":0,"menu_order":0,"comment_status":"closed","ping_status":"closed","template":"","meta":{"footnotes":""},"class_list":["post-2990","page","type-page","status-publish","hentry"],"_links":{"self":[{"href":"https:\/\/www.wraadapband.cz\/index.php?rest_route=\/wp\/v2\/pages\/2990","targetHints":{"allow":["GET"]}}],"collection":[{"href":"https:\/\/www.wraadapband.cz\/index.php?rest_route=\/wp\/v2\/pages"}],"about":[{"href":"https:\/\/www.wraadapband.cz\/index.php?rest_route=\/wp\/v2\/types\/page"}],"author":[{"embeddable":true,"href":"https:\/\/www.wraadapband.cz\/index.php?rest_route=\/wp\/v2\/users\/2"}],"replies":[{"embeddable":true,"href":"https:\/\/www.wraadapband.cz\/index.php?rest_route=%2Fwp%2Fv2%2Fcomments&post=2990"}],"version-history":[{"count":3,"href":"https:\/\/www.wraadapband.cz\/index.php?rest_route=\/wp\/v2\/pages\/2990\/revisions"}],"predecessor-version":[{"id":3047,"href":"https:\/\/www.wraadapband.cz\/index.php?rest_route=\/wp\/v2\/pages\/2990\/revisions\/3047"}],"wp:attachment":[{"href":"https:\/\/www.wraadapband.cz\/index.php?rest_route=%2Fwp%2Fv2%2Fmedia&parent=2990"}],"curies":[{"name":"wp","href":"https:\/\/api.w.org\/{rel}","templated":true}]}}