{"id":2962,"date":"2025-04-24T15:40:47","date_gmt":"2025-04-24T13:40:47","guid":{"rendered":"https:\/\/www.wraadapband.cz\/?page_id=2962"},"modified":"2025-04-24T15:40:48","modified_gmt":"2025-04-24T13:40:48","slug":"metro-music-bar-brno-29-1-2025-privitani-noveho-kapelnika-petra-kotise","status":"publish","type":"page","link":"https:\/\/www.wraadapband.cz\/?page_id=2962","title":{"rendered":"Metro Music Bar, Brno 29.1.2025, p\u0159iv\u00edt\u00e1n\u00ed nov\u00e9ho kapeln\u00edka Petra Koti\u0161e"},"content":{"rendered":"\n<figure class=\"wp-block-gallery columns-3 is-cropped wp-block-gallery-1 is-layout-flex wp-block-gallery-is-layout-flex\"><ul class=\"blocks-gallery-grid\"><li class=\"blocks-gallery-item\"><figure><a href=\"https:\/\/www.wraadapband.cz\/wp-content\/uploads\/2025\/04\/IMG20250129212811-scaled.jpg\"><img loading=\"lazy\" decoding=\"async\" width=\"1024\" height=\"768\" src=\"https:\/\/www.wraadapband.cz\/wp-content\/uploads\/2025\/04\/IMG20250129212811-1024x768.jpg\" alt=\"\" data-id=\"2963\" data-full-url=\"https:\/\/www.wraadapband.cz\/wp-content\/uploads\/2025\/04\/IMG20250129212811-scaled.jpg\" data-link=\"https:\/\/www.wraadapband.cz\/?attachment_id=2963#main\" class=\"wp-image-2963\" srcset=\"https:\/\/www.wraadapband.cz\/wp-content\/uploads\/2025\/04\/IMG20250129212811-1024x768.jpg 1024w, https:\/\/www.wraadapband.cz\/wp-content\/uploads\/2025\/04\/IMG20250129212811-300x225.jpg 300w, https:\/\/www.wraadapband.cz\/wp-content\/uploads\/2025\/04\/IMG20250129212811-768x576.jpg 768w, https:\/\/www.wraadapband.cz\/wp-content\/uploads\/2025\/04\/IMG20250129212811-1536x1152.jpg 1536w, https:\/\/www.wraadapband.cz\/wp-content\/uploads\/2025\/04\/IMG20250129212811-2048x1536.jpg 2048w\" sizes=\"auto, (max-width: 1024px) 100vw, 1024px\" \/><\/a><\/figure><\/li><li class=\"blocks-gallery-item\"><figure><a href=\"https:\/\/www.wraadapband.cz\/wp-content\/uploads\/2025\/04\/IMG20250129212826-scaled.jpg\"><img loading=\"lazy\" decoding=\"async\" width=\"1024\" height=\"768\" src=\"https:\/\/www.wraadapband.cz\/wp-content\/uploads\/2025\/04\/IMG20250129212826-1024x768.jpg\" alt=\"\" data-id=\"2964\" data-full-url=\"https:\/\/www.wraadapband.cz\/wp-content\/uploads\/2025\/04\/IMG20250129212826-scaled.jpg\" data-link=\"https:\/\/www.wraadapband.cz\/?attachment_id=2964#main\" class=\"wp-image-2964\" srcset=\"https:\/\/www.wraadapband.cz\/wp-content\/uploads\/2025\/04\/IMG20250129212826-1024x768.jpg 1024w, https:\/\/www.wraadapband.cz\/wp-content\/uploads\/2025\/04\/IMG20250129212826-300x225.jpg 300w, https:\/\/www.wraadapband.cz\/wp-content\/uploads\/2025\/04\/IMG20250129212826-768x576.jpg 768w, https:\/\/www.wraadapband.cz\/wp-content\/uploads\/2025\/04\/IMG20250129212826-1536x1152.jpg 1536w, https:\/\/www.wraadapband.cz\/wp-content\/uploads\/2025\/04\/IMG20250129212826-2048x1536.jpg 2048w\" sizes=\"auto, (max-width: 1024px) 100vw, 1024px\" \/><\/a><\/figure><\/li><li class=\"blocks-gallery-item\"><figure><a href=\"https:\/\/www.wraadapband.cz\/wp-content\/uploads\/2025\/04\/IMG20250129212842-scaled.jpg\"><img loading=\"lazy\" decoding=\"async\" width=\"1024\" height=\"768\" src=\"https:\/\/www.wraadapband.cz\/wp-content\/uploads\/2025\/04\/IMG20250129212842-1024x768.jpg\" alt=\"\" data-id=\"2965\" data-full-url=\"https:\/\/www.wraadapband.cz\/wp-content\/uploads\/2025\/04\/IMG20250129212842-scaled.jpg\" data-link=\"https:\/\/www.wraadapband.cz\/?attachment_id=2965#main\" class=\"wp-image-2965\" srcset=\"https:\/\/www.wraadapband.cz\/wp-content\/uploads\/2025\/04\/IMG20250129212842-1024x768.jpg 1024w, https:\/\/www.wraadapband.cz\/wp-content\/uploads\/2025\/04\/IMG20250129212842-300x225.jpg 300w, https:\/\/www.wraadapband.cz\/wp-content\/uploads\/2025\/04\/IMG20250129212842-768x576.jpg 768w, https:\/\/www.wraadapband.cz\/wp-content\/uploads\/2025\/04\/IMG20250129212842-1536x1152.jpg 1536w, https:\/\/www.wraadapband.cz\/wp-content\/uploads\/2025\/04\/IMG20250129212842-2048x1536.jpg 2048w\" sizes=\"auto, (max-width: 1024px) 100vw, 1024px\" \/><\/a><\/figure><\/li><li class=\"blocks-gallery-item\"><figure><a href=\"https:\/\/www.wraadapband.cz\/wp-content\/uploads\/2025\/04\/IMG20250129213053-scaled.jpg\"><img loading=\"lazy\" decoding=\"async\" width=\"1024\" height=\"768\" src=\"https:\/\/www.wraadapband.cz\/wp-content\/uploads\/2025\/04\/IMG20250129213053-1024x768.jpg\" alt=\"\" data-id=\"2966\" data-full-url=\"https:\/\/www.wraadapband.cz\/wp-content\/uploads\/2025\/04\/IMG20250129213053-scaled.jpg\" data-link=\"https:\/\/www.wraadapband.cz\/?attachment_id=2966#main\" class=\"wp-image-2966\" srcset=\"https:\/\/www.wraadapband.cz\/wp-content\/uploads\/2025\/04\/IMG20250129213053-1024x768.jpg 1024w, https:\/\/www.wraadapband.cz\/wp-content\/uploads\/2025\/04\/IMG20250129213053-300x225.jpg 300w, https:\/\/www.wraadapband.cz\/wp-content\/uploads\/2025\/04\/IMG20250129213053-768x576.jpg 768w, https:\/\/www.wraadapband.cz\/wp-content\/uploads\/2025\/04\/IMG20250129213053-1536x1152.jpg 1536w, https:\/\/www.wraadapband.cz\/wp-content\/uploads\/2025\/04\/IMG20250129213053-2048x1536.jpg 2048w\" sizes=\"auto, (max-width: 1024px) 100vw, 1024px\" \/><\/a><\/figure><\/li><li class=\"blocks-gallery-item\"><figure><a href=\"https:\/\/www.wraadapband.cz\/wp-content\/uploads\/2025\/04\/IMG20250129213312-scaled.jpg\"><img loading=\"lazy\" decoding=\"async\" width=\"768\" height=\"1024\" src=\"https:\/\/www.wraadapband.cz\/wp-content\/uploads\/2025\/04\/IMG20250129213312-768x1024.jpg\" alt=\"\" data-id=\"2967\" data-full-url=\"https:\/\/www.wraadapband.cz\/wp-content\/uploads\/2025\/04\/IMG20250129213312-scaled.jpg\" data-link=\"https:\/\/www.wraadapband.cz\/?attachment_id=2967#main\" class=\"wp-image-2967\" srcset=\"https:\/\/www.wraadapband.cz\/wp-content\/uploads\/2025\/04\/IMG20250129213312-768x1024.jpg 768w, https:\/\/www.wraadapband.cz\/wp-content\/uploads\/2025\/04\/IMG20250129213312-225x300.jpg 225w, https:\/\/www.wraadapband.cz\/wp-content\/uploads\/2025\/04\/IMG20250129213312-1152x1536.jpg 1152w, https:\/\/www.wraadapband.cz\/wp-content\/uploads\/2025\/04\/IMG20250129213312-1536x2048.jpg 1536w, https:\/\/www.wraadapband.cz\/wp-content\/uploads\/2025\/04\/IMG20250129213312-scaled.jpg 1920w\" sizes=\"auto, (max-width: 768px) 100vw, 768px\" \/><\/a><\/figure><\/li><li class=\"blocks-gallery-item\"><figure><a href=\"https:\/\/www.wraadapband.cz\/wp-content\/uploads\/2025\/04\/IMG20250129214936-scaled.jpg\"><img loading=\"lazy\" decoding=\"async\" width=\"768\" height=\"1024\" src=\"https:\/\/www.wraadapband.cz\/wp-content\/uploads\/2025\/04\/IMG20250129214936-768x1024.jpg\" alt=\"\" data-id=\"2968\" data-full-url=\"https:\/\/www.wraadapband.cz\/wp-content\/uploads\/2025\/04\/IMG20250129214936-scaled.jpg\" data-link=\"https:\/\/www.wraadapband.cz\/?attachment_id=2968#main\" class=\"wp-image-2968\" srcset=\"https:\/\/www.wraadapband.cz\/wp-content\/uploads\/2025\/04\/IMG20250129214936-768x1024.jpg 768w, https:\/\/www.wraadapband.cz\/wp-content\/uploads\/2025\/04\/IMG20250129214936-225x300.jpg 225w, https:\/\/www.wraadapband.cz\/wp-content\/uploads\/2025\/04\/IMG20250129214936-1152x1536.jpg 1152w, https:\/\/www.wraadapband.cz\/wp-content\/uploads\/2025\/04\/IMG20250129214936-1536x2048.jpg 1536w, https:\/\/www.wraadapband.cz\/wp-content\/uploads\/2025\/04\/IMG20250129214936-scaled.jpg 1920w\" sizes=\"auto, (max-width: 768px) 100vw, 768px\" \/><\/a><\/figure><\/li><li class=\"blocks-gallery-item\"><figure><a href=\"https:\/\/www.wraadapband.cz\/wp-content\/uploads\/2025\/04\/IMG20250129214945-scaled.jpg\"><img loading=\"lazy\" decoding=\"async\" width=\"768\" height=\"1024\" src=\"https:\/\/www.wraadapband.cz\/wp-content\/uploads\/2025\/04\/IMG20250129214945-768x1024.jpg\" alt=\"\" data-id=\"2969\" data-full-url=\"https:\/\/www.wraadapband.cz\/wp-content\/uploads\/2025\/04\/IMG20250129214945-scaled.jpg\" data-link=\"https:\/\/www.wraadapband.cz\/?attachment_id=2969#main\" class=\"wp-image-2969\" srcset=\"https:\/\/www.wraadapband.cz\/wp-content\/uploads\/2025\/04\/IMG20250129214945-768x1024.jpg 768w, https:\/\/www.wraadapband.cz\/wp-content\/uploads\/2025\/04\/IMG20250129214945-225x300.jpg 225w, https:\/\/www.wraadapband.cz\/wp-content\/uploads\/2025\/04\/IMG20250129214945-1152x1536.jpg 1152w, https:\/\/www.wraadapband.cz\/wp-content\/uploads\/2025\/04\/IMG20250129214945-1536x2048.jpg 1536w, https:\/\/www.wraadapband.cz\/wp-content\/uploads\/2025\/04\/IMG20250129214945-scaled.jpg 1920w\" sizes=\"auto, (max-width: 768px) 100vw, 768px\" \/><\/a><\/figure><\/li><li class=\"blocks-gallery-item\"><figure><a href=\"https:\/\/www.wraadapband.cz\/wp-content\/uploads\/2025\/04\/IMG20250129215019-scaled.jpg\"><img loading=\"lazy\" decoding=\"async\" width=\"1024\" height=\"768\" src=\"https:\/\/www.wraadapband.cz\/wp-content\/uploads\/2025\/04\/IMG20250129215019-1024x768.jpg\" alt=\"\" data-id=\"2970\" data-full-url=\"https:\/\/www.wraadapband.cz\/wp-content\/uploads\/2025\/04\/IMG20250129215019-scaled.jpg\" data-link=\"https:\/\/www.wraadapband.cz\/?attachment_id=2970#main\" class=\"wp-image-2970\" srcset=\"https:\/\/www.wraadapband.cz\/wp-content\/uploads\/2025\/04\/IMG20250129215019-1024x768.jpg 1024w, https:\/\/www.wraadapband.cz\/wp-content\/uploads\/2025\/04\/IMG20250129215019-300x225.jpg 300w, https:\/\/www.wraadapband.cz\/wp-content\/uploads\/2025\/04\/IMG20250129215019-768x576.jpg 768w, https:\/\/www.wraadapband.cz\/wp-content\/uploads\/2025\/04\/IMG20250129215019-1536x1152.jpg 1536w, https:\/\/www.wraadapband.cz\/wp-content\/uploads\/2025\/04\/IMG20250129215019-2048x1536.jpg 2048w\" sizes=\"auto, (max-width: 1024px) 100vw, 1024px\" \/><\/a><\/figure><\/li><li class=\"blocks-gallery-item\"><figure><a href=\"https:\/\/www.wraadapband.cz\/wp-content\/uploads\/2025\/04\/IMG20250129215036-scaled.jpg\"><img loading=\"lazy\" decoding=\"async\" width=\"1024\" height=\"768\" src=\"https:\/\/www.wraadapband.cz\/wp-content\/uploads\/2025\/04\/IMG20250129215036-1024x768.jpg\" alt=\"\" data-id=\"2971\" data-full-url=\"https:\/\/www.wraadapband.cz\/wp-content\/uploads\/2025\/04\/IMG20250129215036-scaled.jpg\" data-link=\"https:\/\/www.wraadapband.cz\/?attachment_id=2971#main\" class=\"wp-image-2971\" srcset=\"https:\/\/www.wraadapband.cz\/wp-content\/uploads\/2025\/04\/IMG20250129215036-1024x768.jpg 1024w, https:\/\/www.wraadapband.cz\/wp-content\/uploads\/2025\/04\/IMG20250129215036-300x225.jpg 300w, https:\/\/www.wraadapband.cz\/wp-content\/uploads\/2025\/04\/IMG20250129215036-768x576.jpg 768w, https:\/\/www.wraadapband.cz\/wp-content\/uploads\/2025\/04\/IMG20250129215036-1536x1152.jpg 1536w, https:\/\/www.wraadapband.cz\/wp-content\/uploads\/2025\/04\/IMG20250129215036-2048x1536.jpg 2048w\" sizes=\"auto, (max-width: 1024px) 100vw, 1024px\" \/><\/a><\/figure><\/li><li class=\"blocks-gallery-item\"><figure><a href=\"https:\/\/www.wraadapband.cz\/wp-content\/uploads\/2025\/04\/IMG20250129215059-scaled.jpg\"><img loading=\"lazy\" decoding=\"async\" width=\"768\" height=\"1024\" src=\"https:\/\/www.wraadapband.cz\/wp-content\/uploads\/2025\/04\/IMG20250129215059-768x1024.jpg\" alt=\"\" data-id=\"2972\" data-full-url=\"https:\/\/www.wraadapband.cz\/wp-content\/uploads\/2025\/04\/IMG20250129215059-scaled.jpg\" data-link=\"https:\/\/www.wraadapband.cz\/?attachment_id=2972#main\" class=\"wp-image-2972\" srcset=\"https:\/\/www.wraadapband.cz\/wp-content\/uploads\/2025\/04\/IMG20250129215059-768x1024.jpg 768w, https:\/\/www.wraadapband.cz\/wp-content\/uploads\/2025\/04\/IMG20250129215059-225x300.jpg 225w, https:\/\/www.wraadapband.cz\/wp-content\/uploads\/2025\/04\/IMG20250129215059-1152x1536.jpg 1152w, https:\/\/www.wraadapband.cz\/wp-content\/uploads\/2025\/04\/IMG20250129215059-1536x2048.jpg 1536w, https:\/\/www.wraadapband.cz\/wp-content\/uploads\/2025\/04\/IMG20250129215059-scaled.jpg 1920w\" sizes=\"auto, (max-width: 768px) 100vw, 768px\" \/><\/a><\/figure><\/li><li class=\"blocks-gallery-item\"><figure><a href=\"https:\/\/www.wraadapband.cz\/wp-content\/uploads\/2025\/04\/IMG20250129215216-scaled.jpg\"><img loading=\"lazy\" decoding=\"async\" width=\"1024\" height=\"768\" src=\"https:\/\/www.wraadapband.cz\/wp-content\/uploads\/2025\/04\/IMG20250129215216-1024x768.jpg\" alt=\"\" data-id=\"2973\" data-full-url=\"https:\/\/www.wraadapband.cz\/wp-content\/uploads\/2025\/04\/IMG20250129215216-scaled.jpg\" data-link=\"https:\/\/www.wraadapband.cz\/?attachment_id=2973#main\" class=\"wp-image-2973\" srcset=\"https:\/\/www.wraadapband.cz\/wp-content\/uploads\/2025\/04\/IMG20250129215216-1024x768.jpg 1024w, https:\/\/www.wraadapband.cz\/wp-content\/uploads\/2025\/04\/IMG20250129215216-300x225.jpg 300w, https:\/\/www.wraadapband.cz\/wp-content\/uploads\/2025\/04\/IMG20250129215216-768x576.jpg 768w, https:\/\/www.wraadapband.cz\/wp-content\/uploads\/2025\/04\/IMG20250129215216-1536x1152.jpg 1536w, https:\/\/www.wraadapband.cz\/wp-content\/uploads\/2025\/04\/IMG20250129215216-2048x1536.jpg 2048w\" sizes=\"auto, (max-width: 1024px) 100vw, 1024px\" \/><\/a><\/figure><\/li><li class=\"blocks-gallery-item\"><figure><a href=\"https:\/\/www.wraadapband.cz\/wp-content\/uploads\/2025\/04\/IMG20250129215339-scaled.jpg\"><img loading=\"lazy\" decoding=\"async\" width=\"1024\" height=\"768\" src=\"https:\/\/www.wraadapband.cz\/wp-content\/uploads\/2025\/04\/IMG20250129215339-1024x768.jpg\" alt=\"\" data-id=\"2974\" data-full-url=\"https:\/\/www.wraadapband.cz\/wp-content\/uploads\/2025\/04\/IMG20250129215339-scaled.jpg\" data-link=\"https:\/\/www.wraadapband.cz\/?attachment_id=2974#main\" class=\"wp-image-2974\" srcset=\"https:\/\/www.wraadapband.cz\/wp-content\/uploads\/2025\/04\/IMG20250129215339-1024x768.jpg 1024w, https:\/\/www.wraadapband.cz\/wp-content\/uploads\/2025\/04\/IMG20250129215339-300x225.jpg 300w, https:\/\/www.wraadapband.cz\/wp-content\/uploads\/2025\/04\/IMG20250129215339-768x576.jpg 768w, https:\/\/www.wraadapband.cz\/wp-content\/uploads\/2025\/04\/IMG20250129215339-1536x1152.jpg 1536w, https:\/\/www.wraadapband.cz\/wp-content\/uploads\/2025\/04\/IMG20250129215339-2048x1536.jpg 2048w\" sizes=\"auto, (max-width: 1024px) 100vw, 1024px\" \/><\/a><\/figure><\/li><li class=\"blocks-gallery-item\"><figure><a href=\"https:\/\/www.wraadapband.cz\/wp-content\/uploads\/2025\/04\/IMG20250129220141-scaled.jpg\"><img loading=\"lazy\" decoding=\"async\" width=\"1024\" height=\"768\" src=\"https:\/\/www.wraadapband.cz\/wp-content\/uploads\/2025\/04\/IMG20250129220141-1024x768.jpg\" alt=\"\" data-id=\"2975\" data-full-url=\"https:\/\/www.wraadapband.cz\/wp-content\/uploads\/2025\/04\/IMG20250129220141-scaled.jpg\" data-link=\"https:\/\/www.wraadapband.cz\/?attachment_id=2975#main\" class=\"wp-image-2975\" srcset=\"https:\/\/www.wraadapband.cz\/wp-content\/uploads\/2025\/04\/IMG20250129220141-1024x768.jpg 1024w, https:\/\/www.wraadapband.cz\/wp-content\/uploads\/2025\/04\/IMG20250129220141-300x225.jpg 300w, https:\/\/www.wraadapband.cz\/wp-content\/uploads\/2025\/04\/IMG20250129220141-768x576.jpg 768w, https:\/\/www.wraadapband.cz\/wp-content\/uploads\/2025\/04\/IMG20250129220141-1536x1152.jpg 1536w, https:\/\/www.wraadapband.cz\/wp-content\/uploads\/2025\/04\/IMG20250129220141-2048x1536.jpg 2048w\" sizes=\"auto, (max-width: 1024px) 100vw, 1024px\" \/><\/a><\/figure><\/li><li class=\"blocks-gallery-item\"><figure><a href=\"https:\/\/www.wraadapband.cz\/wp-content\/uploads\/2025\/04\/IMG20250129220305-scaled.jpg\"><img decoding=\"async\" src=\"https:\/\/www.wraadapband.cz\/wp-content\/uploads\/2025\/04\/IMG20250129220305-768x1024.jpg\" alt=\"\" data-id=\"2976\" data-full-url=\"https:\/\/www.wraadapband.cz\/wp-content\/uploads\/2025\/04\/IMG20250129220305-scaled.jpg\" data-link=\"https:\/\/www.wraadapband.cz\/?attachment_id=2976#main\" class=\"wp-image-2976\"\/><\/a><\/figure><\/li><\/ul><\/figure>\n","protected":false},"excerpt":{"rendered":"","protected":false},"author":2,"featured_media":2976,"parent":0,"menu_order":0,"comment_status":"closed","ping_status":"closed","template":"","meta":{"footnotes":""},"class_list":["post-2962","page","type-page","status-publish","has-post-thumbnail","hentry"],"_links":{"self":[{"href":"https:\/\/www.wraadapband.cz\/index.php?rest_route=\/wp\/v2\/pages\/2962","targetHints":{"allow":["GET"]}}],"collection":[{"href":"https:\/\/www.wraadapband.cz\/index.php?rest_route=\/wp\/v2\/pages"}],"about":[{"href":"https:\/\/www.wraadapband.cz\/index.php?rest_route=\/wp\/v2\/types\/page"}],"author":[{"embeddable":true,"href":"https:\/\/www.wraadapband.cz\/index.php?rest_route=\/wp\/v2\/users\/2"}],"replies":[{"embeddable":true,"href":"https:\/\/www.wraadapband.cz\/index.php?rest_route=%2Fwp%2Fv2%2Fcomments&post=2962"}],"version-history":[{"count":1,"href":"https:\/\/www.wraadapband.cz\/index.php?rest_route=\/wp\/v2\/pages\/2962\/revisions"}],"predecessor-version":[{"id":2977,"href":"https:\/\/www.wraadapband.cz\/index.php?rest_route=\/wp\/v2\/pages\/2962\/revisions\/2977"}],"wp:featuredmedia":[{"embeddable":true,"href":"https:\/\/www.wraadapband.cz\/index.php?rest_route=\/wp\/v2\/media\/2976"}],"wp:attachment":[{"href":"https:\/\/www.wraadapband.cz\/index.php?rest_route=%2Fwp%2Fv2%2Fmedia&parent=2962"}],"curies":[{"name":"wp","href":"https:\/\/api.w.org\/{rel}","templated":true}]}}