{"id":2739,"date":"2023-10-23T17:35:13","date_gmt":"2023-10-23T15:35:13","guid":{"rendered":"https:\/\/www.wraadapband.cz\/?page_id=2739"},"modified":"2023-10-23T17:39:18","modified_gmt":"2023-10-23T15:39:18","slug":"advent-na-zelnaku-v-brne-25-11-2022","status":"publish","type":"page","link":"https:\/\/www.wraadapband.cz\/?page_id=2739","title":{"rendered":"Advent na Zel\u0148\u00e1ku v Brn\u011b, 25.11.2022"},"content":{"rendered":"\n<figure class=\"wp-block-gallery columns-3 is-cropped wp-block-gallery-1 is-layout-flex wp-block-gallery-is-layout-flex\"><ul class=\"blocks-gallery-grid\"><li class=\"blocks-gallery-item\"><figure><a href=\"https:\/\/www.wraadapband.cz\/wp-content\/uploads\/2023\/10\/316254889_5192001157570573_4180195279092718434_n.jpg\"><img loading=\"lazy\" decoding=\"async\" width=\"762\" height=\"1024\" src=\"https:\/\/www.wraadapband.cz\/wp-content\/uploads\/2023\/10\/316254889_5192001157570573_4180195279092718434_n-762x1024.jpg\" alt=\"\" data-id=\"2740\" data-full-url=\"https:\/\/www.wraadapband.cz\/wp-content\/uploads\/2023\/10\/316254889_5192001157570573_4180195279092718434_n.jpg\" data-link=\"https:\/\/www.wraadapband.cz\/?attachment_id=2740#main\" class=\"wp-image-2740\" srcset=\"https:\/\/www.wraadapband.cz\/wp-content\/uploads\/2023\/10\/316254889_5192001157570573_4180195279092718434_n-762x1024.jpg 762w, https:\/\/www.wraadapband.cz\/wp-content\/uploads\/2023\/10\/316254889_5192001157570573_4180195279092718434_n-223x300.jpg 223w, https:\/\/www.wraadapband.cz\/wp-content\/uploads\/2023\/10\/316254889_5192001157570573_4180195279092718434_n-768x1032.jpg 768w, https:\/\/www.wraadapband.cz\/wp-content\/uploads\/2023\/10\/316254889_5192001157570573_4180195279092718434_n-1143x1536.jpg 1143w, https:\/\/www.wraadapband.cz\/wp-content\/uploads\/2023\/10\/316254889_5192001157570573_4180195279092718434_n.jpg 1488w\" sizes=\"auto, (max-width: 762px) 100vw, 762px\" \/><\/a><\/figure><\/li><li class=\"blocks-gallery-item\"><figure><a href=\"https:\/\/www.wraadapband.cz\/wp-content\/uploads\/2023\/10\/316549632_5191999300904092_7706257852543433557_n.jpg\"><img loading=\"lazy\" decoding=\"async\" width=\"1024\" height=\"768\" src=\"https:\/\/www.wraadapband.cz\/wp-content\/uploads\/2023\/10\/316549632_5191999300904092_7706257852543433557_n-1024x768.jpg\" alt=\"\" data-id=\"2741\" data-full-url=\"https:\/\/www.wraadapband.cz\/wp-content\/uploads\/2023\/10\/316549632_5191999300904092_7706257852543433557_n.jpg\" data-link=\"https:\/\/www.wraadapband.cz\/?attachment_id=2741#main\" class=\"wp-image-2741\" srcset=\"https:\/\/www.wraadapband.cz\/wp-content\/uploads\/2023\/10\/316549632_5191999300904092_7706257852543433557_n-1024x768.jpg 1024w, https:\/\/www.wraadapband.cz\/wp-content\/uploads\/2023\/10\/316549632_5191999300904092_7706257852543433557_n-300x225.jpg 300w, https:\/\/www.wraadapband.cz\/wp-content\/uploads\/2023\/10\/316549632_5191999300904092_7706257852543433557_n-768x576.jpg 768w, https:\/\/www.wraadapband.cz\/wp-content\/uploads\/2023\/10\/316549632_5191999300904092_7706257852543433557_n-1536x1152.jpg 1536w, https:\/\/www.wraadapband.cz\/wp-content\/uploads\/2023\/10\/316549632_5191999300904092_7706257852543433557_n.jpg 2048w\" sizes=\"auto, (max-width: 1024px) 100vw, 1024px\" \/><\/a><\/figure><\/li><li class=\"blocks-gallery-item\"><figure><a href=\"https:\/\/www.wraadapband.cz\/wp-content\/uploads\/2023\/10\/316549873_10218125875737943_717829866605455068_n.jpg\"><img loading=\"lazy\" decoding=\"async\" width=\"960\" height=\"720\" src=\"https:\/\/www.wraadapband.cz\/wp-content\/uploads\/2023\/10\/316549873_10218125875737943_717829866605455068_n.jpg\" alt=\"\" data-id=\"2742\" data-full-url=\"https:\/\/www.wraadapband.cz\/wp-content\/uploads\/2023\/10\/316549873_10218125875737943_717829866605455068_n.jpg\" data-link=\"https:\/\/www.wraadapband.cz\/?attachment_id=2742#main\" class=\"wp-image-2742\" srcset=\"https:\/\/www.wraadapband.cz\/wp-content\/uploads\/2023\/10\/316549873_10218125875737943_717829866605455068_n.jpg 960w, https:\/\/www.wraadapband.cz\/wp-content\/uploads\/2023\/10\/316549873_10218125875737943_717829866605455068_n-300x225.jpg 300w, https:\/\/www.wraadapband.cz\/wp-content\/uploads\/2023\/10\/316549873_10218125875737943_717829866605455068_n-768x576.jpg 768w\" sizes=\"auto, (max-width: 960px) 100vw, 960px\" \/><\/a><\/figure><\/li><li class=\"blocks-gallery-item\"><figure><a href=\"https:\/\/www.wraadapband.cz\/wp-content\/uploads\/2023\/10\/316684144_10218125875017925_8738026992785649936_n.jpg\"><img loading=\"lazy\" decoding=\"async\" width=\"720\" height=\"960\" src=\"https:\/\/www.wraadapband.cz\/wp-content\/uploads\/2023\/10\/316684144_10218125875017925_8738026992785649936_n.jpg\" alt=\"\" data-id=\"2743\" data-full-url=\"https:\/\/www.wraadapband.cz\/wp-content\/uploads\/2023\/10\/316684144_10218125875017925_8738026992785649936_n.jpg\" data-link=\"https:\/\/www.wraadapband.cz\/?attachment_id=2743#main\" class=\"wp-image-2743\" srcset=\"https:\/\/www.wraadapband.cz\/wp-content\/uploads\/2023\/10\/316684144_10218125875017925_8738026992785649936_n.jpg 720w, https:\/\/www.wraadapband.cz\/wp-content\/uploads\/2023\/10\/316684144_10218125875017925_8738026992785649936_n-225x300.jpg 225w\" sizes=\"auto, (max-width: 720px) 100vw, 720px\" \/><\/a><\/figure><\/li><li class=\"blocks-gallery-item\"><figure><a href=\"https:\/\/www.wraadapband.cz\/wp-content\/uploads\/2023\/10\/316814389_10220653345833958_863235051747095490_n.jpg\"><img loading=\"lazy\" decoding=\"async\" width=\"960\" height=\"720\" src=\"https:\/\/www.wraadapband.cz\/wp-content\/uploads\/2023\/10\/316814389_10220653345833958_863235051747095490_n.jpg\" alt=\"\" data-id=\"2744\" data-full-url=\"https:\/\/www.wraadapband.cz\/wp-content\/uploads\/2023\/10\/316814389_10220653345833958_863235051747095490_n.jpg\" data-link=\"https:\/\/www.wraadapband.cz\/?attachment_id=2744#main\" class=\"wp-image-2744\" srcset=\"https:\/\/www.wraadapband.cz\/wp-content\/uploads\/2023\/10\/316814389_10220653345833958_863235051747095490_n.jpg 960w, https:\/\/www.wraadapband.cz\/wp-content\/uploads\/2023\/10\/316814389_10220653345833958_863235051747095490_n-300x225.jpg 300w, https:\/\/www.wraadapband.cz\/wp-content\/uploads\/2023\/10\/316814389_10220653345833958_863235051747095490_n-768x576.jpg 768w\" sizes=\"auto, (max-width: 960px) 100vw, 960px\" \/><\/a><\/figure><\/li><li class=\"blocks-gallery-item\"><figure><a href=\"https:\/\/www.wraadapband.cz\/wp-content\/uploads\/2023\/10\/317075736_10218125876337958_2764966515467314584_n.jpg\"><img loading=\"lazy\" decoding=\"async\" width=\"720\" height=\"960\" src=\"https:\/\/www.wraadapband.cz\/wp-content\/uploads\/2023\/10\/317075736_10218125876337958_2764966515467314584_n.jpg\" alt=\"\" data-id=\"2745\" data-full-url=\"https:\/\/www.wraadapband.cz\/wp-content\/uploads\/2023\/10\/317075736_10218125876337958_2764966515467314584_n.jpg\" data-link=\"https:\/\/www.wraadapband.cz\/?attachment_id=2745#main\" class=\"wp-image-2745\" srcset=\"https:\/\/www.wraadapband.cz\/wp-content\/uploads\/2023\/10\/317075736_10218125876337958_2764966515467314584_n.jpg 720w, https:\/\/www.wraadapband.cz\/wp-content\/uploads\/2023\/10\/317075736_10218125876337958_2764966515467314584_n-225x300.jpg 225w\" sizes=\"auto, (max-width: 720px) 100vw, 720px\" \/><\/a><\/figure><\/li><li class=\"blocks-gallery-item\"><figure><a href=\"https:\/\/www.wraadapband.cz\/wp-content\/uploads\/2023\/10\/317087809_10220653344833933_4575151937525199816_n.jpg\"><img loading=\"lazy\" decoding=\"async\" width=\"960\" height=\"720\" src=\"https:\/\/www.wraadapband.cz\/wp-content\/uploads\/2023\/10\/317087809_10220653344833933_4575151937525199816_n.jpg\" alt=\"\" data-id=\"2746\" data-full-url=\"https:\/\/www.wraadapband.cz\/wp-content\/uploads\/2023\/10\/317087809_10220653344833933_4575151937525199816_n.jpg\" data-link=\"https:\/\/www.wraadapband.cz\/?attachment_id=2746#main\" class=\"wp-image-2746\" srcset=\"https:\/\/www.wraadapband.cz\/wp-content\/uploads\/2023\/10\/317087809_10220653344833933_4575151937525199816_n.jpg 960w, https:\/\/www.wraadapband.cz\/wp-content\/uploads\/2023\/10\/317087809_10220653344833933_4575151937525199816_n-300x225.jpg 300w, https:\/\/www.wraadapband.cz\/wp-content\/uploads\/2023\/10\/317087809_10220653344833933_4575151937525199816_n-768x576.jpg 768w\" sizes=\"auto, (max-width: 960px) 100vw, 960px\" \/><\/a><\/figure><\/li><li class=\"blocks-gallery-item\"><figure><a href=\"https:\/\/www.wraadapband.cz\/wp-content\/uploads\/2023\/10\/IMG_20221125_180050-scaled.jpg\"><img loading=\"lazy\" decoding=\"async\" width=\"1024\" height=\"768\" src=\"https:\/\/www.wraadapband.cz\/wp-content\/uploads\/2023\/10\/IMG_20221125_180050-1024x768.jpg\" alt=\"\" data-id=\"2747\" data-full-url=\"https:\/\/www.wraadapband.cz\/wp-content\/uploads\/2023\/10\/IMG_20221125_180050-scaled.jpg\" data-link=\"https:\/\/www.wraadapband.cz\/?attachment_id=2747#main\" class=\"wp-image-2747\" srcset=\"https:\/\/www.wraadapband.cz\/wp-content\/uploads\/2023\/10\/IMG_20221125_180050-1024x768.jpg 1024w, https:\/\/www.wraadapband.cz\/wp-content\/uploads\/2023\/10\/IMG_20221125_180050-300x225.jpg 300w, https:\/\/www.wraadapband.cz\/wp-content\/uploads\/2023\/10\/IMG_20221125_180050-768x576.jpg 768w, https:\/\/www.wraadapband.cz\/wp-content\/uploads\/2023\/10\/IMG_20221125_180050-1536x1152.jpg 1536w, https:\/\/www.wraadapband.cz\/wp-content\/uploads\/2023\/10\/IMG_20221125_180050-2048x1536.jpg 2048w\" sizes=\"auto, (max-width: 1024px) 100vw, 1024px\" \/><\/a><\/figure><\/li><\/ul><\/figure>\n","protected":false},"excerpt":{"rendered":"","protected":false},"author":2,"featured_media":0,"parent":194,"menu_order":0,"comment_status":"closed","ping_status":"closed","template":"","meta":{"footnotes":""},"class_list":["post-2739","page","type-page","status-publish","hentry"],"_links":{"self":[{"href":"https:\/\/www.wraadapband.cz\/index.php?rest_route=\/wp\/v2\/pages\/2739","targetHints":{"allow":["GET"]}}],"collection":[{"href":"https:\/\/www.wraadapband.cz\/index.php?rest_route=\/wp\/v2\/pages"}],"about":[{"href":"https:\/\/www.wraadapband.cz\/index.php?rest_route=\/wp\/v2\/types\/page"}],"author":[{"embeddable":true,"href":"https:\/\/www.wraadapband.cz\/index.php?rest_route=\/wp\/v2\/users\/2"}],"replies":[{"embeddable":true,"href":"https:\/\/www.wraadapband.cz\/index.php?rest_route=%2Fwp%2Fv2%2Fcomments&post=2739"}],"version-history":[{"count":1,"href":"https:\/\/www.wraadapband.cz\/index.php?rest_route=\/wp\/v2\/pages\/2739\/revisions"}],"predecessor-version":[{"id":2748,"href":"https:\/\/www.wraadapband.cz\/index.php?rest_route=\/wp\/v2\/pages\/2739\/revisions\/2748"}],"up":[{"embeddable":true,"href":"https:\/\/www.wraadapband.cz\/index.php?rest_route=\/wp\/v2\/pages\/194"}],"wp:attachment":[{"href":"https:\/\/www.wraadapband.cz\/index.php?rest_route=%2Fwp%2Fv2%2Fmedia&parent=2739"}],"curies":[{"name":"wp","href":"https:\/\/api.w.org\/{rel}","templated":true}]}}