{"id":2724,"date":"2023-10-23T17:29:23","date_gmt":"2023-10-23T15:29:23","guid":{"rendered":"https:\/\/www.wraadapband.cz\/?page_id=2724"},"modified":"2023-10-23T17:30:14","modified_gmt":"2023-10-23T15:30:14","slug":"swingova-tancirna-na-ponave-v-luzankach-11-6-2023","status":"publish","type":"page","link":"https:\/\/www.wraadapband.cz\/?page_id=2724","title":{"rendered":"Swingov\u00e1 tan\u010d\u00edrna na Ponav\u011b v Lu\u017e\u00e1nk\u00e1ch, 11.6.2023"},"content":{"rendered":"\n<figure class=\"wp-block-gallery columns-3 is-cropped wp-block-gallery-1 is-layout-flex wp-block-gallery-is-layout-flex\"><ul class=\"blocks-gallery-grid\"><li class=\"blocks-gallery-item\"><figure><a href=\"https:\/\/www.wraadapband.cz\/wp-content\/uploads\/2023\/10\/Ponava_2023_0-1024x768.jpg\"><img loading=\"lazy\" decoding=\"async\" width=\"1024\" height=\"768\" src=\"https:\/\/www.wraadapband.cz\/wp-content\/uploads\/2023\/10\/Ponava_2023_0-1024x768.jpg\" alt=\"\" data-id=\"2725\" class=\"wp-image-2725\" srcset=\"https:\/\/www.wraadapband.cz\/wp-content\/uploads\/2023\/10\/Ponava_2023_0-1024x768.jpg 1024w, https:\/\/www.wraadapband.cz\/wp-content\/uploads\/2023\/10\/Ponava_2023_0-300x225.jpg 300w, https:\/\/www.wraadapband.cz\/wp-content\/uploads\/2023\/10\/Ponava_2023_0-768x576.jpg 768w, https:\/\/www.wraadapband.cz\/wp-content\/uploads\/2023\/10\/Ponava_2023_0-1536x1152.jpg 1536w, https:\/\/www.wraadapband.cz\/wp-content\/uploads\/2023\/10\/Ponava_2023_0.jpg 2000w\" sizes=\"auto, (max-width: 1024px) 100vw, 1024px\" \/><\/a><\/figure><\/li><li class=\"blocks-gallery-item\"><figure><a href=\"https:\/\/www.wraadapband.cz\/wp-content\/uploads\/2023\/10\/Ponava_2023_0-1.jpg\"><img loading=\"lazy\" decoding=\"async\" width=\"1024\" height=\"768\" src=\"https:\/\/www.wraadapband.cz\/wp-content\/uploads\/2023\/10\/Ponava_2023_0-1-1024x768.jpg\" alt=\"\" data-id=\"2726\" data-full-url=\"https:\/\/www.wraadapband.cz\/wp-content\/uploads\/2023\/10\/Ponava_2023_0-1.jpg\" data-link=\"https:\/\/www.wraadapband.cz\/?attachment_id=2726#main\" class=\"wp-image-2726\" srcset=\"https:\/\/www.wraadapband.cz\/wp-content\/uploads\/2023\/10\/Ponava_2023_0-1-1024x768.jpg 1024w, https:\/\/www.wraadapband.cz\/wp-content\/uploads\/2023\/10\/Ponava_2023_0-1-300x225.jpg 300w, https:\/\/www.wraadapband.cz\/wp-content\/uploads\/2023\/10\/Ponava_2023_0-1-768x576.jpg 768w, https:\/\/www.wraadapband.cz\/wp-content\/uploads\/2023\/10\/Ponava_2023_0-1-1536x1152.jpg 1536w, https:\/\/www.wraadapband.cz\/wp-content\/uploads\/2023\/10\/Ponava_2023_0-1.jpg 2000w\" sizes=\"auto, (max-width: 1024px) 100vw, 1024px\" \/><\/a><\/figure><\/li><li class=\"blocks-gallery-item\"><figure><a href=\"https:\/\/www.wraadapband.cz\/wp-content\/uploads\/2023\/10\/Ponava_2023_1.jpg\"><img loading=\"lazy\" decoding=\"async\" width=\"1024\" height=\"768\" src=\"https:\/\/www.wraadapband.cz\/wp-content\/uploads\/2023\/10\/Ponava_2023_1-1024x768.jpg\" alt=\"\" data-id=\"2727\" data-full-url=\"https:\/\/www.wraadapband.cz\/wp-content\/uploads\/2023\/10\/Ponava_2023_1.jpg\" data-link=\"https:\/\/www.wraadapband.cz\/?attachment_id=2727#main\" class=\"wp-image-2727\" srcset=\"https:\/\/www.wraadapband.cz\/wp-content\/uploads\/2023\/10\/Ponava_2023_1-1024x768.jpg 1024w, https:\/\/www.wraadapband.cz\/wp-content\/uploads\/2023\/10\/Ponava_2023_1-300x225.jpg 300w, https:\/\/www.wraadapband.cz\/wp-content\/uploads\/2023\/10\/Ponava_2023_1-768x576.jpg 768w, https:\/\/www.wraadapband.cz\/wp-content\/uploads\/2023\/10\/Ponava_2023_1-1536x1152.jpg 1536w, https:\/\/www.wraadapband.cz\/wp-content\/uploads\/2023\/10\/Ponava_2023_1.jpg 2000w\" sizes=\"auto, (max-width: 1024px) 100vw, 1024px\" \/><\/a><\/figure><\/li><li class=\"blocks-gallery-item\"><figure><a href=\"https:\/\/www.wraadapband.cz\/wp-content\/uploads\/2023\/10\/Ponava_2023_2.jpg\"><img loading=\"lazy\" decoding=\"async\" width=\"1024\" height=\"768\" src=\"https:\/\/www.wraadapband.cz\/wp-content\/uploads\/2023\/10\/Ponava_2023_2-1024x768.jpg\" alt=\"\" data-id=\"2728\" data-full-url=\"https:\/\/www.wraadapband.cz\/wp-content\/uploads\/2023\/10\/Ponava_2023_2.jpg\" data-link=\"https:\/\/www.wraadapband.cz\/?attachment_id=2728#main\" class=\"wp-image-2728\" srcset=\"https:\/\/www.wraadapband.cz\/wp-content\/uploads\/2023\/10\/Ponava_2023_2-1024x768.jpg 1024w, https:\/\/www.wraadapband.cz\/wp-content\/uploads\/2023\/10\/Ponava_2023_2-300x225.jpg 300w, https:\/\/www.wraadapband.cz\/wp-content\/uploads\/2023\/10\/Ponava_2023_2-768x576.jpg 768w, https:\/\/www.wraadapband.cz\/wp-content\/uploads\/2023\/10\/Ponava_2023_2-1536x1152.jpg 1536w, https:\/\/www.wraadapband.cz\/wp-content\/uploads\/2023\/10\/Ponava_2023_2.jpg 2000w\" sizes=\"auto, (max-width: 1024px) 100vw, 1024px\" \/><\/a><\/figure><\/li><li class=\"blocks-gallery-item\"><figure><a href=\"https:\/\/www.wraadapband.cz\/wp-content\/uploads\/2023\/10\/Ponava_2023_3.jpg\"><img loading=\"lazy\" decoding=\"async\" width=\"1024\" height=\"768\" src=\"https:\/\/www.wraadapband.cz\/wp-content\/uploads\/2023\/10\/Ponava_2023_3-1024x768.jpg\" alt=\"\" data-id=\"2729\" data-full-url=\"https:\/\/www.wraadapband.cz\/wp-content\/uploads\/2023\/10\/Ponava_2023_3.jpg\" data-link=\"https:\/\/www.wraadapband.cz\/?attachment_id=2729#main\" class=\"wp-image-2729\" srcset=\"https:\/\/www.wraadapband.cz\/wp-content\/uploads\/2023\/10\/Ponava_2023_3-1024x768.jpg 1024w, https:\/\/www.wraadapband.cz\/wp-content\/uploads\/2023\/10\/Ponava_2023_3-300x225.jpg 300w, https:\/\/www.wraadapband.cz\/wp-content\/uploads\/2023\/10\/Ponava_2023_3-768x576.jpg 768w, https:\/\/www.wraadapband.cz\/wp-content\/uploads\/2023\/10\/Ponava_2023_3-1536x1152.jpg 1536w, https:\/\/www.wraadapband.cz\/wp-content\/uploads\/2023\/10\/Ponava_2023_3.jpg 2000w\" sizes=\"auto, (max-width: 1024px) 100vw, 1024px\" \/><\/a><\/figure><\/li><li class=\"blocks-gallery-item\"><figure><a href=\"https:\/\/www.wraadapband.cz\/wp-content\/uploads\/2023\/10\/Ponava_2023_4.jpg\"><img loading=\"lazy\" decoding=\"async\" width=\"1024\" height=\"768\" src=\"https:\/\/www.wraadapband.cz\/wp-content\/uploads\/2023\/10\/Ponava_2023_4-1024x768.jpg\" alt=\"\" data-id=\"2730\" data-full-url=\"https:\/\/www.wraadapband.cz\/wp-content\/uploads\/2023\/10\/Ponava_2023_4.jpg\" data-link=\"https:\/\/www.wraadapband.cz\/?attachment_id=2730#main\" class=\"wp-image-2730\" srcset=\"https:\/\/www.wraadapband.cz\/wp-content\/uploads\/2023\/10\/Ponava_2023_4-1024x768.jpg 1024w, https:\/\/www.wraadapband.cz\/wp-content\/uploads\/2023\/10\/Ponava_2023_4-300x225.jpg 300w, https:\/\/www.wraadapband.cz\/wp-content\/uploads\/2023\/10\/Ponava_2023_4-768x576.jpg 768w, https:\/\/www.wraadapband.cz\/wp-content\/uploads\/2023\/10\/Ponava_2023_4-1536x1152.jpg 1536w, https:\/\/www.wraadapband.cz\/wp-content\/uploads\/2023\/10\/Ponava_2023_4.jpg 2000w\" sizes=\"auto, (max-width: 1024px) 100vw, 1024px\" \/><\/a><\/figure><\/li><\/ul><\/figure>\n","protected":false},"excerpt":{"rendered":"","protected":false},"author":2,"featured_media":2731,"parent":194,"menu_order":0,"comment_status":"closed","ping_status":"closed","template":"","meta":{"footnotes":""},"class_list":["post-2724","page","type-page","status-publish","has-post-thumbnail","hentry"],"_links":{"self":[{"href":"https:\/\/www.wraadapband.cz\/index.php?rest_route=\/wp\/v2\/pages\/2724","targetHints":{"allow":["GET"]}}],"collection":[{"href":"https:\/\/www.wraadapband.cz\/index.php?rest_route=\/wp\/v2\/pages"}],"about":[{"href":"https:\/\/www.wraadapband.cz\/index.php?rest_route=\/wp\/v2\/types\/page"}],"author":[{"embeddable":true,"href":"https:\/\/www.wraadapband.cz\/index.php?rest_route=\/wp\/v2\/users\/2"}],"replies":[{"embeddable":true,"href":"https:\/\/www.wraadapband.cz\/index.php?rest_route=%2Fwp%2Fv2%2Fcomments&post=2724"}],"version-history":[{"count":1,"href":"https:\/\/www.wraadapband.cz\/index.php?rest_route=\/wp\/v2\/pages\/2724\/revisions"}],"predecessor-version":[{"id":2732,"href":"https:\/\/www.wraadapband.cz\/index.php?rest_route=\/wp\/v2\/pages\/2724\/revisions\/2732"}],"up":[{"embeddable":true,"href":"https:\/\/www.wraadapband.cz\/index.php?rest_route=\/wp\/v2\/pages\/194"}],"wp:featuredmedia":[{"embeddable":true,"href":"https:\/\/www.wraadapband.cz\/index.php?rest_route=\/wp\/v2\/media\/2731"}],"wp:attachment":[{"href":"https:\/\/www.wraadapband.cz\/index.php?rest_route=%2Fwp%2Fv2%2Fmedia&parent=2724"}],"curies":[{"name":"wp","href":"https:\/\/api.w.org\/{rel}","templated":true}]}}