{"id":270,"date":"2015-07-01T18:27:22","date_gmt":"2015-07-01T16:27:22","guid":{"rendered":"http:\/\/www.wraadapband.cz\/?page_id=270"},"modified":"2025-04-24T16:07:37","modified_gmt":"2025-04-24T14:07:37","slug":"zdenek-treblik","status":"publish","type":"page","link":"https:\/\/www.wraadapband.cz\/?page_id=270","title":{"rendered":"ZDEN\u011aK TREBL\u00cdK (2007 &#8211; 2024)"},"content":{"rendered":"<p>Zden\u011bk Trebl\u00edk se narodil 21. listopadu v&nbsp;roce 1943 v&nbsp;T\u0159eb\u00ed\u010di. V&nbsp;roce 1944 se cel\u00e1 rodina p\u0159est\u011bhovala do Brna, kde vyr\u016fstal s&nbsp;dv\u011bma bratry. Jeho hudebn\u00ed talent se projevil ji\u017e v&nbsp;\u00fatl\u00e9m v\u011bku a v&nbsp;p\u011bti letech se za\u010dal u\u010dit hr\u00e1t na klav\u00edr. V&nbsp;\u0161estn\u00e1cti letech zalo\u017eil svoji prvn\u00ed kapelu s&nbsp;n\u00e1zvem Dixieland Ruby, pozd\u011bji Big Beat Ruby. Teprve t\u0159i roky pot\u00e9 nastoupil na brn\u011bnskou konzervato\u0159 na obor kontrabas. Po \u00fasp\u011b\u0161n\u00e9m absolvov\u00e1n\u00ed konzervato\u0159e jeho hudebn\u00ed kari\u00e9ra pokra\u010dovala ve vojensk\u00e9 slu\u017eb\u011b, n\u00e1sledn\u011b pak n\u011bkolik let cestoval a hr\u00e1l v&nbsp;evropsk\u00fdch zem\u00edch. Zalo\u017eil tak\u00e9 estr\u00e1dn\u00ed kapelu, kterou vedl do roku 1990. V&nbsp;kapel\u00e1ch zastupoval pozice kytaristy, klav\u00edristy, tromb\u00f3nisty a baskytaristy.<\/p>\n<p>V&nbsp;roce 1990 nastupil jako u\u010ditel na ZU\u0160 Smetanova v Brn\u011b, na kter\u00e9 u\u010dil a\u017e do odchodu do d\u016fchodu. B\u011bhem sv\u00e9 pedagogick\u00e9 dr\u00e1hy vyu\u010doval keyboard, kontrabas, baskytaru a trombon. P\u0159i 50-ti let\u00e9m v\u00fdro\u010d\u00ed zalo\u017een\u00ed ZU\u0160 v&nbsp;roce 2008 zalo\u017eil Big band ze Smetanky, kter\u00fd se na po\u010dest kapeln\u00edka n\u00e1sledn\u011b p\u0159ejmenoval na WraaDap band ze Smetanky Zde\u0148ka Trebl\u00edka.<\/p>\n<p>Zden\u011bk Trebl\u00edk je a v\u017edycky byl muzikantem t\u011blem i du\u0161\u00ed, zakl\u00e1dal kapely a kdy\u017e nem\u011bl pot\u0159ebn\u00e9 hr\u00e1\u010de, tak si je vychoval. K&nbsp;jazzov\u00e9 hudb\u011b m\u011bl v\u017edy bl\u00edzko. Hr\u00e1l ji aktivn\u011b i tvo\u0159il aran\u017em\u00e1, d\u00edky \u010demu\u017e m\u00e1 tento big band tak \u0161irok\u00fd a pestr\u00fd reperto\u00e1r.<\/p>\n<div id=\"attachment_271\" style=\"width: 292px\" class=\"wp-caption alignleft\"><a href=\"https:\/\/www.wraadapband.cz\/wp-content\/uploads\/2015\/07\/historie-Trebl\u00edk.bmp\"><img loading=\"lazy\" decoding=\"async\" aria-describedby=\"caption-attachment-271\" class=\"wp-image-271 \" src=\"https:\/\/www.wraadapband.cz\/wp-content\/uploads\/2015\/07\/historie-Trebl\u00edk.bmp\" alt=\"historie Trebl\u00edk\" width=\"282\" height=\"205\"><\/a><p id=\"caption-attachment-271\" class=\"wp-caption-text\"><span style=\"color: #333333;\">BIG BEAT RUBY Zleva: Zden\u011bk Trebl\u00edk, Ji\u0159ina Odrazilov\u00e1, Rudolf H\u00e1jek a Franti\u0161ek \u0160ev\u010d\u00edk. V Lidov\u00e9m dom\u011b kolem roku 1966<\/span><\/p><\/div>\n<div id=\"attachment_392\" style=\"width: 429px\" class=\"wp-caption alignleft\"><a href=\"https:\/\/www.wraadapband.cz\/wp-content\/uploads\/2015\/07\/10929567_10203803665916312_3508363537272382922_n.jpg\"><img loading=\"lazy\" decoding=\"async\" aria-describedby=\"caption-attachment-392\" class=\"wp-image-392 \" src=\"https:\/\/www.wraadapband.cz\/wp-content\/uploads\/2015\/07\/10929567_10203803665916312_3508363537272382922_n-300x149.jpg\" alt=\"10929567_10203803665916312_3508363537272382922_n\" width=\"419\" height=\"208\" srcset=\"https:\/\/www.wraadapband.cz\/wp-content\/uploads\/2015\/07\/10929567_10203803665916312_3508363537272382922_n-300x149.jpg 300w, https:\/\/www.wraadapband.cz\/wp-content\/uploads\/2015\/07\/10929567_10203803665916312_3508363537272382922_n.jpg 520w\" sizes=\"auto, (max-width: 419px) 100vw, 419px\" \/><\/a><p id=\"caption-attachment-392\" class=\"wp-caption-text\"><span style=\"color: #333333;\">Zden\u011bk Trebl\u00edk, tromb\u00f3n, bas kytara<\/span><\/p><\/div>\n","protected":false},"excerpt":{"rendered":"<p>Zden\u011bk Trebl\u00edk se narodil 21. listopadu v&nbsp;roce 1943 v&nbsp;T\u0159eb\u00ed\u010di. V&nbsp;roce 1944 se cel\u00e1 rodina p\u0159est\u011bhovala do Brna, kde vyr\u016fstal s&nbsp;dv\u011bma bratry. Jeho hudebn\u00ed talent se projevil ji\u017e v&nbsp;\u00fatl\u00e9m v\u011bku a v&nbsp;p\u011bti letech se za\u010dal u\u010dit hr\u00e1t na klav\u00edr. V&nbsp;\u0161estn\u00e1cti letech zalo\u017eil svoji prvn\u00ed kapelu s&nbsp;n\u00e1zvem Dixieland Ruby, pozd\u011bji Big Beat Ruby. Teprve t\u0159i roky pot\u00e9 <a class=\"more-link\" href=\"https:\/\/www.wraadapband.cz\/?page_id=270\">V\u00edce&#8230;<\/a><\/p>\n","protected":false},"author":2,"featured_media":0,"parent":0,"menu_order":0,"comment_status":"closed","ping_status":"closed","template":"","meta":{"footnotes":""},"class_list":["post-270","page","type-page","status-publish","hentry"],"_links":{"self":[{"href":"https:\/\/www.wraadapband.cz\/index.php?rest_route=\/wp\/v2\/pages\/270","targetHints":{"allow":["GET"]}}],"collection":[{"href":"https:\/\/www.wraadapband.cz\/index.php?rest_route=\/wp\/v2\/pages"}],"about":[{"href":"https:\/\/www.wraadapband.cz\/index.php?rest_route=\/wp\/v2\/types\/page"}],"author":[{"embeddable":true,"href":"https:\/\/www.wraadapband.cz\/index.php?rest_route=\/wp\/v2\/users\/2"}],"replies":[{"embeddable":true,"href":"https:\/\/www.wraadapband.cz\/index.php?rest_route=%2Fwp%2Fv2%2Fcomments&post=270"}],"version-history":[{"count":9,"href":"https:\/\/www.wraadapband.cz\/index.php?rest_route=\/wp\/v2\/pages\/270\/revisions"}],"predecessor-version":[{"id":2995,"href":"https:\/\/www.wraadapband.cz\/index.php?rest_route=\/wp\/v2\/pages\/270\/revisions\/2995"}],"wp:attachment":[{"href":"https:\/\/www.wraadapband.cz\/index.php?rest_route=%2Fwp%2Fv2%2Fmedia&parent=270"}],"curies":[{"name":"wp","href":"https:\/\/api.w.org\/{rel}","templated":true}]}}