{"id":2393,"date":"2018-11-08T17:15:36","date_gmt":"2018-11-08T16:15:36","guid":{"rendered":"http:\/\/www.wraadapband.cz\/?page_id=2393"},"modified":"2023-10-23T18:19:56","modified_gmt":"2023-10-23T16:19:56","slug":"klub-selepova-no-1-brno-24-10-2018-oslava-10-let-existenci-kapely-a-75-narozeniny-naseho-kapelnika-zdenka-treblika","status":"publish","type":"page","link":"https:\/\/www.wraadapband.cz\/?page_id=2393","title":{"rendered":"Klub \u0160elepova No.1, Brno, 24. 10. 2018 &#8211; Oslava 10 let existenci kapely a 75. narozeniny na\u0161eho kapeln\u00edka Zde\u0148ka Trebl\u00edka"},"content":{"rendered":"\n\t\t<style type=\"text\/css\">\n\t\t\t#gallery-1 {\n\t\t\t\tmargin: auto;\n\t\t\t}\n\t\t\t#gallery-1 .gallery-item {\n\t\t\t\tfloat: left;\n\t\t\t\tmargin-top: 10px;\n\t\t\t\ttext-align: center;\n\t\t\t\twidth: 33%;\n\t\t\t}\n\t\t\t#gallery-1 img {\n\t\t\t\tborder: 2px solid #cfcfcf;\n\t\t\t}\n\t\t\t#gallery-1 .gallery-caption {\n\t\t\t\tmargin-left: 0;\n\t\t\t}\n\t\t\t\/* see gallery_shortcode() in wp-includes\/media.php *\/\n\t\t<\/style>\n\t\t<div id='gallery-1' class='gallery galleryid-2393 gallery-columns-3 gallery-size-thumbnail'><dl class='gallery-item'>\n\t\t\t<dt class='gallery-icon landscape'>\n\t\t\t\t<a href='https:\/\/www.wraadapband.cz\/?attachment_id=2394#main'><img loading=\"lazy\" decoding=\"async\" width=\"150\" height=\"150\" src=\"https:\/\/www.wraadapband.cz\/wp-content\/uploads\/2018\/11\/DSC_7723_FB-150x150.jpg\" class=\"attachment-thumbnail size-thumbnail\" alt=\"\" srcset=\"https:\/\/www.wraadapband.cz\/wp-content\/uploads\/2018\/11\/DSC_7723_FB-150x150.jpg 150w, https:\/\/www.wraadapband.cz\/wp-content\/uploads\/2018\/11\/DSC_7723_FB-200x200.jpg 200w\" sizes=\"auto, (max-width: 150px) 100vw, 150px\" \/><\/a>\n\t\t\t<\/dt><\/dl><dl class='gallery-item'>\n\t\t\t<dt class='gallery-icon landscape'>\n\t\t\t\t<a href='https:\/\/www.wraadapband.cz\/?attachment_id=2395#main'><img loading=\"lazy\" decoding=\"async\" width=\"150\" height=\"150\" src=\"https:\/\/www.wraadapband.cz\/wp-content\/uploads\/2018\/11\/DSC_7740_FB-150x150.jpg\" class=\"attachment-thumbnail size-thumbnail\" alt=\"\" srcset=\"https:\/\/www.wraadapband.cz\/wp-content\/uploads\/2018\/11\/DSC_7740_FB-150x150.jpg 150w, https:\/\/www.wraadapband.cz\/wp-content\/uploads\/2018\/11\/DSC_7740_FB-200x200.jpg 200w\" sizes=\"auto, (max-width: 150px) 100vw, 150px\" \/><\/a>\n\t\t\t<\/dt><\/dl><dl class='gallery-item'>\n\t\t\t<dt class='gallery-icon portrait'>\n\t\t\t\t<a href='https:\/\/www.wraadapband.cz\/?attachment_id=2396#main'><img loading=\"lazy\" decoding=\"async\" width=\"150\" height=\"150\" src=\"https:\/\/www.wraadapband.cz\/wp-content\/uploads\/2018\/11\/DSC_7757_FB-150x150.jpg\" class=\"attachment-thumbnail size-thumbnail\" alt=\"\" srcset=\"https:\/\/www.wraadapband.cz\/wp-content\/uploads\/2018\/11\/DSC_7757_FB-150x150.jpg 150w, https:\/\/www.wraadapband.cz\/wp-content\/uploads\/2018\/11\/DSC_7757_FB-200x200.jpg 200w\" sizes=\"auto, (max-width: 150px) 100vw, 150px\" \/><\/a>\n\t\t\t<\/dt><\/dl><br style=\"clear: both\" \/><dl class='gallery-item'>\n\t\t\t<dt class='gallery-icon landscape'>\n\t\t\t\t<a href='https:\/\/www.wraadapband.cz\/?attachment_id=2397#main'><img loading=\"lazy\" decoding=\"async\" width=\"150\" height=\"150\" src=\"https:\/\/www.wraadapband.cz\/wp-content\/uploads\/2018\/11\/DSC_7763_BW-150x150.jpg\" class=\"attachment-thumbnail size-thumbnail\" alt=\"\" srcset=\"https:\/\/www.wraadapband.cz\/wp-content\/uploads\/2018\/11\/DSC_7763_BW-150x150.jpg 150w, https:\/\/www.wraadapband.cz\/wp-content\/uploads\/2018\/11\/DSC_7763_BW-200x200.jpg 200w\" sizes=\"auto, (max-width: 150px) 100vw, 150px\" \/><\/a>\n\t\t\t<\/dt><\/dl><dl class='gallery-item'>\n\t\t\t<dt class='gallery-icon portrait'>\n\t\t\t\t<a href='https:\/\/www.wraadapband.cz\/?attachment_id=2398#main'><img loading=\"lazy\" decoding=\"async\" width=\"150\" height=\"150\" src=\"https:\/\/www.wraadapband.cz\/wp-content\/uploads\/2018\/11\/DSC_7778_FB-150x150.jpg\" class=\"attachment-thumbnail size-thumbnail\" alt=\"\" srcset=\"https:\/\/www.wraadapband.cz\/wp-content\/uploads\/2018\/11\/DSC_7778_FB-150x150.jpg 150w, https:\/\/www.wraadapband.cz\/wp-content\/uploads\/2018\/11\/DSC_7778_FB-200x200.jpg 200w\" sizes=\"auto, (max-width: 150px) 100vw, 150px\" \/><\/a>\n\t\t\t<\/dt><\/dl><dl class='gallery-item'>\n\t\t\t<dt class='gallery-icon portrait'>\n\t\t\t\t<a href='https:\/\/www.wraadapband.cz\/?attachment_id=2399#main'><img loading=\"lazy\" decoding=\"async\" width=\"150\" height=\"150\" src=\"https:\/\/www.wraadapband.cz\/wp-content\/uploads\/2018\/11\/DSC_7793_FB-150x150.jpg\" class=\"attachment-thumbnail size-thumbnail\" alt=\"\" srcset=\"https:\/\/www.wraadapband.cz\/wp-content\/uploads\/2018\/11\/DSC_7793_FB-150x150.jpg 150w, https:\/\/www.wraadapband.cz\/wp-content\/uploads\/2018\/11\/DSC_7793_FB-200x200.jpg 200w\" sizes=\"auto, (max-width: 150px) 100vw, 150px\" \/><\/a>\n\t\t\t<\/dt><\/dl><br style=\"clear: both\" \/><dl class='gallery-item'>\n\t\t\t<dt class='gallery-icon portrait'>\n\t\t\t\t<a href='https:\/\/www.wraadapband.cz\/?attachment_id=2400#main'><img loading=\"lazy\" decoding=\"async\" width=\"150\" height=\"150\" src=\"https:\/\/www.wraadapband.cz\/wp-content\/uploads\/2018\/11\/DSC_7808_BW-150x150.jpg\" class=\"attachment-thumbnail size-thumbnail\" alt=\"\" srcset=\"https:\/\/www.wraadapband.cz\/wp-content\/uploads\/2018\/11\/DSC_7808_BW-150x150.jpg 150w, https:\/\/www.wraadapband.cz\/wp-content\/uploads\/2018\/11\/DSC_7808_BW-200x200.jpg 200w\" sizes=\"auto, (max-width: 150px) 100vw, 150px\" \/><\/a>\n\t\t\t<\/dt><\/dl><dl class='gallery-item'>\n\t\t\t<dt class='gallery-icon portrait'>\n\t\t\t\t<a href='https:\/\/www.wraadapband.cz\/?attachment_id=2401#main'><img loading=\"lazy\" decoding=\"async\" width=\"150\" height=\"150\" src=\"https:\/\/www.wraadapband.cz\/wp-content\/uploads\/2018\/11\/DSC_7821_BW-150x150.jpg\" class=\"attachment-thumbnail size-thumbnail\" alt=\"\" srcset=\"https:\/\/www.wraadapband.cz\/wp-content\/uploads\/2018\/11\/DSC_7821_BW-150x150.jpg 150w, https:\/\/www.wraadapband.cz\/wp-content\/uploads\/2018\/11\/DSC_7821_BW-200x200.jpg 200w\" sizes=\"auto, (max-width: 150px) 100vw, 150px\" \/><\/a>\n\t\t\t<\/dt><\/dl><dl class='gallery-item'>\n\t\t\t<dt class='gallery-icon landscape'>\n\t\t\t\t<a href='https:\/\/www.wraadapband.cz\/?attachment_id=2402#main'><img loading=\"lazy\" decoding=\"async\" width=\"150\" height=\"150\" src=\"https:\/\/www.wraadapband.cz\/wp-content\/uploads\/2018\/11\/DSC_7828_FB-150x150.jpg\" class=\"attachment-thumbnail size-thumbnail\" alt=\"\" srcset=\"https:\/\/www.wraadapband.cz\/wp-content\/uploads\/2018\/11\/DSC_7828_FB-150x150.jpg 150w, https:\/\/www.wraadapband.cz\/wp-content\/uploads\/2018\/11\/DSC_7828_FB-200x200.jpg 200w\" sizes=\"auto, (max-width: 150px) 100vw, 150px\" \/><\/a>\n\t\t\t<\/dt><\/dl><br style=\"clear: both\" \/><dl class='gallery-item'>\n\t\t\t<dt class='gallery-icon portrait'>\n\t\t\t\t<a href='https:\/\/www.wraadapband.cz\/?attachment_id=2403#main'><img loading=\"lazy\" decoding=\"async\" width=\"150\" height=\"150\" src=\"https:\/\/www.wraadapband.cz\/wp-content\/uploads\/2018\/11\/DSC_7839_NEPUBLIKOVAT-150x150.jpg\" class=\"attachment-thumbnail size-thumbnail\" alt=\"\" srcset=\"https:\/\/www.wraadapband.cz\/wp-content\/uploads\/2018\/11\/DSC_7839_NEPUBLIKOVAT-150x150.jpg 150w, https:\/\/www.wraadapband.cz\/wp-content\/uploads\/2018\/11\/DSC_7839_NEPUBLIKOVAT-200x200.jpg 200w\" sizes=\"auto, (max-width: 150px) 100vw, 150px\" \/><\/a>\n\t\t\t<\/dt><\/dl><dl class='gallery-item'>\n\t\t\t<dt class='gallery-icon landscape'>\n\t\t\t\t<a href='https:\/\/www.wraadapband.cz\/?attachment_id=2404#main'><img loading=\"lazy\" decoding=\"async\" width=\"150\" height=\"150\" src=\"https:\/\/www.wraadapband.cz\/wp-content\/uploads\/2018\/11\/DSC_7850_FB-150x150.jpg\" class=\"attachment-thumbnail size-thumbnail\" alt=\"\" srcset=\"https:\/\/www.wraadapband.cz\/wp-content\/uploads\/2018\/11\/DSC_7850_FB-150x150.jpg 150w, https:\/\/www.wraadapband.cz\/wp-content\/uploads\/2018\/11\/DSC_7850_FB-200x200.jpg 200w\" sizes=\"auto, (max-width: 150px) 100vw, 150px\" \/><\/a>\n\t\t\t<\/dt><\/dl><dl class='gallery-item'>\n\t\t\t<dt class='gallery-icon portrait'>\n\t\t\t\t<a href='https:\/\/www.wraadapband.cz\/?attachment_id=2405#main'><img loading=\"lazy\" decoding=\"async\" width=\"150\" height=\"150\" src=\"https:\/\/www.wraadapband.cz\/wp-content\/uploads\/2018\/11\/DSC_7858_FB-150x150.jpg\" class=\"attachment-thumbnail size-thumbnail\" alt=\"\" srcset=\"https:\/\/www.wraadapband.cz\/wp-content\/uploads\/2018\/11\/DSC_7858_FB-150x150.jpg 150w, https:\/\/www.wraadapband.cz\/wp-content\/uploads\/2018\/11\/DSC_7858_FB-200x200.jpg 200w\" sizes=\"auto, (max-width: 150px) 100vw, 150px\" \/><\/a>\n\t\t\t<\/dt><\/dl><br style=\"clear: both\" \/><dl class='gallery-item'>\n\t\t\t<dt class='gallery-icon landscape'>\n\t\t\t\t<a href='https:\/\/www.wraadapband.cz\/?attachment_id=2406#main'><img loading=\"lazy\" decoding=\"async\" width=\"150\" height=\"150\" src=\"https:\/\/www.wraadapband.cz\/wp-content\/uploads\/2018\/11\/DSC_7865_FB-150x150.jpg\" class=\"attachment-thumbnail size-thumbnail\" alt=\"\" srcset=\"https:\/\/www.wraadapband.cz\/wp-content\/uploads\/2018\/11\/DSC_7865_FB-150x150.jpg 150w, https:\/\/www.wraadapband.cz\/wp-content\/uploads\/2018\/11\/DSC_7865_FB-200x200.jpg 200w\" sizes=\"auto, (max-width: 150px) 100vw, 150px\" \/><\/a>\n\t\t\t<\/dt><\/dl><dl class='gallery-item'>\n\t\t\t<dt class='gallery-icon portrait'>\n\t\t\t\t<a href='https:\/\/www.wraadapband.cz\/?attachment_id=2407#main'><img loading=\"lazy\" decoding=\"async\" width=\"150\" height=\"150\" src=\"https:\/\/www.wraadapband.cz\/wp-content\/uploads\/2018\/11\/DSC_7867_FB-150x150.jpg\" class=\"attachment-thumbnail size-thumbnail\" alt=\"\" srcset=\"https:\/\/www.wraadapband.cz\/wp-content\/uploads\/2018\/11\/DSC_7867_FB-150x150.jpg 150w, https:\/\/www.wraadapband.cz\/wp-content\/uploads\/2018\/11\/DSC_7867_FB-200x200.jpg 200w\" sizes=\"auto, (max-width: 150px) 100vw, 150px\" \/><\/a>\n\t\t\t<\/dt><\/dl><dl class='gallery-item'>\n\t\t\t<dt class='gallery-icon landscape'>\n\t\t\t\t<a href='https:\/\/www.wraadapband.cz\/?attachment_id=2408#main'><img loading=\"lazy\" decoding=\"async\" width=\"150\" height=\"150\" src=\"https:\/\/www.wraadapband.cz\/wp-content\/uploads\/2018\/11\/DSC_7876_FB-150x150.jpg\" class=\"attachment-thumbnail size-thumbnail\" alt=\"\" srcset=\"https:\/\/www.wraadapband.cz\/wp-content\/uploads\/2018\/11\/DSC_7876_FB-150x150.jpg 150w, https:\/\/www.wraadapband.cz\/wp-content\/uploads\/2018\/11\/DSC_7876_FB-200x200.jpg 200w\" sizes=\"auto, (max-width: 150px) 100vw, 150px\" \/><\/a>\n\t\t\t<\/dt><\/dl><br style=\"clear: both\" \/><dl class='gallery-item'>\n\t\t\t<dt class='gallery-icon portrait'>\n\t\t\t\t<a href='https:\/\/www.wraadapband.cz\/?attachment_id=2409#main'><img loading=\"lazy\" decoding=\"async\" width=\"150\" height=\"150\" src=\"https:\/\/www.wraadapband.cz\/wp-content\/uploads\/2018\/11\/DSC_7885_FB-150x150.jpg\" class=\"attachment-thumbnail size-thumbnail\" alt=\"\" srcset=\"https:\/\/www.wraadapband.cz\/wp-content\/uploads\/2018\/11\/DSC_7885_FB-150x150.jpg 150w, https:\/\/www.wraadapband.cz\/wp-content\/uploads\/2018\/11\/DSC_7885_FB-200x200.jpg 200w\" sizes=\"auto, (max-width: 150px) 100vw, 150px\" \/><\/a>\n\t\t\t<\/dt><\/dl><dl class='gallery-item'>\n\t\t\t<dt class='gallery-icon portrait'>\n\t\t\t\t<a href='https:\/\/www.wraadapband.cz\/?attachment_id=2410#main'><img loading=\"lazy\" decoding=\"async\" width=\"150\" height=\"150\" src=\"https:\/\/www.wraadapband.cz\/wp-content\/uploads\/2018\/11\/DSC_7910_FB-150x150.jpg\" class=\"attachment-thumbnail size-thumbnail\" alt=\"\" srcset=\"https:\/\/www.wraadapband.cz\/wp-content\/uploads\/2018\/11\/DSC_7910_FB-150x150.jpg 150w, https:\/\/www.wraadapband.cz\/wp-content\/uploads\/2018\/11\/DSC_7910_FB-200x200.jpg 200w\" sizes=\"auto, (max-width: 150px) 100vw, 150px\" \/><\/a>\n\t\t\t<\/dt><\/dl><dl class='gallery-item'>\n\t\t\t<dt class='gallery-icon portrait'>\n\t\t\t\t<a href='https:\/\/www.wraadapband.cz\/?attachment_id=2411#main'><img loading=\"lazy\" decoding=\"async\" width=\"150\" height=\"150\" src=\"https:\/\/www.wraadapband.cz\/wp-content\/uploads\/2018\/11\/DSC_8004_FB-150x150.jpg\" class=\"attachment-thumbnail size-thumbnail\" alt=\"\" srcset=\"https:\/\/www.wraadapband.cz\/wp-content\/uploads\/2018\/11\/DSC_8004_FB-150x150.jpg 150w, https:\/\/www.wraadapband.cz\/wp-content\/uploads\/2018\/11\/DSC_8004_FB-200x200.jpg 200w\" sizes=\"auto, (max-width: 150px) 100vw, 150px\" \/><\/a>\n\t\t\t<\/dt><\/dl><br style=\"clear: both\" \/><dl class='gallery-item'>\n\t\t\t<dt class='gallery-icon portrait'>\n\t\t\t\t<a href='https:\/\/www.wraadapband.cz\/?attachment_id=2412#main'><img loading=\"lazy\" decoding=\"async\" width=\"150\" height=\"150\" src=\"https:\/\/www.wraadapband.cz\/wp-content\/uploads\/2018\/11\/DSC_8038_FB-150x150.jpg\" class=\"attachment-thumbnail size-thumbnail\" alt=\"\" srcset=\"https:\/\/www.wraadapband.cz\/wp-content\/uploads\/2018\/11\/DSC_8038_FB-150x150.jpg 150w, https:\/\/www.wraadapband.cz\/wp-content\/uploads\/2018\/11\/DSC_8038_FB-200x200.jpg 200w\" sizes=\"auto, (max-width: 150px) 100vw, 150px\" \/><\/a>\n\t\t\t<\/dt><\/dl><dl class='gallery-item'>\n\t\t\t<dt class='gallery-icon portrait'>\n\t\t\t\t<a href='https:\/\/www.wraadapband.cz\/?attachment_id=2413#main'><img loading=\"lazy\" decoding=\"async\" width=\"150\" height=\"150\" src=\"https:\/\/www.wraadapband.cz\/wp-content\/uploads\/2018\/11\/DSC_8042_FB-150x150.jpg\" class=\"attachment-thumbnail size-thumbnail\" alt=\"\" srcset=\"https:\/\/www.wraadapband.cz\/wp-content\/uploads\/2018\/11\/DSC_8042_FB-150x150.jpg 150w, https:\/\/www.wraadapband.cz\/wp-content\/uploads\/2018\/11\/DSC_8042_FB-200x200.jpg 200w\" sizes=\"auto, (max-width: 150px) 100vw, 150px\" \/><\/a>\n\t\t\t<\/dt><\/dl><dl class='gallery-item'>\n\t\t\t<dt class='gallery-icon landscape'>\n\t\t\t\t<a href='https:\/\/www.wraadapband.cz\/?attachment_id=2414#main'><img loading=\"lazy\" decoding=\"async\" width=\"150\" height=\"150\" src=\"https:\/\/www.wraadapband.cz\/wp-content\/uploads\/2018\/11\/DSC_8053-150x150.jpg\" class=\"attachment-thumbnail size-thumbnail\" alt=\"\" srcset=\"https:\/\/www.wraadapband.cz\/wp-content\/uploads\/2018\/11\/DSC_8053-150x150.jpg 150w, https:\/\/www.wraadapband.cz\/wp-content\/uploads\/2018\/11\/DSC_8053-200x200.jpg 200w\" sizes=\"auto, (max-width: 150px) 100vw, 150px\" \/><\/a>\n\t\t\t<\/dt><\/dl><br style=\"clear: both\" \/><dl class='gallery-item'>\n\t\t\t<dt class='gallery-icon portrait'>\n\t\t\t\t<a href='https:\/\/www.wraadapband.cz\/?attachment_id=2415#main'><img loading=\"lazy\" decoding=\"async\" width=\"150\" height=\"150\" src=\"https:\/\/www.wraadapband.cz\/wp-content\/uploads\/2018\/11\/DSC_8074_FB-150x150.jpg\" class=\"attachment-thumbnail size-thumbnail\" alt=\"\" srcset=\"https:\/\/www.wraadapband.cz\/wp-content\/uploads\/2018\/11\/DSC_8074_FB-150x150.jpg 150w, https:\/\/www.wraadapband.cz\/wp-content\/uploads\/2018\/11\/DSC_8074_FB-200x200.jpg 200w\" sizes=\"auto, (max-width: 150px) 100vw, 150px\" \/><\/a>\n\t\t\t<\/dt><\/dl><dl class='gallery-item'>\n\t\t\t<dt class='gallery-icon landscape'>\n\t\t\t\t<a href='https:\/\/www.wraadapband.cz\/?attachment_id=2416#main'><img loading=\"lazy\" decoding=\"async\" width=\"150\" height=\"150\" src=\"https:\/\/www.wraadapband.cz\/wp-content\/uploads\/2018\/11\/DSC_8082_FB-150x150.jpg\" class=\"attachment-thumbnail size-thumbnail\" alt=\"\" srcset=\"https:\/\/www.wraadapband.cz\/wp-content\/uploads\/2018\/11\/DSC_8082_FB-150x150.jpg 150w, https:\/\/www.wraadapband.cz\/wp-content\/uploads\/2018\/11\/DSC_8082_FB-200x200.jpg 200w\" sizes=\"auto, (max-width: 150px) 100vw, 150px\" \/><\/a>\n\t\t\t<\/dt><\/dl><dl class='gallery-item'>\n\t\t\t<dt class='gallery-icon portrait'>\n\t\t\t\t<a href='https:\/\/www.wraadapband.cz\/?attachment_id=2417#main'><img loading=\"lazy\" decoding=\"async\" width=\"150\" height=\"150\" src=\"https:\/\/www.wraadapband.cz\/wp-content\/uploads\/2018\/11\/DSC_8091_FB-150x150.jpg\" class=\"attachment-thumbnail size-thumbnail\" alt=\"\" srcset=\"https:\/\/www.wraadapband.cz\/wp-content\/uploads\/2018\/11\/DSC_8091_FB-150x150.jpg 150w, https:\/\/www.wraadapband.cz\/wp-content\/uploads\/2018\/11\/DSC_8091_FB-200x200.jpg 200w\" sizes=\"auto, (max-width: 150px) 100vw, 150px\" \/><\/a>\n\t\t\t<\/dt><\/dl><br style=\"clear: both\" \/><dl class='gallery-item'>\n\t\t\t<dt class='gallery-icon portrait'>\n\t\t\t\t<a href='https:\/\/www.wraadapband.cz\/?attachment_id=2418#main'><img loading=\"lazy\" decoding=\"async\" width=\"150\" height=\"150\" src=\"https:\/\/www.wraadapband.cz\/wp-content\/uploads\/2018\/11\/DSC_8161_FB-150x150.jpg\" class=\"attachment-thumbnail size-thumbnail\" alt=\"\" srcset=\"https:\/\/www.wraadapband.cz\/wp-content\/uploads\/2018\/11\/DSC_8161_FB-150x150.jpg 150w, https:\/\/www.wraadapband.cz\/wp-content\/uploads\/2018\/11\/DSC_8161_FB-200x200.jpg 200w\" sizes=\"auto, (max-width: 150px) 100vw, 150px\" \/><\/a>\n\t\t\t<\/dt><\/dl><dl class='gallery-item'>\n\t\t\t<dt class='gallery-icon portrait'>\n\t\t\t\t<a href='https:\/\/www.wraadapband.cz\/?attachment_id=2419#main'><img loading=\"lazy\" decoding=\"async\" width=\"150\" height=\"150\" src=\"https:\/\/www.wraadapband.cz\/wp-content\/uploads\/2018\/11\/DSC_8163_FB-150x150.jpg\" class=\"attachment-thumbnail size-thumbnail\" alt=\"\" srcset=\"https:\/\/www.wraadapband.cz\/wp-content\/uploads\/2018\/11\/DSC_8163_FB-150x150.jpg 150w, https:\/\/www.wraadapband.cz\/wp-content\/uploads\/2018\/11\/DSC_8163_FB-200x200.jpg 200w\" sizes=\"auto, (max-width: 150px) 100vw, 150px\" \/><\/a>\n\t\t\t<\/dt><\/dl><dl class='gallery-item'>\n\t\t\t<dt class='gallery-icon landscape'>\n\t\t\t\t<a href='https:\/\/www.wraadapband.cz\/?attachment_id=2420#main'><img loading=\"lazy\" decoding=\"async\" width=\"150\" height=\"150\" src=\"https:\/\/www.wraadapband.cz\/wp-content\/uploads\/2018\/11\/DSC_8173_FB-150x150.jpg\" class=\"attachment-thumbnail size-thumbnail\" alt=\"\" srcset=\"https:\/\/www.wraadapband.cz\/wp-content\/uploads\/2018\/11\/DSC_8173_FB-150x150.jpg 150w, https:\/\/www.wraadapband.cz\/wp-content\/uploads\/2018\/11\/DSC_8173_FB-200x200.jpg 200w\" sizes=\"auto, (max-width: 150px) 100vw, 150px\" \/><\/a>\n\t\t\t<\/dt><\/dl><br style=\"clear: both\" \/><dl class='gallery-item'>\n\t\t\t<dt class='gallery-icon landscape'>\n\t\t\t\t<a href='https:\/\/www.wraadapband.cz\/?attachment_id=2421#main'><img loading=\"lazy\" decoding=\"async\" width=\"150\" height=\"150\" src=\"https:\/\/www.wraadapband.cz\/wp-content\/uploads\/2018\/11\/DSC_8179_FB-150x150.jpg\" class=\"attachment-thumbnail size-thumbnail\" alt=\"\" srcset=\"https:\/\/www.wraadapband.cz\/wp-content\/uploads\/2018\/11\/DSC_8179_FB-150x150.jpg 150w, https:\/\/www.wraadapband.cz\/wp-content\/uploads\/2018\/11\/DSC_8179_FB-200x200.jpg 200w\" sizes=\"auto, (max-width: 150px) 100vw, 150px\" \/><\/a>\n\t\t\t<\/dt><\/dl><dl class='gallery-item'>\n\t\t\t<dt class='gallery-icon landscape'>\n\t\t\t\t<a href='https:\/\/www.wraadapband.cz\/?attachment_id=2422#main'><img loading=\"lazy\" decoding=\"async\" width=\"150\" height=\"150\" src=\"https:\/\/www.wraadapband.cz\/wp-content\/uploads\/2018\/11\/DSC_8192_FB-150x150.jpg\" class=\"attachment-thumbnail size-thumbnail\" alt=\"\" srcset=\"https:\/\/www.wraadapband.cz\/wp-content\/uploads\/2018\/11\/DSC_8192_FB-150x150.jpg 150w, https:\/\/www.wraadapband.cz\/wp-content\/uploads\/2018\/11\/DSC_8192_FB-200x200.jpg 200w\" sizes=\"auto, (max-width: 150px) 100vw, 150px\" \/><\/a>\n\t\t\t<\/dt><\/dl><dl class='gallery-item'>\n\t\t\t<dt class='gallery-icon landscape'>\n\t\t\t\t<a href='https:\/\/www.wraadapband.cz\/?attachment_id=2423#main'><img loading=\"lazy\" decoding=\"async\" width=\"150\" height=\"150\" src=\"https:\/\/www.wraadapband.cz\/wp-content\/uploads\/2018\/11\/DSC_8203-150x150.jpg\" class=\"attachment-thumbnail size-thumbnail\" alt=\"\" srcset=\"https:\/\/www.wraadapband.cz\/wp-content\/uploads\/2018\/11\/DSC_8203-150x150.jpg 150w, https:\/\/www.wraadapband.cz\/wp-content\/uploads\/2018\/11\/DSC_8203-200x200.jpg 200w\" sizes=\"auto, (max-width: 150px) 100vw, 150px\" \/><\/a>\n\t\t\t<\/dt><\/dl><br style=\"clear: both\" \/><dl class='gallery-item'>\n\t\t\t<dt class='gallery-icon landscape'>\n\t\t\t\t<a href='https:\/\/www.wraadapband.cz\/?attachment_id=2424#main'><img loading=\"lazy\" decoding=\"async\" width=\"150\" height=\"150\" src=\"https:\/\/www.wraadapband.cz\/wp-content\/uploads\/2018\/11\/DSC_8228_FB-150x150.jpg\" class=\"attachment-thumbnail size-thumbnail\" alt=\"\" srcset=\"https:\/\/www.wraadapband.cz\/wp-content\/uploads\/2018\/11\/DSC_8228_FB-150x150.jpg 150w, https:\/\/www.wraadapband.cz\/wp-content\/uploads\/2018\/11\/DSC_8228_FB-200x200.jpg 200w\" sizes=\"auto, (max-width: 150px) 100vw, 150px\" \/><\/a>\n\t\t\t<\/dt><\/dl><dl class='gallery-item'>\n\t\t\t<dt class='gallery-icon portrait'>\n\t\t\t\t<a href='https:\/\/www.wraadapband.cz\/?attachment_id=2425#main'><img loading=\"lazy\" decoding=\"async\" width=\"150\" height=\"150\" src=\"https:\/\/www.wraadapband.cz\/wp-content\/uploads\/2018\/11\/DSC_8233_FB-150x150.jpg\" class=\"attachment-thumbnail size-thumbnail\" alt=\"\" srcset=\"https:\/\/www.wraadapband.cz\/wp-content\/uploads\/2018\/11\/DSC_8233_FB-150x150.jpg 150w, https:\/\/www.wraadapband.cz\/wp-content\/uploads\/2018\/11\/DSC_8233_FB-200x200.jpg 200w\" sizes=\"auto, (max-width: 150px) 100vw, 150px\" \/><\/a>\n\t\t\t<\/dt><\/dl><dl class='gallery-item'>\n\t\t\t<dt class='gallery-icon landscape'>\n\t\t\t\t<a href='https:\/\/www.wraadapband.cz\/?attachment_id=2426#main'><img loading=\"lazy\" decoding=\"async\" width=\"150\" height=\"150\" src=\"https:\/\/www.wraadapband.cz\/wp-content\/uploads\/2018\/11\/DSC_8239_FB-150x150.jpg\" class=\"attachment-thumbnail size-thumbnail\" alt=\"\" srcset=\"https:\/\/www.wraadapband.cz\/wp-content\/uploads\/2018\/11\/DSC_8239_FB-150x150.jpg 150w, https:\/\/www.wraadapband.cz\/wp-content\/uploads\/2018\/11\/DSC_8239_FB-200x200.jpg 200w\" sizes=\"auto, (max-width: 150px) 100vw, 150px\" \/><\/a>\n\t\t\t<\/dt><\/dl><br style=\"clear: both\" \/><dl class='gallery-item'>\n\t\t\t<dt class='gallery-icon portrait'>\n\t\t\t\t<a href='https:\/\/www.wraadapband.cz\/?attachment_id=2427#main'><img loading=\"lazy\" decoding=\"async\" width=\"150\" height=\"150\" src=\"https:\/\/www.wraadapband.cz\/wp-content\/uploads\/2018\/11\/DSC_8341_FB-150x150.jpg\" class=\"attachment-thumbnail size-thumbnail\" alt=\"\" srcset=\"https:\/\/www.wraadapband.cz\/wp-content\/uploads\/2018\/11\/DSC_8341_FB-150x150.jpg 150w, https:\/\/www.wraadapband.cz\/wp-content\/uploads\/2018\/11\/DSC_8341_FB-200x200.jpg 200w\" sizes=\"auto, (max-width: 150px) 100vw, 150px\" \/><\/a>\n\t\t\t<\/dt><\/dl><dl class='gallery-item'>\n\t\t\t<dt class='gallery-icon portrait'>\n\t\t\t\t<a href='https:\/\/www.wraadapband.cz\/?attachment_id=2428#main'><img loading=\"lazy\" decoding=\"async\" width=\"150\" height=\"150\" src=\"https:\/\/www.wraadapband.cz\/wp-content\/uploads\/2018\/11\/DSC_8362_FB-150x150.jpg\" class=\"attachment-thumbnail size-thumbnail\" alt=\"\" srcset=\"https:\/\/www.wraadapband.cz\/wp-content\/uploads\/2018\/11\/DSC_8362_FB-150x150.jpg 150w, https:\/\/www.wraadapband.cz\/wp-content\/uploads\/2018\/11\/DSC_8362_FB-200x200.jpg 200w\" sizes=\"auto, (max-width: 150px) 100vw, 150px\" \/><\/a>\n\t\t\t<\/dt><\/dl>\n\t\t\t<br style='clear: both' \/>\n\t\t<\/div>\n\n","protected":false},"excerpt":{"rendered":"","protected":false},"author":2,"featured_media":0,"parent":194,"menu_order":0,"comment_status":"closed","ping_status":"closed","template":"","meta":{"footnotes":""},"class_list":["post-2393","page","type-page","status-publish","hentry"],"_links":{"self":[{"href":"https:\/\/www.wraadapband.cz\/index.php?rest_route=\/wp\/v2\/pages\/2393","targetHints":{"allow":["GET"]}}],"collection":[{"href":"https:\/\/www.wraadapband.cz\/index.php?rest_route=\/wp\/v2\/pages"}],"about":[{"href":"https:\/\/www.wraadapband.cz\/index.php?rest_route=\/wp\/v2\/types\/page"}],"author":[{"embeddable":true,"href":"https:\/\/www.wraadapband.cz\/index.php?rest_route=\/wp\/v2\/users\/2"}],"replies":[{"embeddable":true,"href":"https:\/\/www.wraadapband.cz\/index.php?rest_route=%2Fwp%2Fv2%2Fcomments&post=2393"}],"version-history":[{"count":2,"href":"https:\/\/www.wraadapband.cz\/index.php?rest_route=\/wp\/v2\/pages\/2393\/revisions"}],"predecessor-version":[{"id":2431,"href":"https:\/\/www.wraadapband.cz\/index.php?rest_route=\/wp\/v2\/pages\/2393\/revisions\/2431"}],"up":[{"embeddable":true,"href":"https:\/\/www.wraadapband.cz\/index.php?rest_route=\/wp\/v2\/pages\/194"}],"wp:attachment":[{"href":"https:\/\/www.wraadapband.cz\/index.php?rest_route=%2Fwp%2Fv2%2Fmedia&parent=2393"}],"curies":[{"name":"wp","href":"https:\/\/api.w.org\/{rel}","templated":true}]}}