{"id":1954,"date":"2017-06-25T21:44:15","date_gmt":"2017-06-25T19:44:15","guid":{"rendered":"http:\/\/www.wraadapband.cz\/?page_id=1954"},"modified":"2023-10-23T18:20:23","modified_gmt":"2023-10-23T16:20:23","slug":"slavnostni-koncert-mozartovych-deti-brno-18-6-2017","status":"publish","type":"page","link":"https:\/\/www.wraadapband.cz\/?page_id=1954","title":{"rendered":"Slavnostn\u00ed koncert Mozartov\u00fdch d\u011bt\u00ed, Brno, 18. 6. 2017"},"content":{"rendered":"<p style=\"text-align: center;\">Zdroj fotek <a href=\"https:\/\/www.facebook.com\/mozartovydeti\/?hc_ref=NEWSFEED\">Mozartovy d\u011bti<\/a><\/p>\n\n\t\t<style type=\"text\/css\">\n\t\t\t#gallery-1 {\n\t\t\t\tmargin: auto;\n\t\t\t}\n\t\t\t#gallery-1 .gallery-item {\n\t\t\t\tfloat: left;\n\t\t\t\tmargin-top: 10px;\n\t\t\t\ttext-align: center;\n\t\t\t\twidth: 33%;\n\t\t\t}\n\t\t\t#gallery-1 img {\n\t\t\t\tborder: 2px solid #cfcfcf;\n\t\t\t}\n\t\t\t#gallery-1 .gallery-caption {\n\t\t\t\tmargin-left: 0;\n\t\t\t}\n\t\t\t\/* see gallery_shortcode() in wp-includes\/media.php *\/\n\t\t<\/style>\n\t\t<div id='gallery-1' class='gallery galleryid-1954 gallery-columns-3 gallery-size-thumbnail'><dl class='gallery-item'>\n\t\t\t<dt class='gallery-icon landscape'>\n\t\t\t\t<a href='https:\/\/www.wraadapband.cz\/?attachment_id=1966#main'><img loading=\"lazy\" decoding=\"async\" width=\"150\" height=\"150\" src=\"https:\/\/www.wraadapband.cz\/wp-content\/uploads\/2017\/06\/19264563_1515104341893560_1634399966448676185_o-150x150.jpg\" class=\"attachment-thumbnail size-thumbnail\" alt=\"\" srcset=\"https:\/\/www.wraadapband.cz\/wp-content\/uploads\/2017\/06\/19264563_1515104341893560_1634399966448676185_o-150x150.jpg 150w, https:\/\/www.wraadapband.cz\/wp-content\/uploads\/2017\/06\/19264563_1515104341893560_1634399966448676185_o-200x200.jpg 200w\" sizes=\"auto, (max-width: 150px) 100vw, 150px\" \/><\/a>\n\t\t\t<\/dt><\/dl><dl class='gallery-item'>\n\t\t\t<dt class='gallery-icon landscape'>\n\t\t\t\t<a href='https:\/\/www.wraadapband.cz\/?attachment_id=1963#main'><img loading=\"lazy\" decoding=\"async\" width=\"150\" height=\"150\" src=\"https:\/\/www.wraadapband.cz\/wp-content\/uploads\/2017\/06\/19238255_1515103865226941_44712265464654694_o-150x150.jpg\" class=\"attachment-thumbnail size-thumbnail\" alt=\"\" srcset=\"https:\/\/www.wraadapband.cz\/wp-content\/uploads\/2017\/06\/19238255_1515103865226941_44712265464654694_o-150x150.jpg 150w, https:\/\/www.wraadapband.cz\/wp-content\/uploads\/2017\/06\/19238255_1515103865226941_44712265464654694_o-200x200.jpg 200w\" sizes=\"auto, (max-width: 150px) 100vw, 150px\" \/><\/a>\n\t\t\t<\/dt><\/dl><dl class='gallery-item'>\n\t\t\t<dt class='gallery-icon landscape'>\n\t\t\t\t<a href='https:\/\/www.wraadapband.cz\/?attachment_id=1967#main'><img loading=\"lazy\" decoding=\"async\" width=\"150\" height=\"150\" src=\"https:\/\/www.wraadapband.cz\/wp-content\/uploads\/2017\/06\/19390935_1515103945226933_5804822904113456041_o-150x150.jpg\" class=\"attachment-thumbnail size-thumbnail\" alt=\"\" srcset=\"https:\/\/www.wraadapband.cz\/wp-content\/uploads\/2017\/06\/19390935_1515103945226933_5804822904113456041_o-150x150.jpg 150w, https:\/\/www.wraadapband.cz\/wp-content\/uploads\/2017\/06\/19390935_1515103945226933_5804822904113456041_o-200x200.jpg 200w\" sizes=\"auto, (max-width: 150px) 100vw, 150px\" \/><\/a>\n\t\t\t<\/dt><\/dl><br style=\"clear: both\" \/><dl class='gallery-item'>\n\t\t\t<dt class='gallery-icon landscape'>\n\t\t\t\t<a href='https:\/\/www.wraadapband.cz\/?attachment_id=1959#main'><img loading=\"lazy\" decoding=\"async\" width=\"150\" height=\"150\" src=\"https:\/\/www.wraadapband.cz\/wp-content\/uploads\/2017\/06\/19223044_1515103715226956_5810070328179888548_o-150x150.jpg\" class=\"attachment-thumbnail size-thumbnail\" alt=\"\" srcset=\"https:\/\/www.wraadapband.cz\/wp-content\/uploads\/2017\/06\/19223044_1515103715226956_5810070328179888548_o-150x150.jpg 150w, https:\/\/www.wraadapband.cz\/wp-content\/uploads\/2017\/06\/19223044_1515103715226956_5810070328179888548_o-200x200.jpg 200w\" sizes=\"auto, (max-width: 150px) 100vw, 150px\" \/><\/a>\n\t\t\t<\/dt><\/dl><dl class='gallery-item'>\n\t\t\t<dt class='gallery-icon portrait'>\n\t\t\t\t<a href='https:\/\/www.wraadapband.cz\/?attachment_id=1955#main'><img loading=\"lazy\" decoding=\"async\" width=\"150\" height=\"150\" src=\"https:\/\/www.wraadapband.cz\/wp-content\/uploads\/2017\/06\/19149480_1515103031893691_3551246345489655973_n-150x150.jpg\" class=\"attachment-thumbnail size-thumbnail\" alt=\"\" srcset=\"https:\/\/www.wraadapband.cz\/wp-content\/uploads\/2017\/06\/19149480_1515103031893691_3551246345489655973_n-150x150.jpg 150w, https:\/\/www.wraadapband.cz\/wp-content\/uploads\/2017\/06\/19149480_1515103031893691_3551246345489655973_n-200x200.jpg 200w\" sizes=\"auto, (max-width: 150px) 100vw, 150px\" \/><\/a>\n\t\t\t<\/dt><\/dl><dl class='gallery-item'>\n\t\t\t<dt class='gallery-icon landscape'>\n\t\t\t\t<a href='https:\/\/www.wraadapband.cz\/?attachment_id=1956#main'><img loading=\"lazy\" decoding=\"async\" width=\"150\" height=\"150\" src=\"https:\/\/www.wraadapband.cz\/wp-content\/uploads\/2017\/06\/19221731_1515103635226964_8980572990692669925_o-150x150.jpg\" class=\"attachment-thumbnail size-thumbnail\" alt=\"\" srcset=\"https:\/\/www.wraadapband.cz\/wp-content\/uploads\/2017\/06\/19221731_1515103635226964_8980572990692669925_o-150x150.jpg 150w, https:\/\/www.wraadapband.cz\/wp-content\/uploads\/2017\/06\/19221731_1515103635226964_8980572990692669925_o-200x200.jpg 200w\" sizes=\"auto, (max-width: 150px) 100vw, 150px\" \/><\/a>\n\t\t\t<\/dt><\/dl><br style=\"clear: both\" \/><dl class='gallery-item'>\n\t\t\t<dt class='gallery-icon landscape'>\n\t\t\t\t<a href='https:\/\/www.wraadapband.cz\/?attachment_id=1957#main'><img loading=\"lazy\" decoding=\"async\" width=\"150\" height=\"150\" src=\"https:\/\/www.wraadapband.cz\/wp-content\/uploads\/2017\/06\/19222680_1515102351893759_2491173116547865149_o-150x150.jpg\" class=\"attachment-thumbnail size-thumbnail\" alt=\"\" srcset=\"https:\/\/www.wraadapband.cz\/wp-content\/uploads\/2017\/06\/19222680_1515102351893759_2491173116547865149_o-150x150.jpg 150w, https:\/\/www.wraadapband.cz\/wp-content\/uploads\/2017\/06\/19222680_1515102351893759_2491173116547865149_o-200x200.jpg 200w\" sizes=\"auto, (max-width: 150px) 100vw, 150px\" \/><\/a>\n\t\t\t<\/dt><\/dl><dl class='gallery-item'>\n\t\t\t<dt class='gallery-icon landscape'>\n\t\t\t\t<a href='https:\/\/www.wraadapband.cz\/?attachment_id=1958#main'><img loading=\"lazy\" decoding=\"async\" width=\"150\" height=\"150\" src=\"https:\/\/www.wraadapband.cz\/wp-content\/uploads\/2017\/06\/19222980_1515103525226975_1669232517574301325_o-150x150.jpg\" class=\"attachment-thumbnail size-thumbnail\" alt=\"\" srcset=\"https:\/\/www.wraadapband.cz\/wp-content\/uploads\/2017\/06\/19222980_1515103525226975_1669232517574301325_o-150x150.jpg 150w, https:\/\/www.wraadapband.cz\/wp-content\/uploads\/2017\/06\/19222980_1515103525226975_1669232517574301325_o-200x200.jpg 200w\" sizes=\"auto, (max-width: 150px) 100vw, 150px\" \/><\/a>\n\t\t\t<\/dt><\/dl><dl class='gallery-item'>\n\t\t\t<dt class='gallery-icon landscape'>\n\t\t\t\t<a href='https:\/\/www.wraadapband.cz\/?attachment_id=1969#main'><img loading=\"lazy\" decoding=\"async\" width=\"150\" height=\"150\" src=\"https:\/\/www.wraadapband.cz\/wp-content\/uploads\/2017\/06\/19238217_1515103548560306_6424641336852452897_o-150x150.jpg\" class=\"attachment-thumbnail size-thumbnail\" alt=\"\" srcset=\"https:\/\/www.wraadapband.cz\/wp-content\/uploads\/2017\/06\/19238217_1515103548560306_6424641336852452897_o-150x150.jpg 150w, https:\/\/www.wraadapband.cz\/wp-content\/uploads\/2017\/06\/19238217_1515103548560306_6424641336852452897_o-200x200.jpg 200w\" sizes=\"auto, (max-width: 150px) 100vw, 150px\" \/><\/a>\n\t\t\t<\/dt><\/dl><br style=\"clear: both\" \/><dl class='gallery-item'>\n\t\t\t<dt class='gallery-icon landscape'>\n\t\t\t\t<a href='https:\/\/www.wraadapband.cz\/?attachment_id=1965#main'><img loading=\"lazy\" decoding=\"async\" width=\"150\" height=\"150\" src=\"https:\/\/www.wraadapband.cz\/wp-content\/uploads\/2017\/06\/19264320_1515102955227032_3835057073265367971_o-150x150.jpg\" class=\"attachment-thumbnail size-thumbnail\" alt=\"\" srcset=\"https:\/\/www.wraadapband.cz\/wp-content\/uploads\/2017\/06\/19264320_1515102955227032_3835057073265367971_o-150x150.jpg 150w, https:\/\/www.wraadapband.cz\/wp-content\/uploads\/2017\/06\/19264320_1515102955227032_3835057073265367971_o-200x200.jpg 200w\" sizes=\"auto, (max-width: 150px) 100vw, 150px\" \/><\/a>\n\t\t\t<\/dt><\/dl><dl class='gallery-item'>\n\t\t\t<dt class='gallery-icon portrait'>\n\t\t\t\t<a href='https:\/\/www.wraadapband.cz\/?attachment_id=1961#main'><img loading=\"lazy\" decoding=\"async\" width=\"150\" height=\"150\" src=\"https:\/\/www.wraadapband.cz\/wp-content\/uploads\/2017\/06\/19225949_1515102915227036_2712454543785657192_n-150x150.jpg\" class=\"attachment-thumbnail size-thumbnail\" alt=\"\" srcset=\"https:\/\/www.wraadapband.cz\/wp-content\/uploads\/2017\/06\/19225949_1515102915227036_2712454543785657192_n-150x150.jpg 150w, https:\/\/www.wraadapband.cz\/wp-content\/uploads\/2017\/06\/19225949_1515102915227036_2712454543785657192_n-200x200.jpg 200w\" sizes=\"auto, (max-width: 150px) 100vw, 150px\" \/><\/a>\n\t\t\t<\/dt><\/dl><dl class='gallery-item'>\n\t\t\t<dt class='gallery-icon landscape'>\n\t\t\t\t<a href='https:\/\/www.wraadapband.cz\/?attachment_id=1962#main'><img loading=\"lazy\" decoding=\"async\" width=\"150\" height=\"150\" src=\"https:\/\/www.wraadapband.cz\/wp-content\/uploads\/2017\/06\/19238021_1515104321893562_2866221525387933300_o-150x150.jpg\" class=\"attachment-thumbnail size-thumbnail\" alt=\"\" srcset=\"https:\/\/www.wraadapband.cz\/wp-content\/uploads\/2017\/06\/19238021_1515104321893562_2866221525387933300_o-150x150.jpg 150w, https:\/\/www.wraadapband.cz\/wp-content\/uploads\/2017\/06\/19238021_1515104321893562_2866221525387933300_o-200x200.jpg 200w\" sizes=\"auto, (max-width: 150px) 100vw, 150px\" \/><\/a>\n\t\t\t<\/dt><\/dl><br style=\"clear: both\" \/><dl class='gallery-item'>\n\t\t\t<dt class='gallery-icon landscape'>\n\t\t\t\t<a href='https:\/\/www.wraadapband.cz\/?attachment_id=1964#main'><img loading=\"lazy\" decoding=\"async\" width=\"150\" height=\"150\" src=\"https:\/\/www.wraadapband.cz\/wp-content\/uploads\/2017\/06\/19242990_1515103671893627_4103653493948051469_o-150x150.jpg\" class=\"attachment-thumbnail size-thumbnail\" alt=\"\" srcset=\"https:\/\/www.wraadapband.cz\/wp-content\/uploads\/2017\/06\/19242990_1515103671893627_4103653493948051469_o-150x150.jpg 150w, https:\/\/www.wraadapband.cz\/wp-content\/uploads\/2017\/06\/19242990_1515103671893627_4103653493948051469_o-200x200.jpg 200w\" sizes=\"auto, (max-width: 150px) 100vw, 150px\" \/><\/a>\n\t\t\t<\/dt><\/dl><dl class='gallery-item'>\n\t\t\t<dt class='gallery-icon landscape'>\n\t\t\t\t<a href='https:\/\/www.wraadapband.cz\/?attachment_id=1968#main'><img loading=\"lazy\" decoding=\"async\" width=\"150\" height=\"150\" src=\"https:\/\/www.wraadapband.cz\/wp-content\/uploads\/2017\/06\/19400216_1515103388560322_7379201695738210741_o-150x150.jpg\" class=\"attachment-thumbnail size-thumbnail\" alt=\"\" srcset=\"https:\/\/www.wraadapband.cz\/wp-content\/uploads\/2017\/06\/19400216_1515103388560322_7379201695738210741_o-150x150.jpg 150w, https:\/\/www.wraadapband.cz\/wp-content\/uploads\/2017\/06\/19400216_1515103388560322_7379201695738210741_o-200x200.jpg 200w\" sizes=\"auto, (max-width: 150px) 100vw, 150px\" \/><\/a>\n\t\t\t<\/dt><\/dl><dl class='gallery-item'>\n\t\t\t<dt class='gallery-icon portrait'>\n\t\t\t\t<a href='https:\/\/www.wraadapband.cz\/?attachment_id=1960#main'><img loading=\"lazy\" decoding=\"async\" width=\"150\" height=\"150\" src=\"https:\/\/www.wraadapband.cz\/wp-content\/uploads\/2017\/06\/19225083_1515103331893661_7057276354590201906_n-150x150.jpg\" class=\"attachment-thumbnail size-thumbnail\" alt=\"\" srcset=\"https:\/\/www.wraadapband.cz\/wp-content\/uploads\/2017\/06\/19225083_1515103331893661_7057276354590201906_n-150x150.jpg 150w, https:\/\/www.wraadapband.cz\/wp-content\/uploads\/2017\/06\/19225083_1515103331893661_7057276354590201906_n-200x200.jpg 200w\" sizes=\"auto, (max-width: 150px) 100vw, 150px\" \/><\/a>\n\t\t\t<\/dt><\/dl><br style=\"clear: both\" \/>\n\t\t<\/div>\n\n<p>&nbsp;<\/p>\n","protected":false},"excerpt":{"rendered":"<p>Zdroj fotek Mozartovy d\u011bti &nbsp;<\/p>\n","protected":false},"author":2,"featured_media":0,"parent":194,"menu_order":0,"comment_status":"closed","ping_status":"closed","template":"","meta":{"footnotes":""},"class_list":["post-1954","page","type-page","status-publish","hentry"],"_links":{"self":[{"href":"https:\/\/www.wraadapband.cz\/index.php?rest_route=\/wp\/v2\/pages\/1954","targetHints":{"allow":["GET"]}}],"collection":[{"href":"https:\/\/www.wraadapband.cz\/index.php?rest_route=\/wp\/v2\/pages"}],"about":[{"href":"https:\/\/www.wraadapband.cz\/index.php?rest_route=\/wp\/v2\/types\/page"}],"author":[{"embeddable":true,"href":"https:\/\/www.wraadapband.cz\/index.php?rest_route=\/wp\/v2\/users\/2"}],"replies":[{"embeddable":true,"href":"https:\/\/www.wraadapband.cz\/index.php?rest_route=%2Fwp%2Fv2%2Fcomments&post=1954"}],"version-history":[{"count":1,"href":"https:\/\/www.wraadapband.cz\/index.php?rest_route=\/wp\/v2\/pages\/1954\/revisions"}],"predecessor-version":[{"id":1970,"href":"https:\/\/www.wraadapband.cz\/index.php?rest_route=\/wp\/v2\/pages\/1954\/revisions\/1970"}],"up":[{"embeddable":true,"href":"https:\/\/www.wraadapband.cz\/index.php?rest_route=\/wp\/v2\/pages\/194"}],"wp:attachment":[{"href":"https:\/\/www.wraadapband.cz\/index.php?rest_route=%2Fwp%2Fv2%2Fmedia&parent=1954"}],"curies":[{"name":"wp","href":"https:\/\/api.w.org\/{rel}","templated":true}]}}