{"id":18,"date":"2015-05-14T17:00:40","date_gmt":"2015-05-14T15:00:40","guid":{"rendered":"http:\/\/www.wraadapband.cz\/?page_id=18"},"modified":"2023-03-02T15:09:12","modified_gmt":"2023-03-02T14:09:12","slug":"hudebni-ukazky","status":"publish","type":"page","link":"https:\/\/www.wraadapband.cz\/?page_id=18","title":{"rendered":"HUDEBN\u00cd UK\u00c1ZKY"},"content":{"rendered":"<h3>AUDIO<\/h3>\n<audio class=\"wp-audio-shortcode\" id=\"audio-18-1\" preload=\"none\" style=\"width: 100%;\" controls=\"controls\"><source type=\"audio\/mpeg\" src=\"https:\/\/www.wraadapband.cz\/wp-content\/uploads\/2015\/07\/08-WDB-Georgia-On-My-Mind.mp3?_=1\" \/><a href=\"https:\/\/www.wraadapband.cz\/wp-content\/uploads\/2015\/07\/08-WDB-Georgia-On-My-Mind.mp3\">https:\/\/www.wraadapband.cz\/wp-content\/uploads\/2015\/07\/08-WDB-Georgia-On-My-Mind.mp3<\/a><\/audio>\n<p><span style=\"color: #d1d1d1;\">GEORGIA ON MY MIND,\u00a0H.Carmichael\/S.Gorrell\/arr.Igor Vavrda<\/span><\/p>\n<p><span style=\"color: #d1d1d1;\">zp\u011bv Zuzana Gamboa, alt sax Petr Chadim<\/span><\/p>\n<audio class=\"wp-audio-shortcode\" id=\"audio-18-2\" preload=\"none\" style=\"width: 100%;\" controls=\"controls\"><source type=\"audio\/mpeg\" src=\"https:\/\/www.wraadapband.cz\/wp-content\/uploads\/2015\/07\/07-WDB-Americano.mp3?_=2\" \/><a href=\"https:\/\/www.wraadapband.cz\/wp-content\/uploads\/2015\/07\/07-WDB-Americano.mp3\">https:\/\/www.wraadapband.cz\/wp-content\/uploads\/2015\/07\/07-WDB-Americano.mp3<\/a><\/audio>\n<p><span style=\"color: #d1d1d1;\">AMERICANO,\u00a0Brian Setzer Orchestra \/arr. Robin Schenk<\/span><\/p>\n<p><span style=\"color: #d1d1d1;\">zp\u011bv a kytara Robin Schenk<\/span><\/p>\n<audio class=\"wp-audio-shortcode\" id=\"audio-18-3\" preload=\"none\" style=\"width: 100%;\" controls=\"controls\"><source type=\"audio\/mpeg\" src=\"https:\/\/www.wraadapband.cz\/wp-content\/uploads\/2015\/07\/06-WDB-Cute.mp3?_=3\" \/><a href=\"https:\/\/www.wraadapband.cz\/wp-content\/uploads\/2015\/07\/06-WDB-Cute.mp3\">https:\/\/www.wraadapband.cz\/wp-content\/uploads\/2015\/07\/06-WDB-Cute.mp3<\/a><\/audio>\n<p><span style=\"color: #d1d1d1;\">CUTE,\u00a0Neal Hefti, bic\u00ed Martin \u0160pinler<\/span><\/p>\n<p><span style=\"color: #d1d1d1;\">alt sax Petr Chadim<\/span><\/p>\n<audio class=\"wp-audio-shortcode\" id=\"audio-18-4\" preload=\"none\" style=\"width: 100%;\" controls=\"controls\"><source type=\"audio\/mpeg\" src=\"https:\/\/www.wraadapband.cz\/wp-content\/uploads\/2015\/07\/01-WDB-Dont-Get-Around-Much-Anymore.mp3?_=4\" \/><a href=\"https:\/\/www.wraadapband.cz\/wp-content\/uploads\/2015\/07\/01-WDB-Dont-Get-Around-Much-Anymore.mp3\">https:\/\/www.wraadapband.cz\/wp-content\/uploads\/2015\/07\/01-WDB-Dont-Get-Around-Much-Anymore.mp3<\/a><\/audio>\n<p><span style=\"color: #d1d1d1;\">DON\u2019T GET AROUND MUCH ANYMORE, D.Elllington\/arr.P.Blaha<\/span><\/p>\n<p><span style=\"color: #d1d1d1;\">zp\u011bv Tereza Mare\u010dkov\u00e1, alt sax Petr Chadim<\/span><\/p>\n<h3>VIDEO<\/h3>\n<hr \/>\n<p class=\"yt watch-title-container\"><span id=\"eow-title\" class=\"watch-title \" dir=\"ltr\" title=\"WraaDap Band (2015) Buona Sera, C. Sigman\/P.de Rose\">WraaDap Band (2023) 5. Archivn\u00ed ples<br \/>\n<\/span><\/p>\n<p class=\"yt watch-title-container\"><span id=\"eow-title\" class=\"watch-title \" dir=\"ltr\" title=\"WraaDap Band (2015) Buona Sera, C. Sigman\/P.de Rose\">The Lady is a Tramp, Rogers\/Hart\/ as performed by T. Bennett and Lady Gaga; <\/span>zp\u011bv: B\u00e1ra Kocandov\u00e1, Janek \u010carek, s\u00f3lo tenor sax: Tom\u00e1\u0161 Tov\u00e1rek<\/p>\n<p><iframe loading=\"lazy\" title=\"WraaDap Band, B\u00e1ra Kocandov\u00e1 a Janek \u010carek  - The Lady is a Tramp (18.02.2023)\" width=\"780\" height=\"439\" src=\"https:\/\/www.youtube.com\/embed\/NiqSo241vyk?feature=oembed\" frameborder=\"0\" allow=\"accelerometer; autoplay; clipboard-write; encrypted-media; gyroscope; picture-in-picture; web-share\" allowfullscreen><\/iframe><\/p>\n<hr \/>\n<p class=\"yt watch-title-container\">WraaDap Band 2008 \u2013 2018<\/p>\n<p><iframe loading=\"lazy\" title=\"WraaDap Band 2008 - 2018\" width=\"780\" height=\"439\" src=\"https:\/\/www.youtube.com\/embed\/aV42QiogafM?start=391&#038;feature=oembed\" frameborder=\"0\" allow=\"accelerometer; autoplay; clipboard-write; encrypted-media; gyroscope; picture-in-picture; web-share\" allowfullscreen><\/iframe><\/p>\n<p><span style=\"color: #d1d1d1;\">v\u00edce najdete na<\/span><a href=\"https:\/\/www.youtube.com\/user\/BigbandZeSmetanky\"> youtube.com<\/a><\/p>\n","protected":false},"excerpt":{"rendered":"<p>AUDIO GEORGIA ON MY MIND,\u00a0H.Carmichael\/S.Gorrell\/arr.Igor Vavrda zp\u011bv Zuzana Gamboa, alt sax Petr Chadim AMERICANO,\u00a0Brian Setzer Orchestra \/arr. Robin Schenk zp\u011bv a kytara Robin Schenk CUTE,\u00a0Neal Hefti, bic\u00ed Martin \u0160pinler alt sax Petr Chadim DON\u2019T GET AROUND MUCH ANYMORE, D.Elllington\/arr.P.Blaha zp\u011bv Tereza Mare\u010dkov\u00e1, alt sax Petr Chadim VIDEO WraaDap Band (2023) 5. Archivn\u00ed ples The Lady <a class=\"more-link\" href=\"https:\/\/www.wraadapband.cz\/?page_id=18\">V\u00edce&#8230;<\/a><\/p>\n","protected":false},"author":2,"featured_media":0,"parent":0,"menu_order":0,"comment_status":"closed","ping_status":"closed","template":"","meta":{"footnotes":""},"class_list":["post-18","page","type-page","status-publish","hentry"],"_links":{"self":[{"href":"https:\/\/www.wraadapband.cz\/index.php?rest_route=\/wp\/v2\/pages\/18","targetHints":{"allow":["GET"]}}],"collection":[{"href":"https:\/\/www.wraadapband.cz\/index.php?rest_route=\/wp\/v2\/pages"}],"about":[{"href":"https:\/\/www.wraadapband.cz\/index.php?rest_route=\/wp\/v2\/types\/page"}],"author":[{"embeddable":true,"href":"https:\/\/www.wraadapband.cz\/index.php?rest_route=\/wp\/v2\/users\/2"}],"replies":[{"embeddable":true,"href":"https:\/\/www.wraadapband.cz\/index.php?rest_route=%2Fwp%2Fv2%2Fcomments&post=18"}],"version-history":[{"count":20,"href":"https:\/\/www.wraadapband.cz\/index.php?rest_route=\/wp\/v2\/pages\/18\/revisions"}],"predecessor-version":[{"id":2689,"href":"https:\/\/www.wraadapband.cz\/index.php?rest_route=\/wp\/v2\/pages\/18\/revisions\/2689"}],"wp:attachment":[{"href":"https:\/\/www.wraadapband.cz\/index.php?rest_route=%2Fwp%2Fv2%2Fmedia&parent=18"}],"curies":[{"name":"wp","href":"https:\/\/api.w.org\/{rel}","templated":true}]}}