{"id":1660,"date":"2016-02-29T00:41:27","date_gmt":"2016-02-28T22:41:27","guid":{"rendered":"http:\/\/www.wraadapband.cz\/?page_id=1660"},"modified":"2016-05-26T19:19:26","modified_gmt":"2016-05-26T17:19:26","slug":"wraadap-komiks","status":"publish","type":"page","link":"https:\/\/www.wraadapband.cz\/?page_id=1660","title":{"rendered":"WRAADAP KOMIKS"},"content":{"rendered":"<p>Abyste si i vy u\u017eili atmosf\u00e9ru z\u00e1kulis\u00ed kapely, p\u0159e\u010dt\u011bte si na\u0161e komiksy :).<\/p>\n<p><a href=\"https:\/\/www.wraadapband.cz\/wp-content\/uploads\/2016\/02\/wraadap-komiks_1.jpg\" rel=\"attachment wp-att-1670\"><img loading=\"lazy\" decoding=\"async\" class=\"size-medium wp-image-1670 alignnone\" src=\"https:\/\/www.wraadapband.cz\/wp-content\/uploads\/2016\/02\/wraadap-komiks_1-265x300.jpg\" alt=\"wraadap komiks_1\" width=\"265\" height=\"300\" srcset=\"https:\/\/www.wraadapband.cz\/wp-content\/uploads\/2016\/02\/wraadap-komiks_1-265x300.jpg 265w, https:\/\/www.wraadapband.cz\/wp-content\/uploads\/2016\/02\/wraadap-komiks_1.jpg 768w\" sizes=\"auto, (max-width: 265px) 100vw, 265px\" \/><\/a> \u00a0  <a href=\"https:\/\/www.wraadapband.cz\/wp-content\/uploads\/2016\/02\/wraadap-komiks_2.jpg\" rel=\"attachment wp-att-1666\"><img loading=\"lazy\" decoding=\"async\" class=\"size-medium wp-image-1666 alignnone\" src=\"https:\/\/www.wraadapband.cz\/wp-content\/uploads\/2016\/02\/wraadap-komiks_2-289x300.jpg\" alt=\"wraadap komiks_2\" width=\"289\" height=\"300\" srcset=\"https:\/\/www.wraadapband.cz\/wp-content\/uploads\/2016\/02\/wraadap-komiks_2-289x300.jpg 289w, https:\/\/www.wraadapband.cz\/wp-content\/uploads\/2016\/02\/wraadap-komiks_2.jpg 768w\" sizes=\"auto, (max-width: 289px) 100vw, 289px\" \/><\/a><\/p>\n<p><a href=\"https:\/\/www.wraadapband.cz\/wp-content\/uploads\/2016\/02\/WDB_komiks_E03.jpg\"><img loading=\"lazy\" decoding=\"async\" class=\"size-medium wp-image-1726 alignnone\" src=\"https:\/\/www.wraadapband.cz\/wp-content\/uploads\/2016\/02\/WDB_komiks_E03-280x300.jpg\" alt=\"WDB_komiks_E03\" width=\"280\" height=\"300\" srcset=\"https:\/\/www.wraadapband.cz\/wp-content\/uploads\/2016\/02\/WDB_komiks_E03-280x300.jpg 280w, https:\/\/www.wraadapband.cz\/wp-content\/uploads\/2016\/02\/WDB_komiks_E03-768x822.jpg 768w, https:\/\/www.wraadapband.cz\/wp-content\/uploads\/2016\/02\/WDB_komiks_E03-956x1024.jpg 956w\" sizes=\"auto, (max-width: 280px) 100vw, 280px\" \/><\/a><\/p>\n","protected":false},"excerpt":{"rendered":"<p>Abyste si i vy u\u017eili atmosf\u00e9ru z\u00e1kulis\u00ed kapely, p\u0159e\u010dt\u011bte si na\u0161e komiksy :). \u00a0<\/p>\n","protected":false},"author":2,"featured_media":0,"parent":0,"menu_order":0,"comment_status":"closed","ping_status":"closed","template":"","meta":{"footnotes":""},"class_list":["post-1660","page","type-page","status-publish","hentry"],"_links":{"self":[{"href":"https:\/\/www.wraadapband.cz\/index.php?rest_route=\/wp\/v2\/pages\/1660","targetHints":{"allow":["GET"]}}],"collection":[{"href":"https:\/\/www.wraadapband.cz\/index.php?rest_route=\/wp\/v2\/pages"}],"about":[{"href":"https:\/\/www.wraadapband.cz\/index.php?rest_route=\/wp\/v2\/types\/page"}],"author":[{"embeddable":true,"href":"https:\/\/www.wraadapband.cz\/index.php?rest_route=\/wp\/v2\/users\/2"}],"replies":[{"embeddable":true,"href":"https:\/\/www.wraadapband.cz\/index.php?rest_route=%2Fwp%2Fv2%2Fcomments&post=1660"}],"version-history":[{"count":13,"href":"https:\/\/www.wraadapband.cz\/index.php?rest_route=\/wp\/v2\/pages\/1660\/revisions"}],"predecessor-version":[{"id":1727,"href":"https:\/\/www.wraadapband.cz\/index.php?rest_route=\/wp\/v2\/pages\/1660\/revisions\/1727"}],"wp:attachment":[{"href":"https:\/\/www.wraadapband.cz\/index.php?rest_route=%2Fwp%2Fv2%2Fmedia&parent=1660"}],"curies":[{"name":"wp","href":"https:\/\/api.w.org\/{rel}","templated":true}]}}