{"id":16,"date":"2015-05-14T17:00:17","date_gmt":"2015-05-14T15:00:17","guid":{"rendered":"http:\/\/www.wraadapband.cz\/?page_id=16"},"modified":"2026-01-08T13:32:22","modified_gmt":"2026-01-08T12:32:22","slug":"fotogalerie","status":"publish","type":"page","link":"https:\/\/www.wraadapband.cz\/?page_id=16","title":{"rendered":"ORCHESTR"},"content":{"rendered":"<p><span style=\"color: #d1d1d1;\">P\u0159ev\u00e1\u017en\u011b mlad\u00e1 brn\u011bnsk\u00e1 sme\u010dka s ambicemi hr\u00e1t hudbu velk\u00fdch big band\u016f V\u00e1m pod veden\u00edm zku\u0161en\u00e9ho krotitele Zde\u0148ka Trebl\u00edka p\u0159edstav\u00ed um\u011bn\u00ed star\u00fdch jazzov\u00fdch a swingov\u00fdch mistr\u016f jako Count Basie, Duke Ellington, Benny Goodman, Neal Hefti, Glen Miller a plno dal\u0161\u00edch.<\/span><\/p>\n<div id=\"attachment_2966\" style=\"width: 310px\" class=\"wp-caption aligncenter\"><a href=\"https:\/\/www.wraadapband.cz\/?page_id=2990\"><img loading=\"lazy\" decoding=\"async\" aria-describedby=\"caption-attachment-2966\" class=\"wp-image-2966 size-medium\" src=\"https:\/\/www.wraadapband.cz\/wp-content\/uploads\/2025\/04\/IMG20250129213053-300x225.jpg\" alt=\"\" width=\"300\" height=\"225\" srcset=\"https:\/\/www.wraadapband.cz\/wp-content\/uploads\/2025\/04\/IMG20250129213053-300x225.jpg 300w, https:\/\/www.wraadapband.cz\/wp-content\/uploads\/2025\/04\/IMG20250129213053-1024x768.jpg 1024w, https:\/\/www.wraadapband.cz\/wp-content\/uploads\/2025\/04\/IMG20250129213053-768x576.jpg 768w, https:\/\/www.wraadapband.cz\/wp-content\/uploads\/2025\/04\/IMG20250129213053-1536x1152.jpg 1536w, https:\/\/www.wraadapband.cz\/wp-content\/uploads\/2025\/04\/IMG20250129213053-2048x1536.jpg 2048w\" sizes=\"auto, (max-width: 300px) 100vw, 300px\" \/><\/a><p id=\"caption-attachment-2966\" class=\"wp-caption-text\"><span style=\"color: #000000;\">Kapeln\u00edk Petr Koti\u0161 (2024 &#8211; sou\u010dasnost)<\/span><\/p><\/div>\n<div id=\"attachment_164\" style=\"width: 310px\" class=\"wp-caption aligncenter\"><a href=\"https:\/\/www.wraadapband.cz\/?page_id=270\"><img loading=\"lazy\" decoding=\"async\" aria-describedby=\"caption-attachment-164\" class=\"wp-image-164 size-medium\" src=\"https:\/\/www.wraadapband.cz\/wp-content\/uploads\/2015\/05\/1504938_10155263369865367_3479028455544529631_n-300x199.jpg\" alt=\"1504938_10155263369865367_3479028455544529631_n\" width=\"300\" height=\"199\" srcset=\"https:\/\/www.wraadapband.cz\/wp-content\/uploads\/2015\/05\/1504938_10155263369865367_3479028455544529631_n-300x199.jpg 300w, https:\/\/www.wraadapband.cz\/wp-content\/uploads\/2015\/05\/1504938_10155263369865367_3479028455544529631_n.jpg 960w\" sizes=\"auto, (max-width: 300px) 100vw, 300px\" \/><\/a><p id=\"caption-attachment-164\" class=\"wp-caption-text\"><span style=\"color: #333333;\">Kapeln\u00edk Zden\u011bk Trebl\u00edk (2027 &#8211; 2024)<\/span><\/p><\/div>\n<div id=\"attachment_48\" style=\"width: 310px\" class=\"wp-caption aligncenter\"><a href=\"https:\/\/www.wraadapband.cz\/?page_id=41\"><img loading=\"lazy\" decoding=\"async\" aria-describedby=\"caption-attachment-48\" class=\"wp-image-48 size-medium\" src=\"https:\/\/www.wraadapband.cz\/wp-content\/uploads\/2015\/05\/941338_10152866015765367_375600432_n-300x200.jpg\" alt=\"941338_10152866015765367_375600432_n\" width=\"300\" height=\"200\" srcset=\"https:\/\/www.wraadapband.cz\/wp-content\/uploads\/2015\/05\/941338_10152866015765367_375600432_n-300x200.jpg 300w, https:\/\/www.wraadapband.cz\/wp-content\/uploads\/2015\/05\/941338_10152866015765367_375600432_n.jpg 960w\" sizes=\"auto, (max-width: 300px) 100vw, 300px\" \/><\/a><p id=\"caption-attachment-48\" class=\"wp-caption-text\"><span style=\"color: #333333;\">Historie<\/span><\/p><\/div>\n<div id=\"attachment_407\" style=\"width: 310px\" class=\"wp-caption aligncenter\"><a href=\"https:\/\/www.wraadapband.cz\/?page_id=335\"><img loading=\"lazy\" decoding=\"async\" aria-describedby=\"caption-attachment-407\" class=\"wp-image-407 size-medium\" src=\"https:\/\/www.wraadapband.cz\/wp-content\/uploads\/2015\/05\/WDB_logo_cerne_pozadi-300x200.png\" alt=\"WDB_logo_cerne\" width=\"300\" height=\"200\" srcset=\"https:\/\/www.wraadapband.cz\/wp-content\/uploads\/2015\/05\/WDB_logo_cerne_pozadi-300x200.png 300w, https:\/\/www.wraadapband.cz\/wp-content\/uploads\/2015\/05\/WDB_logo_cerne_pozadi.png 443w\" sizes=\"auto, (max-width: 300px) 100vw, 300px\" \/><\/a><p id=\"caption-attachment-407\" class=\"wp-caption-text\"><span style=\"color: #333333;\">Pro\u010d WraaDap Band?<\/span><\/p><\/div>\n<p><span style=\"color: #808080;\">\u00a0<\/span><\/p>\n<p><span style=\"color: #333333;\">\u00a0<\/span><\/p>\n","protected":false},"excerpt":{"rendered":"<p>P\u0159ev\u00e1\u017en\u011b mlad\u00e1 brn\u011bnsk\u00e1 sme\u010dka s ambicemi hr\u00e1t hudbu velk\u00fdch big band\u016f V\u00e1m pod veden\u00edm zku\u0161en\u00e9ho krotitele Zde\u0148ka Trebl\u00edka p\u0159edstav\u00ed um\u011bn\u00ed star\u00fdch jazzov\u00fdch a swingov\u00fdch mistr\u016f jako Count Basie, Duke Ellington, Benny Goodman, Neal Hefti, Glen Miller a plno dal\u0161\u00edch. \u00a0 \u00a0<\/p>\n","protected":false},"author":2,"featured_media":0,"parent":0,"menu_order":0,"comment_status":"closed","ping_status":"closed","template":"","meta":{"footnotes":""},"class_list":["post-16","page","type-page","status-publish","hentry"],"_links":{"self":[{"href":"https:\/\/www.wraadapband.cz\/index.php?rest_route=\/wp\/v2\/pages\/16","targetHints":{"allow":["GET"]}}],"collection":[{"href":"https:\/\/www.wraadapband.cz\/index.php?rest_route=\/wp\/v2\/pages"}],"about":[{"href":"https:\/\/www.wraadapband.cz\/index.php?rest_route=\/wp\/v2\/types\/page"}],"author":[{"embeddable":true,"href":"https:\/\/www.wraadapband.cz\/index.php?rest_route=\/wp\/v2\/users\/2"}],"replies":[{"embeddable":true,"href":"https:\/\/www.wraadapband.cz\/index.php?rest_route=%2Fwp%2Fv2%2Fcomments&post=16"}],"version-history":[{"count":35,"href":"https:\/\/www.wraadapband.cz\/index.php?rest_route=\/wp\/v2\/pages\/16\/revisions"}],"predecessor-version":[{"id":3048,"href":"https:\/\/www.wraadapband.cz\/index.php?rest_route=\/wp\/v2\/pages\/16\/revisions\/3048"}],"wp:attachment":[{"href":"https:\/\/www.wraadapband.cz\/index.php?rest_route=%2Fwp%2Fv2%2Fmedia&parent=16"}],"curies":[{"name":"wp","href":"https:\/\/api.w.org\/{rel}","templated":true}]}}