{"id":1245,"date":"2015-09-27T23:26:01","date_gmt":"2015-09-27T21:26:01","guid":{"rendered":"http:\/\/www.wraadapband.cz\/?page_id=1245"},"modified":"2015-11-19T17:07:38","modified_gmt":"2015-11-19T15:07:38","slug":"klub-selepova-no-1-brno-30-10-2015","status":"publish","type":"page","link":"https:\/\/www.wraadapband.cz\/?page_id=1245","title":{"rendered":"Zden\u011bk Trebl\u00edk 70.let, Klub \u0160elepova No.1, Brno, 30. 10. 2013"},"content":{"rendered":"\n\t\t<style type=\"text\/css\">\n\t\t\t#gallery-1 {\n\t\t\t\tmargin: auto;\n\t\t\t}\n\t\t\t#gallery-1 .gallery-item {\n\t\t\t\tfloat: left;\n\t\t\t\tmargin-top: 10px;\n\t\t\t\ttext-align: center;\n\t\t\t\twidth: 33%;\n\t\t\t}\n\t\t\t#gallery-1 img {\n\t\t\t\tborder: 2px solid #cfcfcf;\n\t\t\t}\n\t\t\t#gallery-1 .gallery-caption {\n\t\t\t\tmargin-left: 0;\n\t\t\t}\n\t\t\t\/* see gallery_shortcode() in wp-includes\/media.php *\/\n\t\t<\/style>\n\t\t<div id='gallery-1' class='gallery galleryid-1245 gallery-columns-3 gallery-size-thumbnail'><dl class='gallery-item'>\n\t\t\t<dt class='gallery-icon landscape'>\n\t\t\t\t<a href='https:\/\/www.wraadapband.cz\/?attachment_id=1249#main'><img loading=\"lazy\" decoding=\"async\" width=\"150\" height=\"150\" src=\"https:\/\/www.wraadapband.cz\/wp-content\/uploads\/2015\/09\/IMG_2993-150x150.jpg\" class=\"attachment-thumbnail size-thumbnail\" alt=\"\" srcset=\"https:\/\/www.wraadapband.cz\/wp-content\/uploads\/2015\/09\/IMG_2993-150x150.jpg 150w, https:\/\/www.wraadapband.cz\/wp-content\/uploads\/2015\/09\/IMG_2993-200x200.jpg 200w\" sizes=\"auto, (max-width: 150px) 100vw, 150px\" \/><\/a>\n\t\t\t<\/dt><\/dl><dl class='gallery-item'>\n\t\t\t<dt class='gallery-icon landscape'>\n\t\t\t\t<a href='https:\/\/www.wraadapband.cz\/?attachment_id=1250#main'><img loading=\"lazy\" decoding=\"async\" width=\"150\" height=\"150\" src=\"https:\/\/www.wraadapband.cz\/wp-content\/uploads\/2015\/09\/IMG_3107-150x150.jpg\" class=\"attachment-thumbnail size-thumbnail\" alt=\"\" srcset=\"https:\/\/www.wraadapband.cz\/wp-content\/uploads\/2015\/09\/IMG_3107-150x150.jpg 150w, https:\/\/www.wraadapband.cz\/wp-content\/uploads\/2015\/09\/IMG_3107-200x200.jpg 200w\" sizes=\"auto, (max-width: 150px) 100vw, 150px\" \/><\/a>\n\t\t\t<\/dt><\/dl><dl class='gallery-item'>\n\t\t\t<dt class='gallery-icon landscape'>\n\t\t\t\t<a href='https:\/\/www.wraadapband.cz\/?attachment_id=1246#main'><img loading=\"lazy\" decoding=\"async\" width=\"150\" height=\"150\" src=\"https:\/\/www.wraadapband.cz\/wp-content\/uploads\/2015\/09\/IMG_2775-150x150.jpg\" class=\"attachment-thumbnail size-thumbnail\" alt=\"\" srcset=\"https:\/\/www.wraadapband.cz\/wp-content\/uploads\/2015\/09\/IMG_2775-150x150.jpg 150w, https:\/\/www.wraadapband.cz\/wp-content\/uploads\/2015\/09\/IMG_2775-200x200.jpg 200w\" sizes=\"auto, (max-width: 150px) 100vw, 150px\" \/><\/a>\n\t\t\t<\/dt><\/dl><br style=\"clear: both\" \/><dl class='gallery-item'>\n\t\t\t<dt class='gallery-icon landscape'>\n\t\t\t\t<a href='https:\/\/www.wraadapband.cz\/?attachment_id=1247#main'><img loading=\"lazy\" decoding=\"async\" width=\"150\" height=\"150\" src=\"https:\/\/www.wraadapband.cz\/wp-content\/uploads\/2015\/09\/IMG_2832-150x150.jpg\" class=\"attachment-thumbnail size-thumbnail\" alt=\"\" srcset=\"https:\/\/www.wraadapband.cz\/wp-content\/uploads\/2015\/09\/IMG_2832-150x150.jpg 150w, https:\/\/www.wraadapband.cz\/wp-content\/uploads\/2015\/09\/IMG_2832-200x200.jpg 200w\" sizes=\"auto, (max-width: 150px) 100vw, 150px\" \/><\/a>\n\t\t\t<\/dt><\/dl><dl class='gallery-item'>\n\t\t\t<dt class='gallery-icon landscape'>\n\t\t\t\t<a href='https:\/\/www.wraadapband.cz\/?attachment_id=1248#main'><img loading=\"lazy\" decoding=\"async\" width=\"150\" height=\"150\" src=\"https:\/\/www.wraadapband.cz\/wp-content\/uploads\/2015\/09\/IMG_2923-150x150.jpg\" class=\"attachment-thumbnail size-thumbnail\" alt=\"\" srcset=\"https:\/\/www.wraadapband.cz\/wp-content\/uploads\/2015\/09\/IMG_2923-150x150.jpg 150w, https:\/\/www.wraadapband.cz\/wp-content\/uploads\/2015\/09\/IMG_2923-200x200.jpg 200w\" sizes=\"auto, (max-width: 150px) 100vw, 150px\" \/><\/a>\n\t\t\t<\/dt><\/dl><dl class='gallery-item'>\n\t\t\t<dt class='gallery-icon landscape'>\n\t\t\t\t<a href='https:\/\/www.wraadapband.cz\/?attachment_id=1251#main'><img loading=\"lazy\" decoding=\"async\" width=\"150\" height=\"150\" src=\"https:\/\/www.wraadapband.cz\/wp-content\/uploads\/2015\/09\/IMG_3111-150x150.jpg\" class=\"attachment-thumbnail size-thumbnail\" alt=\"\" srcset=\"https:\/\/www.wraadapband.cz\/wp-content\/uploads\/2015\/09\/IMG_3111-150x150.jpg 150w, https:\/\/www.wraadapband.cz\/wp-content\/uploads\/2015\/09\/IMG_3111-200x200.jpg 200w\" sizes=\"auto, (max-width: 150px) 100vw, 150px\" \/><\/a>\n\t\t\t<\/dt><\/dl><br style=\"clear: both\" \/><dl class='gallery-item'>\n\t\t\t<dt class='gallery-icon landscape'>\n\t\t\t\t<a href='https:\/\/www.wraadapband.cz\/?attachment_id=1252#main'><img loading=\"lazy\" decoding=\"async\" width=\"150\" height=\"150\" src=\"https:\/\/www.wraadapband.cz\/wp-content\/uploads\/2015\/09\/IMG_3148-150x150.jpg\" class=\"attachment-thumbnail size-thumbnail\" alt=\"\" srcset=\"https:\/\/www.wraadapband.cz\/wp-content\/uploads\/2015\/09\/IMG_3148-150x150.jpg 150w, https:\/\/www.wraadapband.cz\/wp-content\/uploads\/2015\/09\/IMG_3148-200x200.jpg 200w\" sizes=\"auto, (max-width: 150px) 100vw, 150px\" \/><\/a>\n\t\t\t<\/dt><\/dl><dl class='gallery-item'>\n\t\t\t<dt class='gallery-icon landscape'>\n\t\t\t\t<a href='https:\/\/www.wraadapband.cz\/?attachment_id=1253#main'><img loading=\"lazy\" decoding=\"async\" width=\"150\" height=\"150\" src=\"https:\/\/www.wraadapband.cz\/wp-content\/uploads\/2015\/09\/IMG_3349-150x150.jpg\" class=\"attachment-thumbnail size-thumbnail\" alt=\"\" srcset=\"https:\/\/www.wraadapband.cz\/wp-content\/uploads\/2015\/09\/IMG_3349-150x150.jpg 150w, https:\/\/www.wraadapband.cz\/wp-content\/uploads\/2015\/09\/IMG_3349-200x200.jpg 200w\" sizes=\"auto, (max-width: 150px) 100vw, 150px\" \/><\/a>\n\t\t\t<\/dt><\/dl><dl class='gallery-item'>\n\t\t\t<dt class='gallery-icon landscape'>\n\t\t\t\t<a href='https:\/\/www.wraadapband.cz\/?attachment_id=1254#main'><img loading=\"lazy\" decoding=\"async\" width=\"150\" height=\"150\" src=\"https:\/\/www.wraadapband.cz\/wp-content\/uploads\/2015\/09\/IMG_3366-150x150.jpg\" class=\"attachment-thumbnail size-thumbnail\" alt=\"\" srcset=\"https:\/\/www.wraadapband.cz\/wp-content\/uploads\/2015\/09\/IMG_3366-150x150.jpg 150w, https:\/\/www.wraadapband.cz\/wp-content\/uploads\/2015\/09\/IMG_3366-200x200.jpg 200w\" sizes=\"auto, (max-width: 150px) 100vw, 150px\" \/><\/a>\n\t\t\t<\/dt><\/dl><br style=\"clear: both\" \/><dl class='gallery-item'>\n\t\t\t<dt class='gallery-icon landscape'>\n\t\t\t\t<a href='https:\/\/www.wraadapband.cz\/?attachment_id=1255#main'><img loading=\"lazy\" decoding=\"async\" width=\"150\" height=\"150\" src=\"https:\/\/www.wraadapband.cz\/wp-content\/uploads\/2015\/09\/IMG_3416A-150x150.jpg\" class=\"attachment-thumbnail size-thumbnail\" alt=\"\" srcset=\"https:\/\/www.wraadapband.cz\/wp-content\/uploads\/2015\/09\/IMG_3416A-150x150.jpg 150w, https:\/\/www.wraadapband.cz\/wp-content\/uploads\/2015\/09\/IMG_3416A-200x200.jpg 200w\" sizes=\"auto, (max-width: 150px) 100vw, 150px\" \/><\/a>\n\t\t\t<\/dt><\/dl><dl class='gallery-item'>\n\t\t\t<dt class='gallery-icon landscape'>\n\t\t\t\t<a href='https:\/\/www.wraadapband.cz\/?attachment_id=1256#main'><img loading=\"lazy\" decoding=\"async\" width=\"150\" height=\"150\" src=\"https:\/\/www.wraadapband.cz\/wp-content\/uploads\/2015\/09\/IMG_3446-150x150.jpg\" class=\"attachment-thumbnail size-thumbnail\" alt=\"\" srcset=\"https:\/\/www.wraadapband.cz\/wp-content\/uploads\/2015\/09\/IMG_3446-150x150.jpg 150w, https:\/\/www.wraadapband.cz\/wp-content\/uploads\/2015\/09\/IMG_3446-200x200.jpg 200w\" sizes=\"auto, (max-width: 150px) 100vw, 150px\" \/><\/a>\n\t\t\t<\/dt><\/dl>\n\t\t\t<br style='clear: both' \/>\n\t\t<\/div>\n\n","protected":false},"excerpt":{"rendered":"","protected":false},"author":2,"featured_media":0,"parent":194,"menu_order":0,"comment_status":"open","ping_status":"closed","template":"","meta":{"footnotes":""},"class_list":["post-1245","page","type-page","status-publish","hentry"],"_links":{"self":[{"href":"https:\/\/www.wraadapband.cz\/index.php?rest_route=\/wp\/v2\/pages\/1245","targetHints":{"allow":["GET"]}}],"collection":[{"href":"https:\/\/www.wraadapband.cz\/index.php?rest_route=\/wp\/v2\/pages"}],"about":[{"href":"https:\/\/www.wraadapband.cz\/index.php?rest_route=\/wp\/v2\/types\/page"}],"author":[{"embeddable":true,"href":"https:\/\/www.wraadapband.cz\/index.php?rest_route=\/wp\/v2\/users\/2"}],"replies":[{"embeddable":true,"href":"https:\/\/www.wraadapband.cz\/index.php?rest_route=%2Fwp%2Fv2%2Fcomments&post=1245"}],"version-history":[{"count":3,"href":"https:\/\/www.wraadapband.cz\/index.php?rest_route=\/wp\/v2\/pages\/1245\/revisions"}],"predecessor-version":[{"id":1294,"href":"https:\/\/www.wraadapband.cz\/index.php?rest_route=\/wp\/v2\/pages\/1245\/revisions\/1294"}],"up":[{"embeddable":true,"href":"https:\/\/www.wraadapband.cz\/index.php?rest_route=\/wp\/v2\/pages\/194"}],"wp:attachment":[{"href":"https:\/\/www.wraadapband.cz\/index.php?rest_route=%2Fwp%2Fv2%2Fmedia&parent=1245"}],"curies":[{"name":"wp","href":"https:\/\/api.w.org\/{rel}","templated":true}]}}