{"id":11,"date":"2015-05-14T16:46:39","date_gmt":"2015-05-14T14:46:39","guid":{"rendered":"http:\/\/www.wraadapband.cz\/?page_id=11"},"modified":"2026-01-08T13:57:01","modified_gmt":"2026-01-08T12:57:01","slug":"koncerty","status":"publish","type":"page","link":"https:\/\/www.wraadapband.cz\/?page_id=11","title":{"rendered":"KONCERTY"},"content":{"rendered":"<p><span style=\"color: #d1d1d1;\">P\u0159ipravujeme:<\/span><\/p>\n<ul>\n<li><span style=\"color: #d1d1d1;\">kv\u011bten 2026 &#8211; koncert Robin Schenk a WraaDap Band, Brno<\/span><\/li>\n<\/ul>\n<p><span style=\"color: #d1d1d1;\">Sly\u0161eli jste n\u00e1s:<\/span><\/p>\n<ul>\n<li><span style=\"color: #d1d1d1;\">04.11.2025 &#8211; Metro Music Bar, Brno<\/span><\/li>\n<li><span style=\"color: #d1d1d1;\">18.06.2025 &#8211; Bar Poslech, Brno<\/span><\/li>\n<li><span style=\"color: #d1d1d1;\">08.05.2025 &#8211; Humpolec nazapom\u00edn\u00e1, Humpolec<\/span><\/li>\n<li><span style=\"color: #d1d1d1;\">29.01.2025 &#8211; Metro Music Bar, Brno<\/span><\/li>\n<\/ul>\n<hr \/>\n<ul>\n<li><span style=\"color: #d1d1d1;\">13.09.2024 &#8211; Music Lab, Brno &#8211; zru\u0161eno<\/span><\/li>\n<li><span style=\"color: #d1d1d1;\">13.02.2024 &#8211; Metro Music Bar, Brno<\/span><\/li>\n<\/ul>\n<hr \/>\n<ul>\n<li><span style=\"color: #d1d1d1;\">23.11.2023 &#8211; Koncert &#8222;80&#8220; v CO.LABS v Brn\u011b<\/span><\/li>\n<li><span style=\"color: #d1d1d1;\">17.06.2023 &#8211; Mozartovy d\u011bti, N\u00e1m\u011bst\u00ed Svobody, Brno<\/span><\/li>\n<li><span style=\"color: #d1d1d1;\">11.06.2023 &#8211; Swingov\u00e1 tan\u010d\u00edrna na Ponav\u011b, Brno<\/span><\/li>\n<li><span style=\"color: #d1d1d1;\">18.02.2023 &#8211; 5. Archivn\u00ed ples, \u010cesk\u00e1 Archivn\u00ed spole\u010dnost, Semilasso, Brno<\/span><\/li>\n<li><span style=\"color: #d1d1d1;\">09.03.2023 &#8211; Metro Music Bar, Brno<\/span><\/li>\n<\/ul>\n<hr \/>\n<ul>\n<li><span style=\"color: #d1d1d1;\">25.11.2022 &#8211; Advent na Zel\u0148\u00e1ku, Brno<\/span><\/li>\n<li><span style=\"color: #d1d1d1;\">09.06.2022 &#8211; Swingov\u00e1 tan\u010d\u00edrna na Ponav\u011b, Brno<\/span><\/li>\n<li><span style=\"color: #d1d1d1;\">23.03.2022 &#8211; Metro Music Bar, Brno<\/span><\/li>\n<\/ul>\n<hr \/>\n<ul>\n<li><span style=\"color: #d1d1d1;\">26.06.2021 &#8211; Mozartovy d\u011bti, N\u00e1m\u011bst\u00ed Svobody, Brno<\/span><\/li>\n<\/ul>\n<hr \/>\n<ul>\n<li><span style=\"color: #d1d1d1;\">22.02.2020 &#8211; Kameliov\u00fd ples, Krom\u011b\u0159\u00ed\u017e<\/span><\/li>\n<li><span style=\"color: #d1d1d1;\">08.02.2020 &#8211; Archivn\u00ed ples, \u010cesk\u00e1 Archivn\u00ed spole\u010dnost, Semilasso, Brno<\/span><\/li>\n<li><span style=\"color: #d1d1d1;\">29.01.2020 &#8211; Metro Music Bar, Brno<\/span><\/li>\n<\/ul>\n<hr \/>\n<ul>\n<li><span style=\"color: #d1d1d1;\">26.10.2019 &#8211; 48. Setk\u00e1n\u00ed str\u00e9c\u016f a tetin, D\u011blnick\u00fd d\u016fm, Brno<\/span><\/li>\n<li><span style=\"color: #d1d1d1;\">13.10.2019 &#8211; \u0160elepova no.1, Brno,<\/span><\/li>\n<li><span style=\"color: #d1d1d1;\">31.09.2019 &#8211; Bu\u010d\u00e1kov\u00e9 slavnosti, Brno-Chrlice<\/span><\/li>\n<li><span style=\"color: #d1d1d1;\">07.09.2019 &#8211; Vala\u0161sk\u00e9 z\u00e1\u0159en\u00ed, Vset\u00edn<\/span><\/li>\n<li><span class=\"text_exposed_show\" style=\"color: #d1d1d1;\">28.05.2019 &#8211; Swing a jazz pod \u0161ir\u00fdm nebem, Kav\u00e1rna Trojka &#8211; n\u00e1dvo\u0159\u00ed, Brno<\/span><\/li>\n<li><span style=\"color: #d1d1d1;\">24.05.2019 &#8211; Hradn\u00ed slavnosti na hrad\u011b \u0160pilberk, Brno<\/span><\/li>\n<li><span class=\"text_exposed_show\" style=\"color: #d1d1d1;\">15.03.2019 &#8211; Swingov\u00fd ples 2019, D\u011blnick\u00fd d\u016fm, Brno<\/span><\/li>\n<li><span class=\"text_exposed_show\" style=\"color: #d1d1d1;\">19.02.2019 &#8211; Metro Music Bar, Brno<br \/>\n<\/span><\/li>\n<\/ul>\n<hr \/>\n<ul>\n<li><span class=\"text_exposed_show\" style=\"color: #d1d1d1;\">21.11.2018 &#8211; Galakoncert k v\u00fdro\u010d\u00ed zalo\u017een\u00ed ZU\u0160 Smetanova, Brno<\/span><\/li>\n<li><span style=\"color: #d1d1d1;\">13.10.2018 &#8211;\u00a047. Setk\u00e1n\u00ed str\u00e9c\u016f a tetin, D\u011blnick\u00fd d\u016fm, Brno<\/span><\/li>\n<li><span style=\"color: #d1d1d1;\">24.10.2018 &#8211; \u0160elepova no.1, Brno, koncert na po\u010dest 75. narozenin na\u0161eho kapeln\u00edka Zde\u0148ka Trebl\u00edka a 10 let existence big bandu<\/span><\/li>\n<li><span style=\"color: #d1d1d1;\">16.06.2018 &#8211; Mozartovy d\u011bti, N\u00e1m\u011bst\u00ed Svobody, Brno<\/span><\/li>\n<li><span style=\"color: #d1d1d1;\">26.05.2018 &#8211; Slavnostn\u00ed zah\u00e1jen\u00ed festivali RE:PUBLIKA, Brno<br \/>\n<\/span><\/li>\n<li><span style=\"color: #d1d1d1;\">30.04.2018 &#8211; <span class=\"text_exposed_show\">Nebe pln\u00e9 hv\u011bzd, Sady N\u00e1rodn\u00edho odboje, Brno<\/span><\/span><\/li>\n<li><span style=\"color: #d1d1d1;\">23.02.2018 &#8211; Swingov\u00fd ples 2018, D\u011blnick\u00fd d\u016fm, Brno<\/span><\/li>\n<li><span style=\"color: #d1d1d1;\">17.02.2018 &#8211; 2.archivn\u00ed ples, \u010cesk\u00e1 Archivn\u00ed spole\u010dnost, Semilasso, Brno<\/span><\/li>\n<li><span style=\"color: #d1d1d1;\">29.01.2018 &#8211;\u00a0Metro Music Bar, Brno<\/span><\/li>\n<\/ul>\n<hr \/>\n<ul>\n<li><span style=\"color: #d1d1d1;\">30.10.2017 &#8211;\u00a0Metro Music Bar, Brno<\/span><\/li>\n<li><span style=\"color: #d1d1d1;\">27.09.2017 &#8211; Odpalujeme pro d\u011bti, hotel infinit Maximus, Brno<\/span><\/li>\n<li><span style=\"color: #d1d1d1;\">15.07.2017 &#8211; Svatba Gizela a Michal<\/span><\/li>\n<li><span style=\"color: #d1d1d1;\">01.07.2017 &#8211; Smetanov\u00fd v\u00edkend s \u010ceskou spo\u0159itelnou, Litomy\u0161l<\/span><\/li>\n<li><span style=\"color: #d1d1d1;\">18.06.2017 &#8211; Slavnostn\u00ed koncert Mozartov\u00fdch d\u011bt\u00ed, BVV pavilon A, Brno<\/span><\/li>\n<li><span style=\"color: #d1d1d1;\">15.06.2017 &#8211; Jan\u00e1\u010dkova filharmonie d\u011btem, Ostrava<\/span><\/li>\n<li><span style=\"color: #d1d1d1;\">24.05.2017 &#8211;\u00a0\u0160elepova no.1, Brno<\/span><\/li>\n<li><span style=\"color: #d1d1d1;\">06.05.2017 &#8211; V rytmu swingu, Fren\u0161t\u00e1t<\/span><\/li>\n<li><span style=\"color: #d1d1d1;\">03.03.2017 &#8211;\u00a0Swingov\u00fd ples, D\u011blnick\u00fd d\u016fm, Brno<\/span><\/li>\n<li><span style=\"color: #d1d1d1;\">24.02.2017 &#8211;\u00a0Kameliov\u00fd ples, Krom\u011b\u0159\u00ed\u017e<\/span><\/li>\n<li><span style=\"color: #d1d1d1;\">16.01.2017 &#8211;\u00a0Metro Music Bar, Brno<\/span><br \/>\n<hr \/>\n<\/li>\n<li><span style=\"color: #d1d1d1;\">07.12.2016 &#8211;\u00a0\u0160elepova no.1, Brno<\/span><\/li>\n<li><span style=\"color: #d1d1d1;\">25.11.2016 &#8211;\u00a0Spole\u010densk\u00fd ve\u010der firmy Cardion, Brno\u00a0<\/span><\/li>\n<li><span style=\"color: #d1d1d1;\">15.10.2016 &#8211;\u00a045. Setk\u00e1n\u00ed str\u00e9c\u016f a tetin, D\u011blnick\u00fd d\u016fm, Brno<\/span><\/li>\n<li><span style=\"color: #d1d1d1;\">13.10.2016 &#8211; Hotel Internacion\u00e1l<\/span><\/li>\n<li><span style=\"color: #d1d1d1;\">26.09.2016 &#8211; Metro Music Bar, Brno<\/span><\/li>\n<li><span style=\"color: #d1d1d1;\">18.06.2016 &#8211; N\u00e1m\u011bst\u00ed Svobody &#8211; Den s \u010cesk\u00fdm Rozhlasem Brno, Brno<\/span><\/li>\n<li><span style=\"color: #d1d1d1;\">17.06.2016 &#8211; 21. No\u010dn\u00ed hradn\u00ed slavnosti na hrad\u011b \u0160pilberk, Brno &#8211; M\u011bsto &#8211; uprost\u0159ed Evropy, Brno<\/span><\/li>\n<li><span style=\"color: #d1d1d1;\">10.06.2016 &#8211; Moravsk\u00e9 n\u00e1m\u011bst\u00ed &#8211; Festival na prknech, dla\u017eb\u011b a tr\u00e1v\u011b, Brno<\/span><\/li>\n<li><span style=\"color: #d1d1d1;\">14.05.2016 &#8211; Svatba M\u00ed\u0161a a Petr<\/span><\/li>\n<li><span style=\"color: #d1d1d1;\">21.03.2016 &#8211; Metro Music Bar, Brno<\/span><\/li>\n<li><span style=\"color: #d1d1d1;\">12.03.2016 &#8211; Zelen\u00fd ples, Divadlo Husa na Prov\u00e1zku, Brno<\/span><\/li>\n<li><span style=\"color: #d1d1d1;\">20.02.2016 &#8211; Ples k\u00a025. v\u00fdro\u010d\u00ed skautsk\u00e9ho st\u0159ediska Kompas, Spole\u010densk\u00e9 centrum Bystrc, Brno<\/span><\/li>\n<li><span style=\"color: #d1d1d1;\">26.02.2016 &#8211; Swingov\u00fd ples, Kinokav\u00e1rna, Brno<\/span><\/li>\n<li><span style=\"color: #d1d1d1;\"><span style=\"color: #d1d1d1;\">15.01.2016 &#8211;\u00a0Novoro\u010dn\u00ed ve\u010d\u00edrek firmy Synthon, Blansko<\/span><\/span><br \/>\n<hr \/>\n<\/li>\n<\/ul>\n<ul>\n<li><span style=\"color: #d1d1d1;\">13.12.2015 &#8211; V\u00e1no\u010dn\u00ed trhy, N\u00e1m\u011bst\u00ed Svobody, Brno<\/span><\/li>\n<li><span style=\"color: #d1d1d1;\">10.12.2015 &#8211; Sinatrology, uv\u00edtac\u00ed kapela ve foyer, Boby centrum, Brno<\/span><\/li>\n<li><span style=\"color: #d1d1d1;\">02.11.2015 &#8211; Metro Music Bar, Brno<\/span><\/li>\n<li><span style=\"color: #d1d1d1;\">23.10.2015 &#8211; Spole\u010densk\u00fd ve\u010der k v\u00fdro\u010d\u00ed zalo\u017een\u00ed firmy Cardion, Brno<\/span><\/li>\n<li><span style=\"color: #d1d1d1;\">17.10.2015 &#8211; 44. Setk\u00e1n\u00ed str\u00e9c\u016f a tetin, D\u011blnick\u00fd d\u016fm, Brno<\/span><\/li>\n<li><span style=\"color: #d1d1d1;\">30.08.2015 &#8211; Jihomoravsk\u00e9 do\u017e\u00ednky 2015, N\u00e1m\u011bst\u00ed Svobody, Brno<\/span><\/li>\n<li><span style=\"color: #d1d1d1;\">20.06.2015 &#8211; B\u00edte\u0161sk\u00e1 pou\u0165, Velk\u00e1 B\u00edte\u0161<\/span><\/li>\n<li><span class=\"text_exposed_show\" style=\"color: #d1d1d1;\">19.06.2015 &#8211; 20. No\u010dn\u00ed hradn\u00ed slavnost, \u0160pilberk, Brno<\/span><\/li>\n<li><span class=\"text_exposed_show\" style=\"color: #d1d1d1;\">05.06.2015 &#8211; Pivovarsk\u00e9 dny na Star\u00e9 radnici, Brno<\/span><\/li>\n<li><span class=\"text_exposed_show\" style=\"color: #d1d1d1;\">29.05.2015 &#8211; M\u00e1jov\u00e1 p\u0159ehl\u00eddka moravsk\u00fdch v\u00edn, Brno<\/span><\/li>\n<li><span class=\"text_exposed_show\" style=\"color: #d1d1d1;\">15.04.2015 &#8211; \u0160elepova no.1, Brno<\/span><\/li>\n<li><span class=\"text_exposed_show\" style=\"color: #d1d1d1;\">23.03.2015 &#8211; Metro Music Bar, Brno<\/span><\/li>\n<li><span class=\"text_exposed_show\" style=\"color: #d1d1d1;\">28.02.2015 &#8211; Zelen\u00fd ples, Divadlo na Orl\u00ed, Brno<\/span><\/li>\n<li><span class=\"text_exposed_show\" style=\"color: #d1d1d1;\">07.02.2015 &#8211; Swingov\u00fd ples, Kinokav\u00e1rna, Brno<\/span><br \/>\n<hr \/>\n<\/li>\n<li><span class=\"text_exposed_show\" style=\"color: #d1d1d1;\">10.11.2014 &#8211; Metro Music Bar, Brno<\/span><\/li>\n<li><span class=\"text_exposed_show\" style=\"color: #d1d1d1;\">06.09.2014 &#8211; Slavnostn\u00ed otev\u0159en\u00ed zrekonstruovan\u00e9ho Masarykova n\u00e1m\u011bst\u00ed, Velk\u00e1 B\u00edte\u0161<\/span><\/li>\n<li><span class=\"text_exposed_show\" style=\"color: #d1d1d1;\">20.06.2014 &#8211; 19. No\u010dn\u00ed hradn\u00ed slavnost, \u0160pilberk, Brno<br \/>\n<\/span><\/li>\n<li><span class=\"text_exposed_show\" style=\"color: #d1d1d1;\">12.05.2014 &#8211; Metro Music Bar, Brno<\/span><\/li>\n<li><span class=\"text_exposed_show\" style=\"color: #d1d1d1;\">30.04.2014 &#8211; Nebe pln\u00e9 hv\u011bzd, Sady N\u00e1rodn\u00edho odboje, Brno<br \/>\n<\/span><\/li>\n<li><span class=\"text_exposed_show\" style=\"color: #d1d1d1;\">08.02.2014 &#8211; Ples ve \u0160lapanic\u00edch, Brno<\/span><\/li>\n<li><span class=\"text_exposed_show\" style=\"color: #d1d1d1;\">27.01.2014 &#8211; Metro Music Bar, Brno<\/span><br \/>\n<hr \/>\n<\/li>\n<li><span class=\"text_exposed_show\" style=\"color: #d1d1d1;\">30.10.2013 &#8211; Zden\u011bk Trebl\u00edk 70 let, \u0160elepova no.1, Brno<\/span><\/li>\n<li><span class=\"text_exposed_show\" style=\"color: #d1d1d1;\">24.09.2013 &#8211; N\u00e1m\u011bst\u00ed Svobody, Brno<\/span><\/li>\n<li><span class=\"text_exposed_show\" style=\"color: #d1d1d1;\">15.06.2013 &#8211; Mozartovy d\u011bti, N\u00e1m\u011bst\u00ed Svobody, Brno<\/span><\/li>\n<li><span class=\"text_exposed_show\" style=\"color: #d1d1d1;\">14.06.2013 &#8211; 18. No\u010dn\u00ed hradn\u00ed slavnost, \u0160pilberk, Brno<br \/>\n<\/span><\/li>\n<li><span class=\"text_exposed_show\" style=\"color: #d1d1d1;\">18.05.2013 &#8211; Besedn\u00ed d\u016fm (Muzejn\u00ed noc Brno)<\/span><\/li>\n<li><span class=\"text_exposed_show\" style=\"color: #d1d1d1;\">13.05.2013 &#8211; Metro Music Bar, Brno<\/span><\/li>\n<li><span class=\"text_exposed_show\" style=\"color: #d1d1d1;\">30.04.2013 &#8211; Nebe pln\u00e9 hv\u011bzd, Sady N\u00e1rodn\u00edho odboje, Brno , j.h. Felix Slov\u00e1\u010dek st. a ml., Helena Bleh\u00e1rov\u00e1<\/span><\/li>\n<li><span class=\"text_exposed_show\" style=\"color: #d1d1d1;\">16.03.2013 &#8211; Ples cestovn\u00ed kancel\u00e1\u0159e Emma, Na Stadionu, Brno<\/span><\/li>\n<li><span class=\"text_exposed_show\" style=\"color: #d1d1d1;\">27.02.2013 &#8211; \u0160elepova no.1, Brno<\/span><\/li>\n<li><span class=\"text_exposed_show\" style=\"color: #d1d1d1;\">26.01.2013 &#8211; Roversk\u00fd ples &#8211; Vozembouch, Spole\u010densk\u00fd d\u016fm v Bystrci, Brno<\/span><\/li>\n<li><span class=\"text_exposed_show\" style=\"color: #d1d1d1;\">19.01.2013 &#8211; Ples ve \u0160lapanic\u00edch<\/span><\/li>\n<li><span class=\"text_exposed_show\" style=\"color: #d1d1d1;\">14.01.2013 &#8211; Metro Music Bar, Brno<\/span><br \/>\n<hr \/>\n<\/li>\n<li><span class=\"text_exposed_show\" style=\"color: #d1d1d1;\">17.10.2012 &#8211; \u0160elepova no.1, Brno<\/span><\/li>\n<li><span class=\"text_exposed_show\" style=\"color: #d1d1d1;\">25.05.2012 &#8211; Mozartovy d\u011bti, N\u00e1m\u011bst\u00ed svobody, Brno<\/span><\/li>\n<li><span class=\"text_exposed_show\" style=\"color: #d1d1d1;\">04.06.2012 &#8211; Metro Music Bar, Brno<\/span><\/li>\n<li><span class=\"text_exposed_show\" style=\"color: #d1d1d1;\">02.06.2012 &#8211; Mezi Vinohrady, Klentice<\/span><\/li>\n<li><span style=\"color: #d1d1d1;\"><span class=\"text_exposed_show\">30.04.2012 &#8211; Nebe pln\u00e9 hv\u011bzd, Sady N\u00e1rodn\u00edho odboje, Brno,\u00a0j.h.<\/span><span class=\"text_exposed_show\"> Jarom\u00edr Hnili\u010dka, Mojm\u00edr <\/span><span class=\"text_exposed_show\">B\u00e1rtek<\/span><\/span><\/li>\n<li><span class=\"text_exposed_show\" style=\"color: #d1d1d1;\">25.04.2012 &#8211; \u0160elepova no.1, Brno<\/span><\/li>\n<li><span class=\"text_exposed_show\" style=\"color: #d1d1d1;\">17.04.2012 &#8211; Galakoncert k v\u00fdro\u010d\u00ed ZU\u0160 Smetanova, Jan\u00e1\u010dkovo divadlo, Brno, Hradi\u0161\u0165an<\/span><\/li>\n<li><span class=\"text_exposed_show\" style=\"color: #d1d1d1;\">28.01.2012 &#8211; Roversk\u00fd ples &#8211; Vozembouch, Spole\u010densk\u00fd d\u016fm v Bystrci, Brno<\/span><\/li>\n<li><span class=\"text_exposed_show\" style=\"color: #d1d1d1;\">23.01.2012 &#8211; Metro Music Bar, Brno<\/span><br \/>\n<hr \/>\n<\/li>\n<li><span class=\"text_exposed_show\" style=\"color: #d1d1d1;\">11.11.2011 &#8211; Savoy Coffee, Brno<\/span><\/li>\n<li><span class=\"text_exposed_show\" style=\"color: #d1d1d1;\">12.06.2011 &#8211; N\u00e1m\u011bst\u00ed svobody, Brno<\/span><\/li>\n<li><span class=\"text_exposed_show\" style=\"color: #d1d1d1;\">20.05.2011 &#8211; Savoy Coffee, Brno<\/span><\/li>\n<li><span class=\"text_exposed_show\" style=\"color: #d1d1d1;\">04.04.2011 &#8211; Metro Music Bar, Brno<\/span><\/li>\n<li><span class=\"text_exposed_show\" style=\"color: #d1d1d1;\">29.01.2011 &#8211; Roversk\u00fd ples &#8211; Vozembouch, Spole\u010densk\u00fd d\u016fm v Bystrci, Brno<\/span><br \/>\n<hr \/>\n<\/li>\n<li><span class=\"text_exposed_show\" style=\"color: #d1d1d1;\">18.10.2010 &#8211; Galerie Va\u0148kovka<\/span><\/li>\n<li><span class=\"text_exposed_show\" style=\"color: #d1d1d1;\">24.09.2010 &#8211; Savoy Coffee, Brno<\/span><\/li>\n<li><span class=\"text_exposed_show\" style=\"color: #d1d1d1;\">11.06.2010 &#8211; Savoy Coffee, Brno<\/span><\/li>\n<li><span class=\"text_exposed_show\" style=\"color: #d1d1d1;\">03.06.2010 &#8211; Mozartovy d\u011bti, N\u00e1m\u011bst\u00ed svobody, Brno<\/span><\/li>\n<li><span class=\"text_exposed_show\" style=\"color: #d1d1d1;\">30.05.2010 &#8211; N\u00e1m\u011bst\u00ed svobody, Brno<\/span><\/li>\n<li><span class=\"text_exposed_show\" style=\"color: #d1d1d1;\">14.05.2010 &#8211; Savoy Coffee, Brno<\/span><\/li>\n<li><span class=\"text_exposed_show\" style=\"color: #d1d1d1;\">30.04.2010 &#8211; Savoy Coffee, Brno<\/span><\/li>\n<li><span class=\"text_exposed_show\" style=\"color: #d1d1d1;\">31.03.2010 &#8211; Metro Music Bar, Brno<\/span><\/li>\n<li><span class=\"text_exposed_show\" style=\"color: #d1d1d1;\">30.03.2010 &#8211; Savoy Coffee, Brno<\/span><\/li>\n<li><span class=\"text_exposed_show\" style=\"color: #d1d1d1;\">16.01.2010 &#8211; Roversk\u00fd ples &#8211; Vozembouch, Spole\u010densk\u00fd d\u016fm v Bystrci, Brno<\/span><\/li>\n<li><span class=\"text_exposed_show\" style=\"color: #d1d1d1;\">15.01.2010 &#8211; Savoy Coffee, Brno<\/span><br \/>\n<hr \/>\n<\/li>\n<li><span class=\"text_exposed_show\" style=\"color: #d1d1d1;\">02.10.2009 &#8211; Spole\u010densk\u00fd d\u016fm, \u017d\u010f\u00e1rec (rodi\u0161t\u011b \u0159editele ZU\u0160)<\/span><\/li>\n<li><span class=\"text_exposed_show\" style=\"color: #d1d1d1;\">27.05.2009 &#8211; \u0160elepova no.1, Brno<\/span><\/li>\n<li><span class=\"text_exposed_show\" style=\"color: #d1d1d1;\">18.04.2009 &#8211; Evangelick\u00fd kostel, Karvin\u00e1<\/span><br \/>\n<hr \/>\n<\/li>\n<li><span class=\"text_exposed_show\" style=\"color: #d1d1d1;\">16.04.2008 &#8211; Galakoncert k v\u00fdro\u010d\u00ed zalo\u017een\u00ed ZU\u0160 Smetanova, Jan\u00e1\u010dkovo divadlo, Brno<\/span><\/li>\n<\/ul>\n","protected":false},"excerpt":{"rendered":"<p>P\u0159ipravujeme: kv\u011bten 2026 &#8211; koncert Robin Schenk a WraaDap Band, Brno Sly\u0161eli jste n\u00e1s: 04.11.2025 &#8211; Metro Music Bar, Brno 18.06.2025 &#8211; Bar Poslech, Brno 08.05.2025 &#8211; Humpolec nazapom\u00edn\u00e1, Humpolec 29.01.2025 &#8211; Metro Music Bar, Brno 13.09.2024 &#8211; Music Lab, Brno &#8211; zru\u0161eno 13.02.2024 &#8211; Metro Music Bar, Brno 23.11.2023 &#8211; Koncert &#8222;80&#8220; v CO.LABS <a class=\"more-link\" href=\"https:\/\/www.wraadapband.cz\/?page_id=11\">V\u00edce&#8230;<\/a><\/p>\n","protected":false},"author":2,"featured_media":230,"parent":0,"menu_order":0,"comment_status":"closed","ping_status":"closed","template":"","meta":{"footnotes":""},"class_list":["post-11","page","type-page","status-publish","has-post-thumbnail","hentry"],"_links":{"self":[{"href":"https:\/\/www.wraadapband.cz\/index.php?rest_route=\/wp\/v2\/pages\/11","targetHints":{"allow":["GET"]}}],"collection":[{"href":"https:\/\/www.wraadapband.cz\/index.php?rest_route=\/wp\/v2\/pages"}],"about":[{"href":"https:\/\/www.wraadapband.cz\/index.php?rest_route=\/wp\/v2\/types\/page"}],"author":[{"embeddable":true,"href":"https:\/\/www.wraadapband.cz\/index.php?rest_route=\/wp\/v2\/users\/2"}],"replies":[{"embeddable":true,"href":"https:\/\/www.wraadapband.cz\/index.php?rest_route=%2Fwp%2Fv2%2Fcomments&post=11"}],"version-history":[{"count":95,"href":"https:\/\/www.wraadapband.cz\/index.php?rest_route=\/wp\/v2\/pages\/11\/revisions"}],"predecessor-version":[{"id":3070,"href":"https:\/\/www.wraadapband.cz\/index.php?rest_route=\/wp\/v2\/pages\/11\/revisions\/3070"}],"wp:featuredmedia":[{"embeddable":true,"href":"https:\/\/www.wraadapband.cz\/index.php?rest_route=\/wp\/v2\/media\/230"}],"wp:attachment":[{"href":"https:\/\/www.wraadapband.cz\/index.php?rest_route=%2Fwp%2Fv2%2Fmedia&parent=11"}],"curies":[{"name":"wp","href":"https:\/\/api.w.org\/{rel}","templated":true}]}}